{"id":549,"date":"2026-04-28T08:15:44","date_gmt":"2026-04-28T08:15:44","guid":{"rendered":"https:\/\/coresparkbattery.com\/solar-led-streetlight-12v-40ah-photovoltaic-lithium-iron-phosphate-battery-deep-cycle-rechargeable-lithium-ion-batteries-pack\/"},"modified":"2026-04-28T11:53:16","modified_gmt":"2026-04-28T11:53:16","slug":"solar-led-streetlight-12v-40ah-photovoltaic-lithium-iron-phosphate-battery-deep-cycle-rechargeable-lithium-ion-batteries-pack","status":"publish","type":"product","link":"https:\/\/coresparkbattery.com\/es\/solar-led-streetlight-12v-40ah-photovoltaic-lithium-iron-phosphate-battery-deep-cycle-rechargeable-lithium-ion-batteries-pack\/","title":{"rendered":"Farola Solar LED 12V 40Ah Fotovoltaica Bater\u00eda de Litio Hierro Fosfato Ciclo Profundo Recargable Pack de Bater\u00edas de Ion Litio"},"content":{"rendered":"<p>Se trata de una bater\u00eda LiFePO4 de estado semis\u00f3lido fabricada por Liyue Battery en China. Presenta una alta seguridad, un ciclo de vida largo y un rendimiento estable para aplicaciones en m\u00faltiples escenarios.<br \/>\nLa bater\u00eda tiene una tensi\u00f3n nominal de 12,8 V y una capacidad nominal de 40 Ah, con una potencia m\u00e1xima de 512 W. Soporta corriente de carga\/descarga de 40A y protecci\u00f3n contra sobrecorriente de 90A. Equipada con un BMS integrado, proporciona una protecci\u00f3n completa que incluye sobrecarga, sobredescarga, sobrecorriente y cortocircuito.<br \/>\nOfrece 3000 ciclos de vida \u00fatil, un \u00edndice de autodescarga de &lt;3% al mes y puede funcionar con fiabilidad en un amplio rango de temperaturas, de -20\u2103 a 60\u2103. Con terminales de cerca, dimensiones compactas de 30019080mm y un peso ligero de 6kg, es f\u00e1cil de instalar y utilizar.<br \/>\nSe aceptan OEM y ODM. Esta bater\u00eda de ciclo profundo 12V es ampliamente utilizada en sistemas de almacenamiento de energ\u00eda solar, bicicletas el\u00e9ctricas \/ scooters, submarinos, sistemas de energ\u00eda el\u00e9ctrica, sillas de ruedas el\u00e9ctricas, sem\u00e1foros, farolas solares y puertas autom\u00e1ticas.<\/p>","protected":false},"excerpt":{"rendered":"<p>Paquete de bater\u00edas LiFePO4 para SAI de reserva, Paquete de bater\u00edas LiFePO4 para carretillas elevadoras el\u00e9ctricas, Paquete de bater\u00edas LiFePO4 para motocicletas el\u00e9ctricas, Paquete de bater\u00edas LiFePO4 de baja temperatura -20\u2103.<\/p>","protected":false},"featured_media":1104,"template":"","meta":{"_gspb_post_css":""},"product_brand":[],"product_cat":[494],"product_tag":[468,469,467,470],"class_list":{"0":"post-549","1":"product","2":"type-product","3":"status-publish","4":"has-post-thumbnail","6":"product_cat-12v-lifepo4-battery","7":"product_tag-lifepo4-battery-pack-for-electric-forklift","8":"product_tag-lifepo4-battery-pack-for-electric-motorcycle","9":"product_tag-lifepo4-battery-pack-for-ups-backup","10":"product_tag-low-temperature-lifepo4-battery-pack-20","12":"first","13":"instock","14":"featured","15":"shipping-taxable","16":"product-type-simple"},"_links":{"self":[{"href":"https:\/\/coresparkbattery.com\/es\/wp-json\/wp\/v2\/product\/549","targetHints":{"allow":["GET"]}}],"collection":[{"href":"https:\/\/coresparkbattery.com\/es\/wp-json\/wp\/v2\/product"}],"about":[{"href":"https:\/\/coresparkbattery.com\/es\/wp-json\/wp\/v2\/types\/product"}],"wp:featuredmedia":[{"embeddable":true,"href":"https:\/\/coresparkbattery.com\/es\/wp-json\/wp\/v2\/media\/1104"}],"wp:attachment":[{"href":"https:\/\/coresparkbattery.com\/es\/wp-json\/wp\/v2\/media?parent=549"}],"wp:term":[{"taxonomy":"product_brand","embeddable":true,"href":"https:\/\/coresparkbattery.com\/es\/wp-json\/wp\/v2\/product_brand?post=549"},{"taxonomy":"product_cat","embeddable":true,"href":"https:\/\/coresparkbattery.com\/es\/wp-json\/wp\/v2\/product_cat?post=549"},{"taxonomy":"product_tag","embeddable":true,"href":"https:\/\/coresparkbattery.com\/es\/wp-json\/wp\/v2\/product_tag?post=549"}],"curies":[{"name":"wp","href":"https:\/\/api.w.org\/{rel}","templated":true}]}}