{"id":548,"date":"2026-04-28T08:15:43","date_gmt":"2026-04-28T08:15:43","guid":{"rendered":"https:\/\/coresparkbattery.com\/custom-48v-72v-80v-96v-forklift-lithium-ion-battery-pack-industrial-electric-forklift-lifepo4-battery-for-warehouse\/"},"modified":"2026-04-28T11:52:19","modified_gmt":"2026-04-28T11:52:19","slug":"custom-48v-72v-80v-96v-forklift-lithium-ion-battery-pack-industrial-electric-forklift-lifepo4-battery-for-warehouse","status":"publish","type":"product","link":"https:\/\/coresparkbattery.com\/es\/custom-48v-72v-80v-96v-forklift-lithium-ion-battery-pack-industrial-electric-forklift-lifepo4-battery-for-warehouse\/","title":{"rendered":"Custom 48V 72V 80V 96V Carretilla elevadora de iones de litio Paquete de bater\u00edas de la carretilla elevadora el\u00e9ctrica industrial LiFePO4 bater\u00eda para el almac\u00e9n"},"content":{"rendered":"<p>Se trata de una bater\u00eda de litio LFP de tipo l\u00edquido fabricada por Liyue en China. Ofrece un rendimiento estable, una larga vida \u00fatil y una gran adaptabilidad para aplicaciones de uso intensivo.<br \/>\nLa bater\u00eda ofrece una tensi\u00f3n nominal de 48V, 72V, 80V, 96V y una capacidad de 400Ah, con una potencia m\u00e1xima de 32000W. Soporta una corriente de carga de 200A, una corriente de descarga continua de 300A y una protecci\u00f3n contra sobrecorriente de 600A. El m\u00e1ximo rendimiento est\u00e1 respaldado por un conector de alta potencia Rema 320A.<br \/>\nOfrece 3500 ciclos de carga y descarga, un \u00edndice de autodescarga de &lt;2% al mes y protecci\u00f3n IP66 contra el agua y el polvo. La bater\u00eda puede funcionar con fiabilidad en un amplio rango de temperaturas de -20\u2103 a 60\u2103.<br \/>\nCon unas dimensiones de 1008\u00d7701\u00d7416 mm y un peso de 360 kg, esta bater\u00eda es ideal para barcos, carritos de golf, sistemas de alimentaci\u00f3n el\u00e9ctrica, carretillas elevadoras el\u00e9ctricas, submarinos, veh\u00edculos el\u00e9ctricos, bicicletas el\u00e9ctricas y scooters.<\/p>","protected":false},"excerpt":{"rendered":"<p>Smart LiFePO4 bater\u00eda con APP, 5 a\u00f1os de garant\u00eda LiFePO4 bater\u00eda, LiFePO4 bater\u00eda para scooter el\u00e9ctrico, LiFePO4 bater\u00eda para avi\u00f3n el\u00e9ctrico<\/p>","protected":false},"featured_media":1099,"template":"","meta":{"_gspb_post_css":""},"product_brand":[],"product_cat":[491],"product_tag":[464,466,465,463],"class_list":{"0":"post-548","1":"product","2":"type-product","3":"status-publish","4":"has-post-thumbnail","6":"product_cat-forklift-battery-pack","7":"product_tag-5-years-warranty-lifepo4-battery","8":"product_tag-lifepo4-battery-pack-for-electric-plane","9":"product_tag-lifepo4-battery-pack-for-electric-scooter","10":"product_tag-smart-lifepo4-battery-pack-with-app","12":"first","13":"instock","14":"featured","15":"shipping-taxable","16":"product-type-simple"},"_links":{"self":[{"href":"https:\/\/coresparkbattery.com\/es\/wp-json\/wp\/v2\/product\/548","targetHints":{"allow":["GET"]}}],"collection":[{"href":"https:\/\/coresparkbattery.com\/es\/wp-json\/wp\/v2\/product"}],"about":[{"href":"https:\/\/coresparkbattery.com\/es\/wp-json\/wp\/v2\/types\/product"}],"wp:featuredmedia":[{"embeddable":true,"href":"https:\/\/coresparkbattery.com\/es\/wp-json\/wp\/v2\/media\/1099"}],"wp:attachment":[{"href":"https:\/\/coresparkbattery.com\/es\/wp-json\/wp\/v2\/media?parent=548"}],"wp:term":[{"taxonomy":"product_brand","embeddable":true,"href":"https:\/\/coresparkbattery.com\/es\/wp-json\/wp\/v2\/product_brand?post=548"},{"taxonomy":"product_cat","embeddable":true,"href":"https:\/\/coresparkbattery.com\/es\/wp-json\/wp\/v2\/product_cat?post=548"},{"taxonomy":"product_tag","embeddable":true,"href":"https:\/\/coresparkbattery.com\/es\/wp-json\/wp\/v2\/product_tag?post=548"}],"curies":[{"name":"wp","href":"https:\/\/api.w.org\/{rel}","templated":true}]}}