{"id":546,"date":"2026-04-28T08:15:43","date_gmt":"2026-04-28T08:15:43","guid":{"rendered":"https:\/\/coresparkbattery.com\/lfp-battery-48v-60v-72v-85ah-100ah-640ah-lifepo4-battery-for-golf-cart-forklift\/"},"modified":"2026-04-28T11:49:01","modified_gmt":"2026-04-28T11:49:01","slug":"lfp-battery-48v-60v-72v-85ah-100ah-640ah-lifepo4-battery-for-golf-cart-forklift","status":"publish","type":"product","link":"https:\/\/coresparkbattery.com\/es\/lfp-battery-48v-60v-72v-85ah-100ah-640ah-lifepo4-battery-for-golf-cart-forklift\/","title":{"rendered":"Lfp Bater\u00eda 48V 60V 72V 85Ah 100Ah 640Ah LiFePO4 Bater\u00eda para Carro de Golf Carretilla elevadora"},"content":{"rendered":"<p>Se trata de una bater\u00eda de litio LiFePO4 con tecnolog\u00eda avanzada de fosfato de hierro y litio, que ofrece una tensi\u00f3n nominal de 48 V y una capacidad energ\u00e9tica de 2016 Wh. Admite hasta 42 celdas y ofrece una larga vida \u00fatil de 4000 ciclos, lo que garantiza un rendimiento estable y duradero.<br \/>\nLa bater\u00eda funciona con fiabilidad en un amplio intervalo de temperaturas de -20\u2103 a 60\u2103, con un acabado plateado y unas dimensiones compactas de 380290175mm, con un peso de s\u00f3lo 20kg. Se fabrica en Shandong, China, bajo la marca Sirui (Jinan) Technology.<br \/>\nSe admite la personalizaci\u00f3n OEM y ODM. Esta bater\u00eda es ampliamente utilizado en barcos, carros de golf, submarinos, bicicletas el\u00e9ctricas \/ scooters, veh\u00edculos el\u00e9ctricos, sillas de ruedas el\u00e9ctricas y carretillas elevadoras el\u00e9ctricas.<\/p>","protected":false},"excerpt":{"rendered":"<p>Bater\u00eda LiFePO4 de alta capacidad 500Ah, Bater\u00eda LiFePO4 a granel, Bater\u00eda LiFePO4 para triciclo el\u00e9ctrico, Bater\u00eda LiFePO4 para tren el\u00e9ctrico<\/p>","protected":false},"featured_media":1089,"template":"","meta":{"_gspb_post_css":""},"product_brand":[],"product_cat":[489,488,491,15],"product_tag":[456,455,458,457],"class_list":{"0":"post-546","1":"product","2":"type-product","3":"status-publish","4":"has-post-thumbnail","6":"product_cat-48v-golf-cart-battery","7":"product_cat-76-8v-golf-cart-battery","8":"product_cat-forklift-battery-pack","9":"product_cat-golf-cart-battery","10":"product_tag-bulk-order-lifepo4-battery-pack","11":"product_tag-high-capacity-500ah-lifepo4-battery","12":"product_tag-lifepo4-battery-pack-for-electric-train","13":"product_tag-lifepo4-battery-pack-for-electric-tricycle","15":"first","16":"instock","17":"featured","18":"shipping-taxable","19":"product-type-simple"},"_links":{"self":[{"href":"https:\/\/coresparkbattery.com\/es\/wp-json\/wp\/v2\/product\/546","targetHints":{"allow":["GET"]}}],"collection":[{"href":"https:\/\/coresparkbattery.com\/es\/wp-json\/wp\/v2\/product"}],"about":[{"href":"https:\/\/coresparkbattery.com\/es\/wp-json\/wp\/v2\/types\/product"}],"wp:featuredmedia":[{"embeddable":true,"href":"https:\/\/coresparkbattery.com\/es\/wp-json\/wp\/v2\/media\/1089"}],"wp:attachment":[{"href":"https:\/\/coresparkbattery.com\/es\/wp-json\/wp\/v2\/media?parent=546"}],"wp:term":[{"taxonomy":"product_brand","embeddable":true,"href":"https:\/\/coresparkbattery.com\/es\/wp-json\/wp\/v2\/product_brand?post=546"},{"taxonomy":"product_cat","embeddable":true,"href":"https:\/\/coresparkbattery.com\/es\/wp-json\/wp\/v2\/product_cat?post=546"},{"taxonomy":"product_tag","embeddable":true,"href":"https:\/\/coresparkbattery.com\/es\/wp-json\/wp\/v2\/product_tag?post=546"}],"curies":[{"name":"wp","href":"https:\/\/api.w.org\/{rel}","templated":true}]}}