{"id":545,"date":"2026-04-28T08:15:43","date_gmt":"2026-04-28T08:15:43","guid":{"rendered":"https:\/\/coresparkbattery.com\/professional-electric-forklift-lithium-battery-supplier-customized-lifepo4-24v-36v-48v-60v-72v-80v-lithium-ion-battery-for-sale\/"},"modified":"2026-04-28T11:48:05","modified_gmt":"2026-04-28T11:48:05","slug":"professional-electric-forklift-lithium-battery-supplier-customized-lifepo4-24v-36v-48v-60v-72v-80v-lithium-ion-battery-for-sale","status":"publish","type":"product","link":"https:\/\/coresparkbattery.com\/es\/professional-electric-forklift-lithium-battery-supplier-customized-lifepo4-24v-36v-48v-60v-72v-80v-lithium-ion-battery-for-sale\/","title":{"rendered":"Profesional de la carretilla elevadora el\u00e9ctrica de litio del proveedor personalizado Lifepo4 24v 36v 48V 60V 72v 80v bater\u00eda de iones de litio para la venta"},"content":{"rendered":"<p>Nuestras bater\u00edas de litio para carretillas elevadoras se caracterizan por su alta eficiencia, larga vida \u00fatil, funcionamiento sin mantenimiento, respeto por el medio ambiente y excelentes prestaciones de seguridad. Dise\u00f1adas como sustituto directo de las tradicionales bater\u00edas de plomo-\u00e1cido, se han convertido en la soluci\u00f3n energ\u00e9tica preferida para las modernas industrias de log\u00edstica y almacenamiento.<\/p>","protected":false},"excerpt":{"rendered":"<p>Bater\u00eda LiFePO4 para temperaturas extremas, fabricante de bater\u00edas LiFePO4 de Guangdong, bater\u00eda LiFePO4 para coche tur\u00edstico, bater\u00eda LiFePO4 para cami\u00f3n el\u00e9ctrico<\/p>","protected":false},"featured_media":1084,"template":"","meta":{"_gspb_post_css":""},"product_brand":[],"product_cat":[491],"product_tag":[452,454,451,453],"class_list":{"0":"post-545","1":"product","2":"type-product","3":"status-publish","4":"has-post-thumbnail","6":"product_cat-forklift-battery-pack","7":"product_tag-guangdong-lifepo4-battery-manufacturer","8":"product_tag-lifepo4-battery-pack-for-electric-truck","9":"product_tag-lifepo4-battery-pack-for-extreme-temperature","10":"product_tag-lifepo4-battery-pack-for-sightseeing-car","12":"first","13":"instock","14":"featured","15":"shipping-taxable","16":"product-type-simple"},"_links":{"self":[{"href":"https:\/\/coresparkbattery.com\/es\/wp-json\/wp\/v2\/product\/545","targetHints":{"allow":["GET"]}}],"collection":[{"href":"https:\/\/coresparkbattery.com\/es\/wp-json\/wp\/v2\/product"}],"about":[{"href":"https:\/\/coresparkbattery.com\/es\/wp-json\/wp\/v2\/types\/product"}],"wp:featuredmedia":[{"embeddable":true,"href":"https:\/\/coresparkbattery.com\/es\/wp-json\/wp\/v2\/media\/1084"}],"wp:attachment":[{"href":"https:\/\/coresparkbattery.com\/es\/wp-json\/wp\/v2\/media?parent=545"}],"wp:term":[{"taxonomy":"product_brand","embeddable":true,"href":"https:\/\/coresparkbattery.com\/es\/wp-json\/wp\/v2\/product_brand?post=545"},{"taxonomy":"product_cat","embeddable":true,"href":"https:\/\/coresparkbattery.com\/es\/wp-json\/wp\/v2\/product_cat?post=545"},{"taxonomy":"product_tag","embeddable":true,"href":"https:\/\/coresparkbattery.com\/es\/wp-json\/wp\/v2\/product_tag?post=545"}],"curies":[{"name":"wp","href":"https:\/\/api.w.org\/{rel}","templated":true}]}}