{"id":544,"date":"2026-04-28T08:15:43","date_gmt":"2026-04-28T08:15:43","guid":{"rendered":"https:\/\/coresparkbattery.com\/48v-60v-72v-80v-volt-400ah-600ah-800ah-rechargeable-electric-charger-lithium-ion-prices-forklift-battery-batteries-for-forklift\/"},"modified":"2026-04-28T11:46:45","modified_gmt":"2026-04-28T11:46:45","slug":"48v-60v-72v-80v-volt-400ah-600ah-800ah-rechargeable-electric-charger-lithium-ion-prices-forklift-battery-batteries-for-forklift","status":"publish","type":"product","link":"https:\/\/coresparkbattery.com\/es\/48v-60v-72v-80v-volt-400ah-600ah-800ah-rechargeable-electric-charger-lithium-ion-prices-forklift-battery-batteries-for-forklift\/","title":{"rendered":"48v 60v 72v 80v Volt 400ah 600ah 800ah Cargador El\u00e9ctrico Recargable Ion de Litio Precios de las bater\u00edas para carretillas elevadoras Bater\u00edas para carretillas elevadoras"},"content":{"rendered":"<p>Tensi\u00f3n nominal: 51,2 V<br \/>\nCapacidad nominal: 100Ah<br \/>\nEnerg\u00eda nominal: 5120Wh<br \/>\nResistencia interna: \u226420m\u03a9<br \/>\nTensi\u00f3n de corte de descarga: 43,2 V<br \/>\nTensi\u00f3n de corte de carga: 57,6V\u00b10,2V<br \/>\nCorriente de carga est\u00e1ndar: 50 A (recomendada para una mayor vida \u00fatil)<br \/>\nCorriente de carga continua m\u00e1xima: 100 A<br \/>\nCorriente de descarga est\u00e1ndar: 50 A<br \/>\nCorriente m\u00e1xima de descarga continua: 100 A<br \/>\nVida \u00fatil: \u22654000 ciclos<br \/>\nMaterial de embalaje: Caja met\u00e1lica, RAL7024, IP67<br \/>\nPeso: 43\u00b10,2Kg<br \/>\nTama\u00f1o: (580\u00b12) * (420\u00b12) * (160\u00b12) mm<br \/>\nCable de alimentaci\u00f3n: Terminales de la bater\u00eda - M6<br \/>\nConector de alimentaci\u00f3n y comunicaci\u00f3n: WS16K3Z<br \/>\nFunciones de protecci\u00f3n: Protecci\u00f3n contra sobrecarga, protecci\u00f3n contra sobredescarga, ecualizaci\u00f3n de c\u00e9lulas, protecci\u00f3n contra cortocircuitos<br \/>\nTemperatura de trabajo:<br \/>\nDentro de 3 meses: -20\u2103 ~ +45\u2103<br \/>\nDentro de 6 meses: -10\u2103 ~ +35\u2103<br \/>\nCaracter\u00edsticas adicionales: Interruptor de alimentaci\u00f3n, CAN, comunicaci\u00f3n RS485<\/p>","protected":false},"excerpt":{"rendered":"<p>IP67 impermeable LiFePO4 bater\u00eda, China hizo LiFePO4 bater\u00eda, LiFePO4 bater\u00eda para carro el\u00e9ctrico, LiFePO4 bater\u00eda para autob\u00fas el\u00e9ctrico<\/p>","protected":false},"featured_media":1079,"template":"","meta":{"_gspb_post_css":""},"product_brand":[],"product_cat":[491],"product_tag":[448,447,450,449],"class_list":{"0":"post-544","1":"product","2":"type-product","3":"status-publish","4":"has-post-thumbnail","6":"product_cat-forklift-battery-pack","7":"product_tag-china-made-lifepo4-battery-pack","8":"product_tag-ip67-waterproof-lifepo4-battery-pack","9":"product_tag-lifepo4-battery-pack-for-electric-bus","10":"product_tag-lifepo4-battery-pack-for-electric-cart","12":"first","13":"instock","14":"featured","15":"shipping-taxable","16":"product-type-simple"},"_links":{"self":[{"href":"https:\/\/coresparkbattery.com\/es\/wp-json\/wp\/v2\/product\/544","targetHints":{"allow":["GET"]}}],"collection":[{"href":"https:\/\/coresparkbattery.com\/es\/wp-json\/wp\/v2\/product"}],"about":[{"href":"https:\/\/coresparkbattery.com\/es\/wp-json\/wp\/v2\/types\/product"}],"wp:featuredmedia":[{"embeddable":true,"href":"https:\/\/coresparkbattery.com\/es\/wp-json\/wp\/v2\/media\/1079"}],"wp:attachment":[{"href":"https:\/\/coresparkbattery.com\/es\/wp-json\/wp\/v2\/media?parent=544"}],"wp:term":[{"taxonomy":"product_brand","embeddable":true,"href":"https:\/\/coresparkbattery.com\/es\/wp-json\/wp\/v2\/product_brand?post=544"},{"taxonomy":"product_cat","embeddable":true,"href":"https:\/\/coresparkbattery.com\/es\/wp-json\/wp\/v2\/product_cat?post=544"},{"taxonomy":"product_tag","embeddable":true,"href":"https:\/\/coresparkbattery.com\/es\/wp-json\/wp\/v2\/product_tag?post=544"}],"curies":[{"name":"wp","href":"https:\/\/api.w.org\/{rel}","templated":true}]}}