{"id":543,"date":"2026-04-28T08:15:43","date_gmt":"2026-04-28T08:15:43","guid":{"rendered":"https:\/\/coresparkbattery.com\/60v-400ah-electric-forklift-lithium-battery-faster-charging-zero-maintenance-perfect-for-walkie-stackers-and-forklifts-for-sale\/"},"modified":"2026-04-28T11:45:27","modified_gmt":"2026-04-28T11:45:27","slug":"60v-400ah-electric-forklift-lithium-battery-faster-charging-zero-maintenance-perfect-for-walkie-stackers-and-forklifts-for-sale","status":"publish","type":"product","link":"https:\/\/coresparkbattery.com\/es\/60v-400ah-electric-forklift-lithium-battery-faster-charging-zero-maintenance-perfect-for-walkie-stackers-and-forklifts-for-sale\/","title":{"rendered":"Bater\u00eda de litio para carretillas elevadoras el\u00e9ctricas de 60V 400Ah Carga r\u00e1pida sin mantenimiento Perfecta para apiladores y carretillas elevadoras en venta"},"content":{"rendered":"<p>Nuestras bater\u00edas de litio para carretillas elevadoras son de alta eficiencia, larga vida \u00fatil, funcionamiento sin mantenimiento, respetuosas con el medio ambiente y seguras, y est\u00e1n dise\u00f1adas para sustituir a las bater\u00edas de plomo-\u00e1cido tradicionales y convertirse en la soluci\u00f3n energ\u00e9tica preferida para las industrias modernas de log\u00edstica y almacenamiento.<\/p>","protected":false},"excerpt":{"rendered":"<p>Paquete de bater\u00edas LiFePO4 con equilibrado activo, f\u00e1brica de bater\u00edas LiFePO4 con certificaci\u00f3n ISO, paquete de bater\u00edas LiFePO4 para m\u00e1quina de limpieza, paquete de bater\u00edas LiFePO4 para coche el\u00e9ctrico<\/p>","protected":false},"featured_media":1074,"template":"","meta":{"_gspb_post_css":""},"product_brand":[],"product_cat":[491],"product_tag":[444,445,446,443],"class_list":{"0":"post-543","1":"product","2":"type-product","3":"status-publish","4":"has-post-thumbnail","6":"product_cat-forklift-battery-pack","7":"product_tag-iso-certified-lifepo4-battery-factory","8":"product_tag-lifepo4-battery-pack-for-cleaning-machine","9":"product_tag-lifepo4-battery-pack-for-electric-car","10":"product_tag-lifepo4-battery-pack-with-active-balancing","12":"first","13":"instock","14":"featured","15":"shipping-taxable","16":"product-type-simple"},"_links":{"self":[{"href":"https:\/\/coresparkbattery.com\/es\/wp-json\/wp\/v2\/product\/543","targetHints":{"allow":["GET"]}}],"collection":[{"href":"https:\/\/coresparkbattery.com\/es\/wp-json\/wp\/v2\/product"}],"about":[{"href":"https:\/\/coresparkbattery.com\/es\/wp-json\/wp\/v2\/types\/product"}],"wp:featuredmedia":[{"embeddable":true,"href":"https:\/\/coresparkbattery.com\/es\/wp-json\/wp\/v2\/media\/1074"}],"wp:attachment":[{"href":"https:\/\/coresparkbattery.com\/es\/wp-json\/wp\/v2\/media?parent=543"}],"wp:term":[{"taxonomy":"product_brand","embeddable":true,"href":"https:\/\/coresparkbattery.com\/es\/wp-json\/wp\/v2\/product_brand?post=543"},{"taxonomy":"product_cat","embeddable":true,"href":"https:\/\/coresparkbattery.com\/es\/wp-json\/wp\/v2\/product_cat?post=543"},{"taxonomy":"product_tag","embeddable":true,"href":"https:\/\/coresparkbattery.com\/es\/wp-json\/wp\/v2\/product_tag?post=543"}],"curies":[{"name":"wp","href":"https:\/\/api.w.org\/{rel}","templated":true}]}}