{"id":538,"date":"2026-04-28T08:15:43","date_gmt":"2026-04-28T08:15:43","guid":{"rendered":"https:\/\/coresparkbattery.com\/lifepo4-48v-300ah-400ah-600ah-energy-storage-battery-300ah-400ah-600ah-heating-for-home-solar-energy-storage\/"},"modified":"2026-04-28T11:37:20","modified_gmt":"2026-04-28T11:37:20","slug":"lifepo4-48v-300ah-400ah-600ah-energy-storage-battery-300ah-400ah-600ah-heating-for-home-solar-energy-storage","status":"publish","type":"product","link":"https:\/\/coresparkbattery.com\/es\/lifepo4-48v-300ah-400ah-600ah-energy-storage-battery-300ah-400ah-600ah-heating-for-home-solar-energy-storage\/","title":{"rendered":"LiFePo4 48v 300ah 400ah 600ah Bater\u00eda de Almacenamiento de Energ\u00eda 300ah 400ah 600ah Calefacci\u00f3n para el Hogar Almacenamiento de Energ\u00eda Solar"},"content":{"rendered":"<p>Se trata de una bater\u00eda LiFePO4 de 48 V con un peso de 50 kg, disponible en capacidades de 300 Ah, 400 Ah y 600 Ah.<br \/>\nAdopta material de c\u00e1todo LiFePO4 de alta calidad y utiliza c\u00e9lulas premium de EVE, Gotion, LG y DJ.<br \/>\nCon una vida \u00fatil de m\u00e1s de 6000 ciclos, admite una corriente de carga recomendada de 300 A y una corriente de descarga recomendada de 300 A.<br \/>\nOfrece un amplio rango de temperaturas de funcionamiento: 0~60\u2103 para la carga y -20~60\u2103 para la descarga.<br \/>\nFabricado en Guangdong, China, OEM y ODM personalizaci\u00f3n son aceptables.<\/p>","protected":false},"excerpt":{"rendered":"<p>12V 100Ah LiFePO4 bater\u00eda, LiFePO4 bater\u00eda para RV solar, de ciclo profundo LiFePO4 bater\u00eda para fuera de la red, OEM industrial LiFePO4 bater\u00eda<\/p>","protected":false},"featured_media":1052,"template":"","meta":{"_gspb_post_css":""},"product_brand":[],"product_cat":[494],"product_tag":[420,427,426,428],"class_list":{"0":"post-538","1":"product","2":"type-product","3":"status-publish","4":"has-post-thumbnail","6":"product_cat-12v-lifepo4-battery","7":"product_tag-12v-100ah-lifepo4-battery-pack","8":"product_tag-deep-cycle-lifepo4-battery-for-off-grid","9":"product_tag-lifepo4-battery-pack-for-rv-solar","10":"product_tag-oem-industrial-lifepo4-battery-pack","12":"first","13":"instock","14":"featured","15":"shipping-taxable","16":"product-type-simple"},"_links":{"self":[{"href":"https:\/\/coresparkbattery.com\/es\/wp-json\/wp\/v2\/product\/538","targetHints":{"allow":["GET"]}}],"collection":[{"href":"https:\/\/coresparkbattery.com\/es\/wp-json\/wp\/v2\/product"}],"about":[{"href":"https:\/\/coresparkbattery.com\/es\/wp-json\/wp\/v2\/types\/product"}],"wp:featuredmedia":[{"embeddable":true,"href":"https:\/\/coresparkbattery.com\/es\/wp-json\/wp\/v2\/media\/1052"}],"wp:attachment":[{"href":"https:\/\/coresparkbattery.com\/es\/wp-json\/wp\/v2\/media?parent=538"}],"wp:term":[{"taxonomy":"product_brand","embeddable":true,"href":"https:\/\/coresparkbattery.com\/es\/wp-json\/wp\/v2\/product_brand?post=538"},{"taxonomy":"product_cat","embeddable":true,"href":"https:\/\/coresparkbattery.com\/es\/wp-json\/wp\/v2\/product_cat?post=538"},{"taxonomy":"product_tag","embeddable":true,"href":"https:\/\/coresparkbattery.com\/es\/wp-json\/wp\/v2\/product_tag?post=538"}],"curies":[{"name":"wp","href":"https:\/\/api.w.org\/{rel}","templated":true}]}}