{"id":536,"date":"2026-04-28T08:15:42","date_gmt":"2026-04-28T08:15:42","guid":{"rendered":"https:\/\/coresparkbattery.com\/oem-lifepo4-12v-24v-36v-48v-battery-100ah-200ah-300ah-auto-rechargeable-lithium-ion-batteries\/"},"modified":"2026-04-28T11:35:11","modified_gmt":"2026-04-28T11:35:11","slug":"oem-lifepo4-12v-24v-36v-48v-battery-100ah-200ah-300ah-auto-rechargeable-lithium-ion-batteries","status":"publish","type":"product","link":"https:\/\/coresparkbattery.com\/es\/oem-lifepo4-12v-24v-36v-48v-battery-100ah-200ah-300ah-auto-rechargeable-lithium-ion-batteries\/","title":{"rendered":"OEM Lifepo4 12v 24v 36v 48v Bater\u00eda 100ah 200ah 300Ah Auto Recargable Bater\u00edas de Ion Litio"},"content":{"rendered":"<p>Se trata de una bater\u00eda LiFePO4 de 12V y 314Ah con una tensi\u00f3n nominal de 12,8V y una capacidad de 314Ah, que proporciona una salida de energ\u00eda de 4,01KWh.<br \/>\nTiene una tensi\u00f3n de carga de 14,4 V y una tensi\u00f3n de corte de descarga de 10,8 V, con pilas LFP de calidad A y protecci\u00f3n BMS integrada.<br \/>\nSe aceptan servicios OEM y ODM, y el producto tiene 12 meses de garant\u00eda.<\/p>","protected":false},"excerpt":{"rendered":"<p>Bater\u00eda LiFePO4 12V 100Ah, bater\u00eda LiFePO4 24V 200Ah, bater\u00eda LiFePO4 48V 100Ah, bater\u00eda LiFePO4 72V 100Ah<\/p>","protected":false},"featured_media":1044,"template":"","meta":{"_gspb_post_css":""},"product_brand":[],"product_cat":[494,499],"product_tag":[420,421,422,423],"class_list":{"0":"post-536","1":"product","2":"type-product","3":"status-publish","4":"has-post-thumbnail","6":"product_cat-12v-lifepo4-battery","7":"product_cat-24v-lifepo4-battery","8":"product_tag-12v-100ah-lifepo4-battery-pack","9":"product_tag-24v-200ah-lifepo4-battery-pack","10":"product_tag-48v-100ah-lifepo4-battery-pack","11":"product_tag-72v-100ah-lifepo4-battery-pack","13":"first","14":"instock","15":"featured","16":"shipping-taxable","17":"product-type-simple"},"_links":{"self":[{"href":"https:\/\/coresparkbattery.com\/es\/wp-json\/wp\/v2\/product\/536","targetHints":{"allow":["GET"]}}],"collection":[{"href":"https:\/\/coresparkbattery.com\/es\/wp-json\/wp\/v2\/product"}],"about":[{"href":"https:\/\/coresparkbattery.com\/es\/wp-json\/wp\/v2\/types\/product"}],"wp:featuredmedia":[{"embeddable":true,"href":"https:\/\/coresparkbattery.com\/es\/wp-json\/wp\/v2\/media\/1044"}],"wp:attachment":[{"href":"https:\/\/coresparkbattery.com\/es\/wp-json\/wp\/v2\/media?parent=536"}],"wp:term":[{"taxonomy":"product_brand","embeddable":true,"href":"https:\/\/coresparkbattery.com\/es\/wp-json\/wp\/v2\/product_brand?post=536"},{"taxonomy":"product_cat","embeddable":true,"href":"https:\/\/coresparkbattery.com\/es\/wp-json\/wp\/v2\/product_cat?post=536"},{"taxonomy":"product_tag","embeddable":true,"href":"https:\/\/coresparkbattery.com\/es\/wp-json\/wp\/v2\/product_tag?post=536"}],"curies":[{"name":"wp","href":"https:\/\/api.w.org\/{rel}","templated":true}]}}