{"id":533,"date":"2026-04-28T08:15:42","date_gmt":"2026-04-28T08:15:42","guid":{"rendered":"https:\/\/coresparkbattery.com\/4000-cycles-48v-51-2v-76-8v-golf-cart-solid-state-battery-wholesale-lifepo4-lfp-built-in-smart-bms-ip54-waterproof-12-month\/"},"modified":"2026-04-28T11:31:15","modified_gmt":"2026-04-28T11:31:15","slug":"4000-cycles-48v-51-2v-76-8v-golf-cart-solid-state-battery-wholesale-lifepo4-lfp-built-in-smart-bms-ip54-waterproof-12-month","status":"publish","type":"product","link":"https:\/\/coresparkbattery.com\/es\/4000-cycles-48v-51-2v-76-8v-golf-cart-solid-state-battery-wholesale-lifepo4-lfp-built-in-smart-bms-ip54-waterproof-12-month\/","title":{"rendered":"4000+ Ciclos 48V\/51.2V\/76.8V Golf Cart Solid State Bater\u00eda al por mayor LiFePO4 LFP Built-in Smart BMS IP54 Resistente al agua 12 meses"},"content":{"rendered":"<p>Se trata de una bater\u00eda de litio personalizada disponible en voltajes de 48 V, 51,2 V y 76,8 V, con capacidad totalmente personalizable para satisfacer diferentes necesidades.<br \/>\nEst\u00e1 equipada con c\u00e9lulas prism\u00e1ticas LiFePO4 de grado A y dispone de protecci\u00f3n IP54 contra el agua.<br \/>\nEl pack de bater\u00edas admite funciones de protecci\u00f3n completas, como protecci\u00f3n contra sobretensi\u00f3n, equilibrado de celdas, protecci\u00f3n contra cortocircuitos y protecci\u00f3n contra sobrecorriente.<br \/>\nSe aceptan servicios OEM y ODM, y el producto est\u00e1 respaldado por una garant\u00eda de 12 meses.<\/p>","protected":false},"excerpt":{"rendered":"<p>Bater\u00eda LiFePO4 OEM, Bater\u00eda LiFePO4 ODM, Bater\u00eda LiFePO4 a medida, Bater\u00eda LiFePO4 de voltaje personalizado<\/p>","protected":false},"featured_media":1031,"template":"","meta":{"_gspb_post_css":""},"product_brand":[],"product_cat":[489,487,488,15],"product_tag":[419,418,417,416],"class_list":{"0":"post-533","1":"product","2":"type-product","3":"status-publish","4":"has-post-thumbnail","6":"product_cat-48v-golf-cart-battery","7":"product_cat-51-2v-golf-cart-battery","8":"product_cat-76-8v-golf-cart-battery","9":"product_cat-golf-cart-battery","10":"product_tag-custom-voltage-lifepo4-battery","11":"product_tag-customized-lifepo4-battery-pack","12":"product_tag-odm-lifepo4-battery-pack","13":"product_tag-oem-lifepo4-battery-pack","15":"first","16":"instock","17":"featured","18":"shipping-taxable","19":"product-type-simple"},"_links":{"self":[{"href":"https:\/\/coresparkbattery.com\/es\/wp-json\/wp\/v2\/product\/533","targetHints":{"allow":["GET"]}}],"collection":[{"href":"https:\/\/coresparkbattery.com\/es\/wp-json\/wp\/v2\/product"}],"about":[{"href":"https:\/\/coresparkbattery.com\/es\/wp-json\/wp\/v2\/types\/product"}],"wp:featuredmedia":[{"embeddable":true,"href":"https:\/\/coresparkbattery.com\/es\/wp-json\/wp\/v2\/media\/1031"}],"wp:attachment":[{"href":"https:\/\/coresparkbattery.com\/es\/wp-json\/wp\/v2\/media?parent=533"}],"wp:term":[{"taxonomy":"product_brand","embeddable":true,"href":"https:\/\/coresparkbattery.com\/es\/wp-json\/wp\/v2\/product_brand?post=533"},{"taxonomy":"product_cat","embeddable":true,"href":"https:\/\/coresparkbattery.com\/es\/wp-json\/wp\/v2\/product_cat?post=533"},{"taxonomy":"product_tag","embeddable":true,"href":"https:\/\/coresparkbattery.com\/es\/wp-json\/wp\/v2\/product_tag?post=533"}],"curies":[{"name":"wp","href":"https:\/\/api.w.org\/{rel}","templated":true}]}}