{"id":532,"date":"2026-04-28T08:15:42","date_gmt":"2026-04-28T08:15:42","guid":{"rendered":"https:\/\/coresparkbattery.com\/industrial-48v-100ah-150ah-200ah-280ah-ip54-waterproof-oem-odm-lifepo4-battery-for-electric-forklift-lithium-battery\/"},"modified":"2026-04-28T11:29:49","modified_gmt":"2026-04-28T11:29:49","slug":"industrial-48v-100ah-150ah-200ah-280ah-ip54-waterproof-oem-odm-lifepo4-battery-for-electric-forklift-lithium-battery","status":"publish","type":"product","link":"https:\/\/coresparkbattery.com\/es\/industrial-48v-100ah-150ah-200ah-280ah-ip54-waterproof-oem-odm-lifepo4-battery-for-electric-forklift-lithium-battery\/","title":{"rendered":"Industrial 48V 100Ah 150Ah 200Ah 280Ah IP54 Impermeable OEM ODM LiFePO4 Bater\u00eda para Carretilla El\u00e9ctrica Bater\u00eda de Litio"},"content":{"rendered":"<p>Se trata de una bater\u00eda LiFePO4 de estado s\u00f3lido con una tensi\u00f3n nominal de 48V, disponible en capacidades de 100Ah, 150Ah, 200Ah y 280Ah.<br \/>\nTiene un peso est\u00e1ndar de 139KG mientras que el peso modificado para requisitos particulares es tambi\u00e9n aceptable, y la dimensi\u00f3n total es 975mm780mm625mm.<br \/>\nLa bater\u00eda tiene una vida \u00fatil de m\u00e1s de 5.000 ciclos y es recargable.<br \/>\nAdmite un rango de temperatura de carga de 0~60\u2103 y de descarga de -20~60\u2103.<br \/>\nProducidas con la fiable qu\u00edmica de las c\u00e9lulas LiFePO4, los servicios OEM y ODM son aceptables para satisfacer los diferentes requisitos de los clientes.<\/p>","protected":false},"excerpt":{"rendered":"<p>Bater\u00eda LiFePO4 ecol\u00f3gica, Bater\u00eda LiFePO4 ligera, Bater\u00eda LiFePO4 compacta, Bater\u00eda LiFePO4 de alta densidad energ\u00e9tica<\/p>","protected":false},"featured_media":1026,"template":"","meta":{"_gspb_post_css":""},"product_brand":[],"product_cat":[491],"product_tag":[414,412,415,413],"class_list":{"0":"post-532","1":"product","2":"type-product","3":"status-publish","4":"has-post-thumbnail","6":"product_cat-forklift-battery-pack","7":"product_tag-compact-lifepo4-battery-pack","8":"product_tag-eco-friendly-lifepo4-battery","9":"product_tag-high-energy-density-lifepo4-battery","10":"product_tag-light-weight-lifepo4-battery-pack","12":"first","13":"instock","14":"featured","15":"shipping-taxable","16":"product-type-simple"},"_links":{"self":[{"href":"https:\/\/coresparkbattery.com\/es\/wp-json\/wp\/v2\/product\/532","targetHints":{"allow":["GET"]}}],"collection":[{"href":"https:\/\/coresparkbattery.com\/es\/wp-json\/wp\/v2\/product"}],"about":[{"href":"https:\/\/coresparkbattery.com\/es\/wp-json\/wp\/v2\/types\/product"}],"wp:featuredmedia":[{"embeddable":true,"href":"https:\/\/coresparkbattery.com\/es\/wp-json\/wp\/v2\/media\/1026"}],"wp:attachment":[{"href":"https:\/\/coresparkbattery.com\/es\/wp-json\/wp\/v2\/media?parent=532"}],"wp:term":[{"taxonomy":"product_brand","embeddable":true,"href":"https:\/\/coresparkbattery.com\/es\/wp-json\/wp\/v2\/product_brand?post=532"},{"taxonomy":"product_cat","embeddable":true,"href":"https:\/\/coresparkbattery.com\/es\/wp-json\/wp\/v2\/product_cat?post=532"},{"taxonomy":"product_tag","embeddable":true,"href":"https:\/\/coresparkbattery.com\/es\/wp-json\/wp\/v2\/product_tag?post=532"}],"curies":[{"name":"wp","href":"https:\/\/api.w.org\/{rel}","templated":true}]}}