{"id":531,"date":"2026-04-28T08:15:42","date_gmt":"2026-04-28T08:15:42","guid":{"rendered":"https:\/\/coresparkbattery.com\/24v-12ah-18ah-electric-wheelchair-lithium-battery-pack-for-elderly-leisure-scooter-car-boats-deep-cycle\/"},"modified":"2026-04-28T11:25:55","modified_gmt":"2026-04-28T11:25:55","slug":"24v-12ah-18ah-electric-wheelchair-lithium-battery-pack-for-elderly-leisure-scooter-car-boats-deep-cycle","status":"publish","type":"product","link":"https:\/\/coresparkbattery.com\/es\/24v-12ah-18ah-electric-wheelchair-lithium-battery-pack-for-elderly-leisure-scooter-car-boats-deep-cycle\/","title":{"rendered":"24V 12Ah\/18Ah Silla de Ruedas El\u00e9ctrica Bater\u00eda de Litio para Ancianos Ocio Scooter Coche y Barcos Ciclo Profundo"},"content":{"rendered":"<p>Se trata de una bater\u00eda LiFePO4 de 24V disponible en capacidades de 12Ah y 18Ah, que utiliza celdas de alta calidad de EVE, Gotion, LG y DJ con material de c\u00e1todo LiFePO4.<br \/>\nOfrece m\u00e1s de 6000 ciclos, con una corriente de carga recomendada de 10 A y una corriente de descarga de 20 A.<br \/>\nLa temperatura de funcionamiento oscila entre 0~60\u2103 para la carga y -20~60\u2103 para la descarga.<br \/>\nProducido en Guangdong, China, OEM y ODM personalizaci\u00f3n son aceptables.<\/p>","protected":false},"excerpt":{"rendered":"<p>Bater\u00eda LiFePO4 de ciclo profundo, Bater\u00eda sin mantenimiento, Bater\u00eda LiFePO4 segura, Bater\u00eda LiFePO4 no t\u00f3xica<\/p>","protected":false},"featured_media":1021,"template":"","meta":{"_gspb_post_css":""},"product_brand":[],"product_cat":[499],"product_tag":[408,409,411,410],"class_list":{"0":"post-531","1":"product","2":"type-product","3":"status-publish","4":"has-post-thumbnail","6":"product_cat-24v-lifepo4-battery","7":"product_tag-deep-cycle-lifepo4-battery","8":"product_tag-maintenance-free-battery","9":"product_tag-non-toxic-lifepo4-battery","10":"product_tag-safe-lifepo4-battery-pack","12":"first","13":"instock","14":"featured","15":"shipping-taxable","16":"product-type-simple"},"_links":{"self":[{"href":"https:\/\/coresparkbattery.com\/es\/wp-json\/wp\/v2\/product\/531","targetHints":{"allow":["GET"]}}],"collection":[{"href":"https:\/\/coresparkbattery.com\/es\/wp-json\/wp\/v2\/product"}],"about":[{"href":"https:\/\/coresparkbattery.com\/es\/wp-json\/wp\/v2\/types\/product"}],"wp:featuredmedia":[{"embeddable":true,"href":"https:\/\/coresparkbattery.com\/es\/wp-json\/wp\/v2\/media\/1021"}],"wp:attachment":[{"href":"https:\/\/coresparkbattery.com\/es\/wp-json\/wp\/v2\/media?parent=531"}],"wp:term":[{"taxonomy":"product_brand","embeddable":true,"href":"https:\/\/coresparkbattery.com\/es\/wp-json\/wp\/v2\/product_brand?post=531"},{"taxonomy":"product_cat","embeddable":true,"href":"https:\/\/coresparkbattery.com\/es\/wp-json\/wp\/v2\/product_cat?post=531"},{"taxonomy":"product_tag","embeddable":true,"href":"https:\/\/coresparkbattery.com\/es\/wp-json\/wp\/v2\/product_tag?post=531"}],"curies":[{"name":"wp","href":"https:\/\/api.w.org\/{rel}","templated":true}]}}