{"id":530,"date":"2026-04-28T08:15:42","date_gmt":"2026-04-28T08:15:42","guid":{"rendered":"https:\/\/coresparkbattery.com\/wholesale-customized-12v-300ah-solar-energy-rechargeable-storage-battery-lithium-ion-lifepo4-battery-pack-with-bms\/"},"modified":"2026-04-28T11:24:47","modified_gmt":"2026-04-28T11:24:47","slug":"wholesale-customized-12v-300ah-solar-energy-rechargeable-storage-battery-lithium-ion-lifepo4-battery-pack-with-bms","status":"publish","type":"product","link":"https:\/\/coresparkbattery.com\/es\/wholesale-customized-12v-300ah-solar-energy-rechargeable-storage-battery-lithium-ion-lifepo4-battery-pack-with-bms\/","title":{"rendered":"Venta al por mayor personalizado 12V 300Ah energ\u00eda solar recargable bater\u00eda de almacenamiento de iones de litio LiFePO4 bater\u00eda con BMS"},"content":{"rendered":"<p>Esta bater\u00eda de fosfato de hierro y litio (LiFePO4) tiene una tensi\u00f3n de 12,8 V, una capacidad de 300 Ah y una energ\u00eda de 3.840 Wh, con un peso de 28 kg.<br \/>\nAdmite una corriente de carga m\u00e1xima de 300 A y una corriente de descarga m\u00e1xima de 300 A, con una tensi\u00f3n de corte de descarga de 10 V.<br \/>\nEl terminal es M8 (personalizable).<br \/>\nSe admiten servicios OEM y ODM, y el producto tiene 2 a\u00f1os de garant\u00eda.<\/p>\n<p>Bater\u00eda LiFePO4 12,8V 300Ah:<br \/>\n* Soporte Bluetooth APP, personalizaci\u00f3n APP<br \/>\n* Soporta 4 series 4conexi\u00f3n en paralelo para su uso<br \/>\n* Compatible con sistemas Android e iOS<br \/>\n* Mismo tama\u00f1o, con m\u00e1s potencia interior<br \/>\n* Hasta 6000 ciclos de vida y excelente econom\u00eda<\/p>","protected":false},"excerpt":{"rendered":"<p>Bater\u00eda LiFePO4 para equipos m\u00e9dicos, Bater\u00eda LiFePO4 para telecomunicaciones, Bater\u00eda LiFePO4 recargable, Bater\u00eda LiFePO4 de iones de litio<\/p>","protected":false},"featured_media":1016,"template":"","meta":{"_gspb_post_css":""},"product_brand":[],"product_cat":[494],"product_tag":[407,404,406,405],"class_list":{"0":"post-530","1":"product","2":"type-product","3":"status-publish","4":"has-post-thumbnail","6":"product_cat-12v-lifepo4-battery","7":"product_tag-lithium-ion-lifepo4-battery-pack","8":"product_tag-medical-equipment-lifepo4-battery","9":"product_tag-rechargeable-lifepo4-battery-pack","10":"product_tag-telecom-lifepo4-battery-pack","12":"first","13":"instock","14":"featured","15":"shipping-taxable","16":"product-type-simple"},"_links":{"self":[{"href":"https:\/\/coresparkbattery.com\/es\/wp-json\/wp\/v2\/product\/530","targetHints":{"allow":["GET"]}}],"collection":[{"href":"https:\/\/coresparkbattery.com\/es\/wp-json\/wp\/v2\/product"}],"about":[{"href":"https:\/\/coresparkbattery.com\/es\/wp-json\/wp\/v2\/types\/product"}],"wp:featuredmedia":[{"embeddable":true,"href":"https:\/\/coresparkbattery.com\/es\/wp-json\/wp\/v2\/media\/1016"}],"wp:attachment":[{"href":"https:\/\/coresparkbattery.com\/es\/wp-json\/wp\/v2\/media?parent=530"}],"wp:term":[{"taxonomy":"product_brand","embeddable":true,"href":"https:\/\/coresparkbattery.com\/es\/wp-json\/wp\/v2\/product_brand?post=530"},{"taxonomy":"product_cat","embeddable":true,"href":"https:\/\/coresparkbattery.com\/es\/wp-json\/wp\/v2\/product_cat?post=530"},{"taxonomy":"product_tag","embeddable":true,"href":"https:\/\/coresparkbattery.com\/es\/wp-json\/wp\/v2\/product_tag?post=530"}],"curies":[{"name":"wp","href":"https:\/\/api.w.org\/{rel}","templated":true}]}}