{"id":528,"date":"2026-04-28T08:15:42","date_gmt":"2026-04-28T08:15:42","guid":{"rendered":"https:\/\/coresparkbattery.com\/high-power-24v-lifepo4-pack-24v-200ah-batterie-200ah-280ah-300ah-for-solar-system-power-battery-lithium-ion-battery\/"},"modified":"2026-04-28T11:22:21","modified_gmt":"2026-04-28T11:22:21","slug":"high-power-24v-lifepo4-pack-24v-200ah-batterie-200ah-280ah-300ah-for-solar-system-power-battery-lithium-ion-battery","status":"publish","type":"product","link":"https:\/\/coresparkbattery.com\/es\/high-power-24v-lifepo4-pack-24v-200ah-batterie-200ah-280ah-300ah-for-solar-system-power-battery-lithium-ion-battery\/","title":{"rendered":"High Power 24V Lifepo4 Pack 24V 200Ah Batterie 200Ah 280Ah 300Ah for Solar System Power Battery Lithium Ion Battery"},"content":{"rendered":"<p>Se trata de un pack de bater\u00edas LiFePO4 de 24V disponible en capacidades de 200Ah, 280Ah y 300Ah.<br \/>\nAdopta LiFePO4 de alta calidad como material cat\u00f3dico y utiliza celdas de bater\u00eda de primera calidad de marcas como EVE, Gotion, LG y DJ.<br \/>\nCon una vida \u00fatil de m\u00e1s de 6000 ciclos, admite una corriente de carga recomendada de 50 A y una corriente de descarga recomendada de 150 A.<br \/>\nOfrece un amplio rango de temperaturas de funcionamiento: 0~60\u2103 para la carga y -20~60\u2103 para la descarga.<br \/>\nProducida en Guangdong, China, esta bater\u00eda acepta totalmente la personalizaci\u00f3n OEM y ODM para satisfacer los requisitos de diferentes aplicaciones.<\/p>","protected":false},"excerpt":{"rendered":"<p>Paquete de bater\u00edas LiFePO4 de larga duraci\u00f3n, Paquete de bater\u00edas LiFePO4 de 5000 ciclos, Paquete de bater\u00edas LiFePO4 de 6000 ciclos, Paquete de bater\u00edas LiFePO4 de alta descarga<\/p>","protected":false},"featured_media":1006,"template":"","meta":{"_gspb_post_css":""},"product_brand":[],"product_cat":[499],"product_tag":[397,398,399,396],"class_list":{"0":"post-528","1":"product","2":"type-product","3":"status-publish","4":"has-post-thumbnail","6":"product_cat-24v-lifepo4-battery","7":"product_tag-5000-cycles-lifepo4-battery-pack","8":"product_tag-6000-cycles-lifepo4-battery-pack","9":"product_tag-high-discharge-lifepo4-battery-pack","10":"product_tag-long-cycle-life-lifepo4-battery-pack","12":"first","13":"instock","14":"featured","15":"shipping-taxable","16":"product-type-simple"},"_links":{"self":[{"href":"https:\/\/coresparkbattery.com\/es\/wp-json\/wp\/v2\/product\/528","targetHints":{"allow":["GET"]}}],"collection":[{"href":"https:\/\/coresparkbattery.com\/es\/wp-json\/wp\/v2\/product"}],"about":[{"href":"https:\/\/coresparkbattery.com\/es\/wp-json\/wp\/v2\/types\/product"}],"wp:featuredmedia":[{"embeddable":true,"href":"https:\/\/coresparkbattery.com\/es\/wp-json\/wp\/v2\/media\/1006"}],"wp:attachment":[{"href":"https:\/\/coresparkbattery.com\/es\/wp-json\/wp\/v2\/media?parent=528"}],"wp:term":[{"taxonomy":"product_brand","embeddable":true,"href":"https:\/\/coresparkbattery.com\/es\/wp-json\/wp\/v2\/product_brand?post=528"},{"taxonomy":"product_cat","embeddable":true,"href":"https:\/\/coresparkbattery.com\/es\/wp-json\/wp\/v2\/product_cat?post=528"},{"taxonomy":"product_tag","embeddable":true,"href":"https:\/\/coresparkbattery.com\/es\/wp-json\/wp\/v2\/product_tag?post=528"}],"curies":[{"name":"wp","href":"https:\/\/api.w.org\/{rel}","templated":true}]}}