{"id":527,"date":"2026-04-28T08:15:42","date_gmt":"2026-04-28T08:15:42","guid":{"rendered":"https:\/\/coresparkbattery.com\/oem-golf-cart-lithium-battery-36v-105ah-lifepo4-battery-large-power-built-in-200a-smart-bt-bms-with-20a-waterproof-charger\/"},"modified":"2026-04-28T11:19:18","modified_gmt":"2026-04-28T11:19:18","slug":"oem-golf-cart-lithium-battery-36v-105ah-lifepo4-battery-large-power-built-in-200a-smart-bt-bms-with-20a-waterproof-charger","status":"publish","type":"product","link":"https:\/\/coresparkbattery.com\/es\/oem-golf-cart-lithium-battery-36v-105ah-lifepo4-battery-large-power-built-in-200a-smart-bt-bms-with-20a-waterproof-charger\/","title":{"rendered":"OEM Golf Cart Bater\u00eda de litio 36V 105Ah LiFePO4 Bater\u00eda de gran potencia incorporada 200A Smart BT BMS con cargador impermeable 20A"},"content":{"rendered":"<p>Este es un LiFePO4 Golf Cart Battery Pack con un voltaje nominal de 36V y una capacidad nominal de 105Ah, la entrega de una energ\u00eda de 3780Wh y un peso de 40KG.<br \/>\nUtiliza c\u00e9lulas prism\u00e1ticas LiFePO4 de grado A y admite una corriente de descarga de hasta 200 A.<br \/>\nLa bater\u00eda est\u00e1 equipada con funciones de comunicaci\u00f3n CAN, RS485 y Bluetooth, y dispone de monitorizaci\u00f3n Bluetooth APP, pantalla LCD y un cargador impermeable de 20 A.<br \/>\nSe aplica ampliamente en carros de golf, embarcaciones marinas, yates, veh\u00edculos recreativos y otros escenarios, y se aceptan servicios OEM y ODM.<\/p>","protected":false},"excerpt":{"rendered":"<p>Paquete de bater\u00edas LiFePO4 de 25,6 V, Paquete de bater\u00edas LiFePO4 de 12,8 V, Paquete de bater\u00edas LiFePO4 de 76,8 V, Paquete de bater\u00edas LiFePO4 multitensi\u00f3n<\/p>","protected":false},"featured_media":1001,"template":"","meta":{"_gspb_post_css":""},"product_brand":[],"product_cat":[490,15],"product_tag":[393,392,394,395],"class_list":{"0":"post-527","1":"product","2":"type-product","3":"status-publish","4":"has-post-thumbnail","6":"product_cat-25-6v-golf-cart-battery","7":"product_cat-golf-cart-battery","8":"product_tag-12-8v-lifepo4-battery-pack","9":"product_tag-25-6v-lifepo4-battery-pack","10":"product_tag-76-8v-lifepo4-battery-pack","11":"product_tag-multi-voltage-lifepo4-battery-pack","13":"first","14":"instock","15":"featured","16":"shipping-taxable","17":"product-type-simple"},"_links":{"self":[{"href":"https:\/\/coresparkbattery.com\/es\/wp-json\/wp\/v2\/product\/527","targetHints":{"allow":["GET"]}}],"collection":[{"href":"https:\/\/coresparkbattery.com\/es\/wp-json\/wp\/v2\/product"}],"about":[{"href":"https:\/\/coresparkbattery.com\/es\/wp-json\/wp\/v2\/types\/product"}],"wp:featuredmedia":[{"embeddable":true,"href":"https:\/\/coresparkbattery.com\/es\/wp-json\/wp\/v2\/media\/1001"}],"wp:attachment":[{"href":"https:\/\/coresparkbattery.com\/es\/wp-json\/wp\/v2\/media?parent=527"}],"wp:term":[{"taxonomy":"product_brand","embeddable":true,"href":"https:\/\/coresparkbattery.com\/es\/wp-json\/wp\/v2\/product_brand?post=527"},{"taxonomy":"product_cat","embeddable":true,"href":"https:\/\/coresparkbattery.com\/es\/wp-json\/wp\/v2\/product_cat?post=527"},{"taxonomy":"product_tag","embeddable":true,"href":"https:\/\/coresparkbattery.com\/es\/wp-json\/wp\/v2\/product_tag?post=527"}],"curies":[{"name":"wp","href":"https:\/\/api.w.org\/{rel}","templated":true}]}}