{"id":526,"date":"2026-04-28T08:15:42","date_gmt":"2026-04-28T08:15:42","guid":{"rendered":"https:\/\/coresparkbattery.com\/12v-24v-36v-forklift-lithium-battery-48v-rechargeable-lifepo4-200ah-300ah-battery-for-warehouse-logistics-truck-forklift-battery\/"},"modified":"2026-04-28T11:17:57","modified_gmt":"2026-04-28T11:17:57","slug":"12v-24v-36v-forklift-lithium-battery-48v-rechargeable-lifepo4-200ah-300ah-battery-for-warehouse-logistics-truck-forklift-battery","status":"publish","type":"product","link":"https:\/\/coresparkbattery.com\/es\/12v-24v-36v-forklift-lithium-battery-48v-rechargeable-lifepo4-200ah-300ah-battery-for-warehouse-logistics-truck-forklift-battery\/","title":{"rendered":"12V 24V 36V Carretilla elevadora de litio Bater\u00eda 48V recargable LiFePO4 200AH 300AH Bater\u00eda para almac\u00e9n Log\u00edstica Cami\u00f3n Carretilla elevadora Bater\u00eda"},"content":{"rendered":"<p>Se trata de una bater\u00eda LiFePO4 para carretillas elevadoras el\u00e9ctricas con una tensi\u00f3n nominal de 48V y una capacidad nominal de 300Ah, que proporciona una salida de energ\u00eda de 14400Wh y pesa 60KG.<br \/>\nAdopta c\u00e9lulas prism\u00e1ticas LiFePO4 de grado A y soporta una corriente de descarga de 300 A.<br \/>\nEquipado con interfaces de comunicaci\u00f3n como CAN, RS485 y Bluetooth, se caracteriza por su carga r\u00e1pida, dise\u00f1o ligero y larga vida \u00fatil.<br \/>\nEsta bater\u00eda se utiliza ampliamente en carretillas elevadoras el\u00e9ctricas, transpaletas, carretillas retr\u00e1ctiles y apiladores de paletas, y se aceptan servicios OEM y ODM.<\/p>","protected":false},"excerpt":{"rendered":"<p>Bater\u00eda LiFePO4 72V, bater\u00eda LiFePO4 80V, bater\u00eda LiFePO4 51,2V, bater\u00eda LiFePO4 38,4V<\/p>","protected":false},"featured_media":996,"template":"","meta":{"_gspb_post_css":""},"product_brand":[],"product_cat":[491],"product_tag":[391,390,388,389],"class_list":{"0":"post-526","1":"product","2":"type-product","3":"status-publish","4":"has-post-thumbnail","6":"product_cat-forklift-battery-pack","7":"product_tag-38-4v-lifepo4-battery-pack","8":"product_tag-51-2v-lifepo4-battery-pack","9":"product_tag-72v-lifepo4-battery-pack","10":"product_tag-80v-lifepo4-battery-pack","12":"first","13":"instock","14":"featured","15":"shipping-taxable","16":"product-type-simple"},"_links":{"self":[{"href":"https:\/\/coresparkbattery.com\/es\/wp-json\/wp\/v2\/product\/526","targetHints":{"allow":["GET"]}}],"collection":[{"href":"https:\/\/coresparkbattery.com\/es\/wp-json\/wp\/v2\/product"}],"about":[{"href":"https:\/\/coresparkbattery.com\/es\/wp-json\/wp\/v2\/types\/product"}],"wp:featuredmedia":[{"embeddable":true,"href":"https:\/\/coresparkbattery.com\/es\/wp-json\/wp\/v2\/media\/996"}],"wp:attachment":[{"href":"https:\/\/coresparkbattery.com\/es\/wp-json\/wp\/v2\/media?parent=526"}],"wp:term":[{"taxonomy":"product_brand","embeddable":true,"href":"https:\/\/coresparkbattery.com\/es\/wp-json\/wp\/v2\/product_brand?post=526"},{"taxonomy":"product_cat","embeddable":true,"href":"https:\/\/coresparkbattery.com\/es\/wp-json\/wp\/v2\/product_cat?post=526"},{"taxonomy":"product_tag","embeddable":true,"href":"https:\/\/coresparkbattery.com\/es\/wp-json\/wp\/v2\/product_tag?post=526"}],"curies":[{"name":"wp","href":"https:\/\/api.w.org\/{rel}","templated":true}]}}