{"id":522,"date":"2026-04-28T08:15:41","date_gmt":"2026-04-28T08:15:41","guid":{"rendered":"https:\/\/coresparkbattery.com\/rechargeable-lifepo4-batteries-12v-24v-48v-50ah-600ah-deep-cycle-6000-times-lcd-display-portable-lithium-battery-for-rv-camping\/"},"modified":"2026-04-28T11:14:03","modified_gmt":"2026-04-28T11:14:03","slug":"rechargeable-lifepo4-batteries-12v-24v-48v-50ah-600ah-deep-cycle-6000-times-lcd-display-portable-lithium-battery-for-rv-camping","status":"publish","type":"product","link":"https:\/\/coresparkbattery.com\/es\/rechargeable-lifepo4-batteries-12v-24v-48v-50ah-600ah-deep-cycle-6000-times-lcd-display-portable-lithium-battery-for-rv-camping\/","title":{"rendered":"Bater\u00edas recargables LiFePO4 12V\/24V\/48V 50Ah-600Ah Deep Cycle 6000 Veces Pantalla LCD Bater\u00eda port\u00e1til de litio para RV\/Camping"},"content":{"rendered":"<p>Este producto es un sistema de almacenamiento de energ\u00eda dom\u00e9stico que incluye una bater\u00eda LiFePO4 con n\u00famero de modelo 12V50Ah.<br \/>\nTiene una tensi\u00f3n nominal de 12 V y ofrece una amplia gama de capacidades, de 50 Ah a 600 Ah, con un peso que var\u00eda de 8 kg a 65 kg seg\u00fan la configuraci\u00f3n.<br \/>\nLa bater\u00eda ofrece una vida \u00fatil ultralarga de 6.000 ciclos y admite un rango de temperaturas de funcionamiento de descarga de -20 \u00b0C a 60 \u00b0C.<br \/>\nDise\u00f1ado para aplicaciones de sistemas solares, est\u00e1 fabricado en China y respaldado por una garant\u00eda de 5 a\u00f1os.<br \/>\nLos servicios de OEM y ODM est\u00e1n totalmente aceptados para satisfacer los requisitos personalizados de los distintos escenarios de almacenamiento de energ\u00eda en el hogar.<\/p>","protected":false},"excerpt":{"rendered":"<p>Bater\u00eda recargable para embarcaciones, Bater\u00eda fueraborda, Bater\u00eda de litio para embarcaciones, Asistencia t\u00e9cnica para bater\u00edas de carretillas elevadoras<\/p>","protected":false},"featured_media":978,"template":"","meta":{"_gspb_post_css":""},"product_brand":[],"product_cat":[494,493,499,498,492],"product_tag":[375,374,373,372],"class_list":{"0":"post-522","1":"product","2":"type-product","3":"status-publish","4":"has-post-thumbnail","6":"product_cat-12v-lifepo4-battery","7":"product_cat-12v-rv-lifepo4-battery","8":"product_cat-24v-lifepo4-battery","9":"product_cat-24v-rv-lifepo4-battery","10":"product_cat-rv-lifepo4-battery","11":"product_tag-forklift-battery-pack-technical-support","12":"product_tag-lithium-boat-battery","13":"product_tag-outboard-battery","14":"product_tag-rechargeable-boat-battery","16":"first","17":"instock","18":"featured","19":"shipping-taxable","20":"product-type-simple"},"_links":{"self":[{"href":"https:\/\/coresparkbattery.com\/es\/wp-json\/wp\/v2\/product\/522","targetHints":{"allow":["GET"]}}],"collection":[{"href":"https:\/\/coresparkbattery.com\/es\/wp-json\/wp\/v2\/product"}],"about":[{"href":"https:\/\/coresparkbattery.com\/es\/wp-json\/wp\/v2\/types\/product"}],"wp:featuredmedia":[{"embeddable":true,"href":"https:\/\/coresparkbattery.com\/es\/wp-json\/wp\/v2\/media\/978"}],"wp:attachment":[{"href":"https:\/\/coresparkbattery.com\/es\/wp-json\/wp\/v2\/media?parent=522"}],"wp:term":[{"taxonomy":"product_brand","embeddable":true,"href":"https:\/\/coresparkbattery.com\/es\/wp-json\/wp\/v2\/product_brand?post=522"},{"taxonomy":"product_cat","embeddable":true,"href":"https:\/\/coresparkbattery.com\/es\/wp-json\/wp\/v2\/product_cat?post=522"},{"taxonomy":"product_tag","embeddable":true,"href":"https:\/\/coresparkbattery.com\/es\/wp-json\/wp\/v2\/product_tag?post=522"}],"curies":[{"name":"wp","href":"https:\/\/api.w.org\/{rel}","templated":true}]}}