{"id":521,"date":"2026-04-28T08:15:41","date_gmt":"2026-04-28T08:15:41","guid":{"rendered":"https:\/\/coresparkbattery.com\/lifepo4-24v-72v-lithium-ion-battery-pack-20ah-60ah-range-for-electric-tricycle-36v-60v-electric-vehicles-72v-solar-energy\/"},"modified":"2026-04-28T11:09:29","modified_gmt":"2026-04-28T11:09:29","slug":"lifepo4-24v-72v-lithium-ion-battery-pack-20ah-60ah-range-for-electric-tricycle-36v-60v-electric-vehicles-72v-solar-energy","status":"publish","type":"product","link":"https:\/\/coresparkbattery.com\/es\/lifepo4-24v-72v-lithium-ion-battery-pack-20ah-60ah-range-for-electric-tricycle-36v-60v-electric-vehicles-72v-solar-energy\/","title":{"rendered":"LifePo4 24V-72V Bater\u00eda de Ion Litio 20Ah-60Ah Gama para Triciclo El\u00e9ctrico 36V-60V Veh\u00edculos El\u00e9ctricos 72V Energ\u00eda Solar"},"content":{"rendered":"<p>Se trata de un 72V Lithium Battery Pack alimentado por LiFePO4 \/ bater\u00eda de litio, con un peso de 20KG y construido con una carcasa de metal.<br \/>\nAdmite un voltaje de 24 V y una capacidad personalizable que va de 20 Ah a 60 Ah para satisfacer diferentes necesidades.<br \/>\nCon una vida \u00fatil de m\u00e1s de 6000 ciclos, tiene 1 a\u00f1o de garant\u00eda y se utiliza principalmente para motocicletas y carretillas elevadoras el\u00e9ctricas.<br \/>\nOfrecemos servicios OEM y ODM totalmente personalizados para bater\u00edas, lo que las convierte en la soluci\u00f3n energ\u00e9tica ideal para scooters el\u00e9ctricos y equipos relacionados.<\/p>","protected":false},"excerpt":{"rendered":"<p>Bater\u00eda de ciclo profundo para barcos, Bater\u00eda marina de ciclo profundo, Bater\u00eda para barcos, Personalizaci\u00f3n OEM de bater\u00edas para carretillas elevadoras<\/p>","protected":false},"featured_media":973,"template":"","meta":{"_gspb_post_css":""},"product_brand":[],"product_cat":[499],"product_tag":[370,368,369,371],"class_list":{"0":"post-521","1":"product","2":"type-product","3":"status-publish","4":"has-post-thumbnail","6":"product_cat-24v-lifepo4-battery","7":"product_tag-boat-battery","8":"product_tag-deep-cycle-boat-battery","9":"product_tag-deep-cycle-marine-battery","10":"product_tag-oem-forklift-battery-pack-customization","12":"first","13":"instock","14":"featured","15":"shipping-taxable","16":"product-type-simple"},"_links":{"self":[{"href":"https:\/\/coresparkbattery.com\/es\/wp-json\/wp\/v2\/product\/521","targetHints":{"allow":["GET"]}}],"collection":[{"href":"https:\/\/coresparkbattery.com\/es\/wp-json\/wp\/v2\/product"}],"about":[{"href":"https:\/\/coresparkbattery.com\/es\/wp-json\/wp\/v2\/types\/product"}],"wp:featuredmedia":[{"embeddable":true,"href":"https:\/\/coresparkbattery.com\/es\/wp-json\/wp\/v2\/media\/973"}],"wp:attachment":[{"href":"https:\/\/coresparkbattery.com\/es\/wp-json\/wp\/v2\/media?parent=521"}],"wp:term":[{"taxonomy":"product_brand","embeddable":true,"href":"https:\/\/coresparkbattery.com\/es\/wp-json\/wp\/v2\/product_brand?post=521"},{"taxonomy":"product_cat","embeddable":true,"href":"https:\/\/coresparkbattery.com\/es\/wp-json\/wp\/v2\/product_cat?post=521"},{"taxonomy":"product_tag","embeddable":true,"href":"https:\/\/coresparkbattery.com\/es\/wp-json\/wp\/v2\/product_tag?post=521"}],"curies":[{"name":"wp","href":"https:\/\/api.w.org\/{rel}","templated":true}]}}