{"id":520,"date":"2026-04-28T08:15:41","date_gmt":"2026-04-28T08:15:41","guid":{"rendered":"https:\/\/coresparkbattery.com\/96v-lifepo4-battery-rechargeable-96v-100ah-solar-system-energy-storage-battery\/"},"modified":"2026-04-28T11:08:30","modified_gmt":"2026-04-28T11:08:30","slug":"96v-lifepo4-battery-rechargeable-96v-100ah-solar-system-energy-storage-battery","status":"publish","type":"product","link":"https:\/\/coresparkbattery.com\/es\/96v-lifepo4-battery-rechargeable-96v-100ah-solar-system-energy-storage-battery\/","title":{"rendered":"96V LiFePO4 Bater\u00eda Recargable 96V 100Ah Sistema Solar Bater\u00eda de Almacenamiento de Energ\u00eda"},"content":{"rendered":"<p>El producto es una bater\u00eda de litio de 72 V, utilizada principalmente como fuente de alimentaci\u00f3n para patinetes el\u00e9ctricos (como indica su palabra clave principal: bater\u00eda para patinetes el\u00e9ctricos). Adopta el tipo de bater\u00eda LiFePO4\/litio, con un voltaje nominal de 24V y una capacidad que oscila entre 20Ah y 60Ah, que puede personalizarse seg\u00fan las necesidades del cliente para satisfacer los diferentes requisitos de potencia de los scooters el\u00e9ctricos.<br \/>\nFabricada con material met\u00e1lico de alta calidad, esta bater\u00eda es duradera y resistente, lo que garantiza un funcionamiento estable en diversos escenarios de uso. Cuenta con un ciclo de vida ultra-largo de m\u00e1s de 6000 veces, proporcionando soporte de energ\u00eda a largo plazo y fiable. La bater\u00eda pesa 20 kg y tiene un a\u00f1o de garant\u00eda, lo que garantiza a los clientes calidad y protecci\u00f3n posventa.<br \/>\nAdem\u00e1s, ofrecemos servicios de paquetes de bater\u00edas OEM y ODM personalizados, que pueden adaptarse para satisfacer las especificaciones concretas, el aspecto y los requisitos de rendimiento de diferentes clientes, lo que los convierte en una soluci\u00f3n de alimentaci\u00f3n vers\u00e1til y pr\u00e1ctica para los scooters el\u00e9ctricos.<\/p>","protected":false},"excerpt":{"rendered":"<p>Bater\u00eda marina de 1000 ciclos, Bater\u00eda de litio de 48 V para barcos, Bater\u00eda marina, Bater\u00eda de carretilla elevadora precio al por mayor<\/p>","protected":false},"featured_media":968,"template":"","meta":{"_gspb_post_css":""},"product_brand":[],"product_cat":[504],"product_tag":[364,365,366,367],"class_list":{"0":"post-520","1":"product","2":"type-product","3":"status-publish","4":"has-post-thumbnail","6":"product_cat-lead-acid-replacement-batteries","7":"product_tag-1000-cycle-marine-battery","8":"product_tag-48v-lithium-battery-for-boats","9":"product_tag-marine-battery","10":"product_tag-wholesale-forklift-battery-pack-price","12":"first","13":"instock","14":"featured","15":"shipping-taxable","16":"product-type-simple"},"_links":{"self":[{"href":"https:\/\/coresparkbattery.com\/es\/wp-json\/wp\/v2\/product\/520","targetHints":{"allow":["GET"]}}],"collection":[{"href":"https:\/\/coresparkbattery.com\/es\/wp-json\/wp\/v2\/product"}],"about":[{"href":"https:\/\/coresparkbattery.com\/es\/wp-json\/wp\/v2\/types\/product"}],"wp:featuredmedia":[{"embeddable":true,"href":"https:\/\/coresparkbattery.com\/es\/wp-json\/wp\/v2\/media\/968"}],"wp:attachment":[{"href":"https:\/\/coresparkbattery.com\/es\/wp-json\/wp\/v2\/media?parent=520"}],"wp:term":[{"taxonomy":"product_brand","embeddable":true,"href":"https:\/\/coresparkbattery.com\/es\/wp-json\/wp\/v2\/product_brand?post=520"},{"taxonomy":"product_cat","embeddable":true,"href":"https:\/\/coresparkbattery.com\/es\/wp-json\/wp\/v2\/product_cat?post=520"},{"taxonomy":"product_tag","embeddable":true,"href":"https:\/\/coresparkbattery.com\/es\/wp-json\/wp\/v2\/product_tag?post=520"}],"curies":[{"name":"wp","href":"https:\/\/api.w.org\/{rel}","templated":true}]}}