{"id":517,"date":"2026-04-28T08:15:40","date_gmt":"2026-04-28T08:15:40","guid":{"rendered":"https:\/\/coresparkbattery.com\/lfp-solar-battery-pack-rechargeable-with-bms-12-8v-200ah-300ah-400ah-lithium-ion-home-energy-storage-battery-lifepo4\/"},"modified":"2026-04-28T11:05:19","modified_gmt":"2026-04-28T11:05:19","slug":"lfp-solar-battery-pack-rechargeable-with-bms-12-8v-200ah-300ah-400ah-lithium-ion-home-energy-storage-battery-lifepo4","status":"publish","type":"product","link":"https:\/\/coresparkbattery.com\/es\/lfp-solar-battery-pack-rechargeable-with-bms-12-8v-200ah-300ah-400ah-lithium-ion-home-energy-storage-battery-lifepo4\/","title":{"rendered":"LFP bater\u00eda solar recargable con BMS 12.8V 200Ah 300Ah 400Ah de iones de litio de almacenamiento de energ\u00eda para el hogar LiFePO4"},"content":{"rendered":"<p>Se trata de una bater\u00eda de iones de litio LiFePO4 de 12 V y 150 Ah con una salida de energ\u00eda de 1920 Wh. Presenta una construcci\u00f3n ligera y una mayor densidad energ\u00e9tica, lo que ofrece un rendimiento superior al de las bater\u00edas de Ni-Cd y Ni-MH tradicionales.<br \/>\nEl tama\u00f1o y la capacidad de todas las bater\u00edas LiFePO4 pueden personalizarse para satisfacer requisitos espec\u00edficos, lo que permite ofrecer servicios OEM y ODM. Ofrece una larga vida \u00fatil de 1000 a 6000 ciclos, con un rango de temperatura de carga de 0\u00b0C-45\u00b0C y de descarga de -20\u00b0C~60\u00b0C (o -20\u00b0C~55\u00b0C).<br \/>\nEsta bater\u00eda cuenta con certificaciones completas como CE, UN38.3, MSDS, RoHS e ISO9001. Cada unidad se somete a una inspecci\u00f3n completa 100% antes de la entrega, que incluye pruebas de resistencia interna, verificaci\u00f3n de la plataforma de descarga y detecci\u00f3n de autodescarga para garantizar una calidad estable y fiable.<\/p>","protected":false},"excerpt":{"rendered":"<p>Bater\u00eda marina de litio, Bater\u00eda de alto ciclo de vida para embarcaciones, Bater\u00eda recargable LiFePO4 para propulsi\u00f3n marina, C\u00f3mo mantener la bater\u00eda de la carretilla elevadora<\/p>","protected":false},"featured_media":953,"template":"","meta":{"_gspb_post_css":""},"product_brand":[],"product_cat":[494],"product_tag":[354,355,343,347],"class_list":{"0":"post-517","1":"product","2":"type-product","3":"status-publish","4":"has-post-thumbnail","6":"product_cat-12v-lifepo4-battery","7":"product_tag-high-cycle-life-boat-battery","8":"product_tag-how-to-maintain-forklift-battery-pack","9":"product_tag-marine-lithium-battery","10":"product_tag-rechargeable-lifepo4-battery-for-marine-propulsion","12":"first","13":"instock","14":"featured","15":"shipping-taxable","16":"product-type-simple"},"_links":{"self":[{"href":"https:\/\/coresparkbattery.com\/es\/wp-json\/wp\/v2\/product\/517","targetHints":{"allow":["GET"]}}],"collection":[{"href":"https:\/\/coresparkbattery.com\/es\/wp-json\/wp\/v2\/product"}],"about":[{"href":"https:\/\/coresparkbattery.com\/es\/wp-json\/wp\/v2\/types\/product"}],"wp:featuredmedia":[{"embeddable":true,"href":"https:\/\/coresparkbattery.com\/es\/wp-json\/wp\/v2\/media\/953"}],"wp:attachment":[{"href":"https:\/\/coresparkbattery.com\/es\/wp-json\/wp\/v2\/media?parent=517"}],"wp:term":[{"taxonomy":"product_brand","embeddable":true,"href":"https:\/\/coresparkbattery.com\/es\/wp-json\/wp\/v2\/product_brand?post=517"},{"taxonomy":"product_cat","embeddable":true,"href":"https:\/\/coresparkbattery.com\/es\/wp-json\/wp\/v2\/product_cat?post=517"},{"taxonomy":"product_tag","embeddable":true,"href":"https:\/\/coresparkbattery.com\/es\/wp-json\/wp\/v2\/product_tag?post=517"}],"curies":[{"name":"wp","href":"https:\/\/api.w.org\/{rel}","templated":true}]}}