{"id":515,"date":"2026-04-28T08:15:40","date_gmt":"2026-04-28T08:15:40","guid":{"rendered":"https:\/\/coresparkbattery.com\/lifepo4-12v-energy-storage-battery-24v-48v-50ah-100ah-200ah-300ah-400ah-lithium-iron-phosphate-lifepo4-battery-with-bms\/"},"modified":"2026-04-28T11:02:06","modified_gmt":"2026-04-28T11:02:06","slug":"lifepo4-12v-energy-storage-battery-24v-48v-50ah-100ah-200ah-300ah-400ah-lithium-iron-phosphate-lifepo4-battery-with-bms","status":"publish","type":"product","link":"https:\/\/coresparkbattery.com\/es\/lifepo4-12v-energy-storage-battery-24v-48v-50ah-100ah-200ah-300ah-400ah-lithium-iron-phosphate-lifepo4-battery-with-bms\/","title":{"rendered":"Bater\u00eda de almacenamiento de energ\u00eda LifePo4 12V 24V 48V 50Ah 100Ah 200Ah 300Ah 400Ah Bater\u00eda LifePo4 de fosfato de hierro y litio con BMS"},"content":{"rendered":"<p>Aqu\u00ed tienes una descripci\u00f3n de producto pulida y profesional que puedes utilizar directamente para tu anuncio:<br \/>\nEste pack de bater\u00edas de iones de litio es una soluci\u00f3n de alimentaci\u00f3n LiFePO4 de alto rendimiento con un n\u00famero de modelo de 12V 400Ah, procedente de Guangdong, China. Tiene unas dimensiones est\u00e1ndar de 520*269*220 mm, aunque tambi\u00e9n se aceptan tama\u00f1os personalizados. El peso est\u00e1 disponible en 11 kg, 20 kg, 26 kg y 38 kg para adaptarse a diferentes configuraciones.<br \/>\nAdmite m\u00faltiples opciones de voltaje, incluidos 12,8 V, 25,6 V, 36 V y 48 V, con una amplia gama de capacidades de 50 Ah, 100 Ah, 200 Ah, 300 Ah, 400 Ah, 460 Ah hasta 600 Ah. Construida con un fiable BMS integrado para una protecci\u00f3n total, la bater\u00eda ofrece una vida \u00fatil ultralarga de m\u00e1s de 6000 ciclos.<br \/>\nCertificada con CE, MSDS, UN38.3 y RoHS, garantiza un rendimiento seguro y estable. Los servicios OEM y ODM son totalmente compatibles para satisfacer requisitos personalizados. Dise\u00f1ada principalmente para sistemas de paneles solares, esta bater\u00eda LiFePO4 es una opci\u00f3n ideal de almacenamiento de energ\u00eda para diversas aplicaciones solares.<\/p>","protected":false},"excerpt":{"rendered":"<p>Bater\u00eda de litio hierro fosfato para barcos, Bater\u00eda de arranque para barcos, Bater\u00eda LiFePO4 marina de gran capacidad y alta potencia, C\u00f3mo elegir el pack de bater\u00edas para carretillas elevadoras<\/p>","protected":false},"featured_media":944,"template":"","meta":{"_gspb_post_css":""},"product_brand":[],"product_cat":[494,499],"product_tag":[350,345,351,341],"class_list":{"0":"post-515","1":"product","2":"type-product","3":"status-publish","4":"has-post-thumbnail","6":"product_cat-12v-lifepo4-battery","7":"product_cat-24v-lifepo4-battery","8":"product_tag-boat-starting-battery","9":"product_tag-high-power-large-capacity-marine-lifepo4-battery","10":"product_tag-how-to-choose-forklift-battery-pack","11":"product_tag-lithium-iron-phosphate-battery-for-boats","13":"first","14":"instock","15":"featured","16":"shipping-taxable","17":"product-type-simple"},"_links":{"self":[{"href":"https:\/\/coresparkbattery.com\/es\/wp-json\/wp\/v2\/product\/515","targetHints":{"allow":["GET"]}}],"collection":[{"href":"https:\/\/coresparkbattery.com\/es\/wp-json\/wp\/v2\/product"}],"about":[{"href":"https:\/\/coresparkbattery.com\/es\/wp-json\/wp\/v2\/types\/product"}],"wp:featuredmedia":[{"embeddable":true,"href":"https:\/\/coresparkbattery.com\/es\/wp-json\/wp\/v2\/media\/944"}],"wp:attachment":[{"href":"https:\/\/coresparkbattery.com\/es\/wp-json\/wp\/v2\/media?parent=515"}],"wp:term":[{"taxonomy":"product_brand","embeddable":true,"href":"https:\/\/coresparkbattery.com\/es\/wp-json\/wp\/v2\/product_brand?post=515"},{"taxonomy":"product_cat","embeddable":true,"href":"https:\/\/coresparkbattery.com\/es\/wp-json\/wp\/v2\/product_cat?post=515"},{"taxonomy":"product_tag","embeddable":true,"href":"https:\/\/coresparkbattery.com\/es\/wp-json\/wp\/v2\/product_tag?post=515"}],"curies":[{"name":"wp","href":"https:\/\/api.w.org\/{rel}","templated":true}]}}