{"id":514,"date":"2026-04-28T08:15:40","date_gmt":"2026-04-28T08:15:40","guid":{"rendered":"https:\/\/coresparkbattery.com\/12v-200ah-outdoor-lighting-battery-rechargeable-lithium-ion-battery-pack-12v-deep-cycle-energy-storage-battery\/"},"modified":"2026-04-28T11:01:16","modified_gmt":"2026-04-28T11:01:16","slug":"12v-200ah-outdoor-lighting-battery-rechargeable-lithium-ion-battery-pack-12v-deep-cycle-energy-storage-battery","status":"publish","type":"product","link":"https:\/\/coresparkbattery.com\/es\/12v-200ah-outdoor-lighting-battery-rechargeable-lithium-ion-battery-pack-12v-deep-cycle-energy-storage-battery\/","title":{"rendered":"12V 200Ah Bater\u00eda de Iluminaci\u00f3n Exterior Bater\u00eda Recargable de Ion Litio 12V Bater\u00eda de Almacenamiento de Energ\u00eda de Ciclo Profundo"},"content":{"rendered":"<p>Este producto es una bater\u00eda de almacenamiento de energ\u00eda de 12,8 V con tensi\u00f3n nominal personalizable de 12 V o 24 V para satisfacer diferentes necesidades de aplicaci\u00f3n. Ofrece capacidades nominales opcionales de 100Ah, 200Ah y 300Ah para que los clientes elijan, y admite una selecci\u00f3n flexible de tipos de celdas, incluidas LiFePO4, bater\u00edas de iones de litio y celdas 32700, as\u00ed como modos de carga\/descarga del mismo extremo o herej\u00eda.<br \/>\nGracias a las celdas de fosfato de hierro y litio de calidad A, ofrece una vida \u00fatil ultralarga de hasta 6.000 ciclos. La corriente de carga m\u00e1xima es de 50A para 100Ah, 100A para 200Ah y 150A para 300Ah, mientras que la corriente de descarga m\u00e1xima es de 100A para 100Ah, 150A para 200Ah y 150A para 300Ah. Equipada con protecci\u00f3n contra sobredescarga de una sola c\u00e9lula a 2,8V\u00b120mV, garantiza un funcionamiento seguro y estable.<br \/>\nLa bater\u00eda cuenta con certificaciones completas, como CE, RoHS, UN38.3 y MSDS, y ofrece una funci\u00f3n opcional de APP Bluetooth para una supervisi\u00f3n inteligente. Ofrece un amplio rango de temperaturas de funcionamiento: 0~45\u00b0C para la carga y -20~60\u00b0C para la descarga; la temperatura de almacenamiento es de -5~35\u00b0C en 1 mes y de 0~35\u00b0C en 6 meses.<br \/>\nAmpliamente aplicada en iluminaci\u00f3n solar, almacenamiento de energ\u00eda solar, estaciones de telecomunicaciones, veh\u00edculos el\u00e9ctricos, barcos, veh\u00edculos recreativos, centrales el\u00e9ctricas y almacenamiento de energ\u00eda de sistemas solares dom\u00e9sticos, esta bater\u00eda es una soluci\u00f3n energ\u00e9tica fiable para diversos escenarios.<br \/>\n\u9700\u8981\u6211\u628a\u8fd9\u6bb5\u6539\u6210\u66f4\u7b80\u6d01\u7684\u5916\u8d38\u77ed\u63cf\u8ff0\uff0c\u6216\u8005\u62c6\u6210\u4e9a\u9a6c\u900a\u4e94\u70b9 Bullet\u5417\uff1f<\/p>","protected":false},"excerpt":{"rendered":"<p>12V 24V 48V LiFePO4 bater\u00eda, bater\u00eda de propulsi\u00f3n marina, 12V 24V 48V de litio fosfato de hierro para la h\u00e9lice del barco, bater\u00eda de energ\u00eda marina<\/p>","protected":false},"featured_media":940,"template":"","meta":{"_gspb_post_css":""},"product_brand":[],"product_cat":[494,499],"product_tag":[340,344,349,348],"class_list":{"0":"post-514","1":"product","2":"type-product","3":"status-publish","4":"has-post-thumbnail","6":"product_cat-12v-lifepo4-battery","7":"product_cat-24v-lifepo4-battery","8":"product_tag-12v-24v-48v-lifepo4-battery","9":"product_tag-12v-24v-48v-lithium-iron-phosphate-battery-for-boat-propeller","10":"product_tag-marine-power-battery","11":"product_tag-marine-propulsion-battery","13":"first","14":"instock","15":"featured","16":"shipping-taxable","17":"product-type-simple"},"_links":{"self":[{"href":"https:\/\/coresparkbattery.com\/es\/wp-json\/wp\/v2\/product\/514","targetHints":{"allow":["GET"]}}],"collection":[{"href":"https:\/\/coresparkbattery.com\/es\/wp-json\/wp\/v2\/product"}],"about":[{"href":"https:\/\/coresparkbattery.com\/es\/wp-json\/wp\/v2\/types\/product"}],"wp:featuredmedia":[{"embeddable":true,"href":"https:\/\/coresparkbattery.com\/es\/wp-json\/wp\/v2\/media\/940"}],"wp:attachment":[{"href":"https:\/\/coresparkbattery.com\/es\/wp-json\/wp\/v2\/media?parent=514"}],"wp:term":[{"taxonomy":"product_brand","embeddable":true,"href":"https:\/\/coresparkbattery.com\/es\/wp-json\/wp\/v2\/product_brand?post=514"},{"taxonomy":"product_cat","embeddable":true,"href":"https:\/\/coresparkbattery.com\/es\/wp-json\/wp\/v2\/product_cat?post=514"},{"taxonomy":"product_tag","embeddable":true,"href":"https:\/\/coresparkbattery.com\/es\/wp-json\/wp\/v2\/product_tag?post=514"}],"curies":[{"name":"wp","href":"https:\/\/api.w.org\/{rel}","templated":true}]}}