{"id":511,"date":"2026-04-28T08:15:40","date_gmt":"2026-04-28T08:15:40","guid":{"rendered":"https:\/\/coresparkbattery.com\/12v-100ah-lifepo4-lithium-ion-battery-replacement-pack-for-solar-rv-marine-camping-gnli-brand-1500-cycles\/"},"modified":"2026-04-28T10:57:45","modified_gmt":"2026-04-28T10:57:45","slug":"12v-100ah-lifepo4-lithium-ion-battery-replacement-pack-for-solar-rv-marine-camping-gnli-brand-1500-cycles","status":"publish","type":"product","link":"https:\/\/coresparkbattery.com\/es\/12v-100ah-lifepo4-lithium-ion-battery-replacement-pack-for-solar-rv-marine-camping-gnli-brand-1500-cycles\/","title":{"rendered":"12V 100Ah LiFePO4 Ion Litio Bater\u00eda de repuesto para Solar RV Marine Camping GNLi Marca 1500 Ciclos"},"content":{"rendered":"<p>Esta bater\u00eda de litio LiFePO4 de 12 V de GNLi ofrece una larga vida \u00fatil de hasta 1500 ciclos, utilizando LiFePO4 de alta calidad como material cat\u00f3dico. Soporta una cantidad de carga m\u00e1xima de 32 celdas y puede funcionar de forma fiable dentro de un amplio rango de temperaturas de -20\u2103 a +60\u2103.<br \/>\nDisponible en capacidades de 50Ah, 100Ah, 150Ah, 200Ah y 300Ah con opciones de voltaje de 12V y 12.8V, esta bater\u00eda est\u00e1 equipada con celdas LiFePO4 de 3.2V y viene con una garant\u00eda de 2 a\u00f1os. Tiene un n\u00famero de modelo GN 12V100AH, mide 330175216mm, pesa 12kgs y es originaria de Guangdong, China.<br \/>\nDise\u00f1ado para aplicaciones solares, de veh\u00edculos recreativos y marinas, admite una corriente de carga de 30 A y una corriente de descarga de 50 A. Tambi\u00e9n se aceptan servicios OEM y ODM.<\/p>","protected":false},"excerpt":{"rendered":"<p>como instalar bateria 24V LiFePO4 RV, precio bateria 24V LiFePO4 RV, cuanto dura bateria 24V LiFePO4 RV, garantia bateria 24V LiFePO4 RV<\/p>","protected":false},"featured_media":925,"template":"","meta":{"_gspb_post_css":""},"product_brand":[],"product_cat":[494,493,499,498,492],"product_tag":[337,339,338,336],"class_list":{"0":"post-511","1":"product","2":"type-product","3":"status-publish","4":"has-post-thumbnail","6":"product_cat-12v-lifepo4-battery","7":"product_cat-12v-rv-lifepo4-battery","8":"product_cat-24v-lifepo4-battery","9":"product_cat-24v-rv-lifepo4-battery","10":"product_cat-rv-lifepo4-battery","11":"product_tag-24v-lifepo4-rv-battery-price","12":"product_tag-24v-lifepo4-rv-battery-warranty","13":"product_tag-how-long-does-24v-lifepo4-rv-battery-last","14":"product_tag-how-to-install-24v-lifepo4-rv-battery","16":"first","17":"instock","18":"featured","19":"shipping-taxable","20":"product-type-simple"},"_links":{"self":[{"href":"https:\/\/coresparkbattery.com\/es\/wp-json\/wp\/v2\/product\/511","targetHints":{"allow":["GET"]}}],"collection":[{"href":"https:\/\/coresparkbattery.com\/es\/wp-json\/wp\/v2\/product"}],"about":[{"href":"https:\/\/coresparkbattery.com\/es\/wp-json\/wp\/v2\/types\/product"}],"wp:featuredmedia":[{"embeddable":true,"href":"https:\/\/coresparkbattery.com\/es\/wp-json\/wp\/v2\/media\/925"}],"wp:attachment":[{"href":"https:\/\/coresparkbattery.com\/es\/wp-json\/wp\/v2\/media?parent=511"}],"wp:term":[{"taxonomy":"product_brand","embeddable":true,"href":"https:\/\/coresparkbattery.com\/es\/wp-json\/wp\/v2\/product_brand?post=511"},{"taxonomy":"product_cat","embeddable":true,"href":"https:\/\/coresparkbattery.com\/es\/wp-json\/wp\/v2\/product_cat?post=511"},{"taxonomy":"product_tag","embeddable":true,"href":"https:\/\/coresparkbattery.com\/es\/wp-json\/wp\/v2\/product_tag?post=511"}],"curies":[{"name":"wp","href":"https:\/\/api.w.org\/{rel}","templated":true}]}}