{"id":510,"date":"2026-04-28T08:15:40","date_gmt":"2026-04-28T08:15:40","guid":{"rendered":"https:\/\/coresparkbattery.com\/38-4v-690ah-lifepo4-lithium-ion-traction-battery-5-years-warranty-3000-cycles-electric-forklift-lift-truck-agv-built-in\/"},"modified":"2026-04-28T10:56:39","modified_gmt":"2026-04-28T10:56:39","slug":"38-4v-690ah-lifepo4-lithium-ion-traction-battery-5-years-warranty-3000-cycles-electric-forklift-lift-truck-agv-built-in","status":"publish","type":"product","link":"https:\/\/coresparkbattery.com\/es\/38-4v-690ah-lifepo4-lithium-ion-traction-battery-5-years-warranty-3000-cycles-electric-forklift-lift-truck-agv-built-in\/","title":{"rendered":"38.4V 690Ah LiFePO4 Bater\u00eda de tracci\u00f3n de iones de litio 5 a\u00f1os de garant\u00eda 3000 ciclos Carretilla elevadora el\u00e9ctrica AGV incorporada"},"content":{"rendered":"<p>Esta bater\u00eda LiFePO4 tiene una vida \u00fatil ultralarga de hasta 3.000 ciclos y utiliza materiales de c\u00e1todo LiFePO4 de alto rendimiento. Admite una cantidad de carga m\u00e1xima de 32 celdas y funciona de forma estable en un rango de temperatura de -20\u2103 a 60\u2103. Bajo la marca GNLi, este modelo es de 38,4V 690Ah, tambi\u00e9n denominado 36V 690Ah, originario de Guangdong, China. Tiene una dimensi\u00f3n est\u00e1ndar de 45.733.223.9cm y un tama\u00f1o para trabajo pesado de 968516780mm o tama\u00f1o personalizado, con un peso neto de 44kgs.<br \/>\nDise\u00f1ada para carretillas elevadoras el\u00e9ctricas, la bater\u00eda est\u00e1 equipada con un BMS inteligente integrado para una protecci\u00f3n total. Ofrece una corriente de descarga m\u00e1xima de 100 A-200 A y una corriente de descarga continua de 690 A o un valor personalizable. La comunicaci\u00f3n se puede lograr a trav\u00e9s del puerto CANBus o puertos personalizados. Se aceptan servicios OEM y ODM. La bater\u00eda requiere condiciones normales de almacenamiento para un uso seguro y a largo plazo.<\/p>","protected":false},"excerpt":{"rendered":"<p>Sistemas de energ\u00eda el\u00e9ctrica, Bicicletas y patinetes el\u00e9ctricos, Carretillas elevadoras el\u00e9ctricas, Submarinos, Electrodom\u00e9sticos, Veh\u00edculos el\u00e9ctricos, Drones, Robots aspiradores<\/p>","protected":false},"featured_media":920,"template":"","meta":{"_gspb_post_css":""},"product_brand":[],"product_cat":[491],"product_tag":[333,328,329,327,332,331,334,330],"class_list":{"0":"post-510","1":"product","2":"type-product","3":"status-publish","4":"has-post-thumbnail","6":"product_cat-forklift-battery-pack","7":"product_tag-drone","8":"product_tag-electric-bicycles-scooters","9":"product_tag-electric-forklifts","10":"product_tag-electric-power-systems","11":"product_tag-electric-vehicles","12":"product_tag-home-appliances","13":"product_tag-robot-vacuum-cleaner","14":"product_tag-submarines","16":"first","17":"instock","18":"featured","19":"shipping-taxable","20":"product-type-simple"},"_links":{"self":[{"href":"https:\/\/coresparkbattery.com\/es\/wp-json\/wp\/v2\/product\/510","targetHints":{"allow":["GET"]}}],"collection":[{"href":"https:\/\/coresparkbattery.com\/es\/wp-json\/wp\/v2\/product"}],"about":[{"href":"https:\/\/coresparkbattery.com\/es\/wp-json\/wp\/v2\/types\/product"}],"wp:featuredmedia":[{"embeddable":true,"href":"https:\/\/coresparkbattery.com\/es\/wp-json\/wp\/v2\/media\/920"}],"wp:attachment":[{"href":"https:\/\/coresparkbattery.com\/es\/wp-json\/wp\/v2\/media?parent=510"}],"wp:term":[{"taxonomy":"product_brand","embeddable":true,"href":"https:\/\/coresparkbattery.com\/es\/wp-json\/wp\/v2\/product_brand?post=510"},{"taxonomy":"product_cat","embeddable":true,"href":"https:\/\/coresparkbattery.com\/es\/wp-json\/wp\/v2\/product_cat?post=510"},{"taxonomy":"product_tag","embeddable":true,"href":"https:\/\/coresparkbattery.com\/es\/wp-json\/wp\/v2\/product_tag?post=510"}],"curies":[{"name":"wp","href":"https:\/\/api.w.org\/{rel}","templated":true}]}}