{"id":508,"date":"2026-04-28T08:15:39","date_gmt":"2026-04-28T08:15:39","guid":{"rendered":"https:\/\/coresparkbattery.com\/customized-lifepo4-24v-36v-70v-80v-forklift-battery-with-200ah-400ah-500ah-600ah-lithium-ion-forklift-battery-2\/"},"modified":"2026-04-28T10:52:57","modified_gmt":"2026-04-28T10:52:57","slug":"customized-lifepo4-24v-36v-70v-80v-forklift-battery-with-200ah-400ah-500ah-600ah-lithium-ion-forklift-battery-2","status":"publish","type":"product","link":"https:\/\/coresparkbattery.com\/es\/customized-lifepo4-24v-36v-70v-80v-forklift-battery-with-200ah-400ah-500ah-600ah-lithium-ion-forklift-battery-2\/","title":{"rendered":"Bater\u00eda de carretilla elevadora Lifepo4 24V 36v 70V 80v con 200Ah 400Ah 500Ah 600Ah de iones de litio personalizada"},"content":{"rendered":"<p>Bater\u00eda LiFePO4 robusta y personalizable<br \/>\nOfrecemos soluciones de bater\u00edas vers\u00e1tiles con tensiones de 24V\/36V\/48V\/60V\/70V\/72V\/80V, capacidad de 100Ah-1000Ah y energ\u00eda de hasta 80000Wh. El tama\u00f1o y el peso son totalmente personalizables. Fabricada para durar m\u00e1s de 5000 ciclos, soporta altas corrientes de descarga continua y de pico. Funciona de forma fiable entre -20 \u00b0C y 55 \u00b0C y admite comunicaci\u00f3n CAN, 485 e inal\u00e1mbrica para una integraci\u00f3n inteligente del sistema.<br \/>\nPor qu\u00e9 asociarse con nosotros<br \/>\nF\u00e1brica con certificaci\u00f3n ISO 9001. Equipo experto en I+D con a\u00f1os de experiencia. Soporte completo OEM y ODM. Varias l\u00edneas de producci\u00f3n en serie. Estricto control de calidad para garantizar un rendimiento superior. Producci\u00f3n totalmente integrada para una calidad constante y una entrega puntual.<\/p>","protected":false},"excerpt":{"rendered":"<p>Bater\u00eda 24V 300Ah para carretillas elevadoras, Bater\u00eda LiFePO4 para carretillas elevadoras, Bater\u00eda de larga duraci\u00f3n para carretillas elevadoras, Bater\u00eda para carretillas elevadoras con conductor sentado<\/p>","protected":false},"featured_media":910,"template":"","meta":{"_gspb_post_css":""},"product_brand":[],"product_cat":[491],"product_tag":[319,322,321,320],"class_list":{"0":"post-508","1":"product","2":"type-product","3":"status-publish","4":"has-post-thumbnail","6":"product_cat-forklift-battery-pack","7":"product_tag-24v-300ah-forklift-battery-pack","8":"product_tag-forklift-battery-pack-for-sit-down-rider","9":"product_tag-forklift-battery-pack-long-life","10":"product_tag-lifepo4-forklift-battery-pack","12":"first","13":"instock","14":"featured","15":"shipping-taxable","16":"product-type-simple"},"_links":{"self":[{"href":"https:\/\/coresparkbattery.com\/es\/wp-json\/wp\/v2\/product\/508","targetHints":{"allow":["GET"]}}],"collection":[{"href":"https:\/\/coresparkbattery.com\/es\/wp-json\/wp\/v2\/product"}],"about":[{"href":"https:\/\/coresparkbattery.com\/es\/wp-json\/wp\/v2\/types\/product"}],"wp:featuredmedia":[{"embeddable":true,"href":"https:\/\/coresparkbattery.com\/es\/wp-json\/wp\/v2\/media\/910"}],"wp:attachment":[{"href":"https:\/\/coresparkbattery.com\/es\/wp-json\/wp\/v2\/media?parent=508"}],"wp:term":[{"taxonomy":"product_brand","embeddable":true,"href":"https:\/\/coresparkbattery.com\/es\/wp-json\/wp\/v2\/product_brand?post=508"},{"taxonomy":"product_cat","embeddable":true,"href":"https:\/\/coresparkbattery.com\/es\/wp-json\/wp\/v2\/product_cat?post=508"},{"taxonomy":"product_tag","embeddable":true,"href":"https:\/\/coresparkbattery.com\/es\/wp-json\/wp\/v2\/product_tag?post=508"}],"curies":[{"name":"wp","href":"https:\/\/api.w.org\/{rel}","templated":true}]}}