{"id":507,"date":"2026-04-28T08:15:39","date_gmt":"2026-04-28T08:15:39","guid":{"rendered":"https:\/\/coresparkbattery.com\/customized-lifepo4-24v-36v-70v-80v-forklift-battery-with-200ah-400ah-500ah-600ah-lithium-ion-forklift-battery\/"},"modified":"2026-04-28T10:51:48","modified_gmt":"2026-04-28T10:51:48","slug":"customized-lifepo4-24v-36v-70v-80v-forklift-battery-with-200ah-400ah-500ah-600ah-lithium-ion-forklift-battery","status":"publish","type":"product","link":"https:\/\/coresparkbattery.com\/es\/customized-lifepo4-24v-36v-70v-80v-forklift-battery-with-200ah-400ah-500ah-600ah-lithium-ion-forklift-battery\/","title":{"rendered":"Bater\u00eda de carretilla elevadora Lifepo4 24V 36v 70V 80v con 200Ah 400Ah 500Ah 600Ah de iones de litio personalizada"},"content":{"rendered":"<p>Especificaci\u00f3n del producto<br \/>\nTensi\u00f3n nominal: 24V\/36V\/48V\/60V\/70V\/72V\/80V<br \/>\nCapacidad nominal: 100Ah-1000Ah<br \/>\nEnerg\u00eda nominal: 2560Wh-80000Wh<br \/>\nVida \u00fatil: \u22655000 ciclos<br \/>\nTemperatura de carga\/descarga\/almacenamiento: 0~45\u00b0C \/ -20~55\u00b0C \/ -10~45\u00b0C<br \/>\nCorriente de carga y descarga: personalizable hasta 300 A continuos, 600 A de pico.<br \/>\nComunicaci\u00f3n: CAN Veh\u00edculo, CAN Carga, CAN Intranet, 485, Inal\u00e1mbrico<br \/>\nDimensiones y peso: Personalizado<br \/>\nPuntos fuertes de la empresa<br \/>\nFabricante con certificaci\u00f3n ISO 9001. Gran capacidad de I+D con un equipo t\u00e9cnico experimentado. Servicio profesional OEM y ODM. M\u00faltiples l\u00edneas de producci\u00f3n y suficiente mano de obra. Un estricto sistema de control de calidad garantiza una alta calidad constante. Producci\u00f3n integrada para un suministro rentable y estable.<\/p>","protected":false},"excerpt":{"rendered":"<p>Bater\u00edas de 24V 200Ah para carretillas elevadoras, Bater\u00edas de litio para carretillas elevadoras, Bater\u00edas sin mantenimiento para carretillas elevadoras, Bater\u00edas de contrapeso para carretillas elevadoras<\/p>","protected":false},"featured_media":905,"template":"","meta":{"_gspb_post_css":""},"product_brand":[],"product_cat":[491],"product_tag":[315,318,317,316],"class_list":{"0":"post-507","1":"product","2":"type-product","3":"status-publish","4":"has-post-thumbnail","6":"product_cat-forklift-battery-pack","7":"product_tag-24v-200ah-forklift-battery-pack","8":"product_tag-forklift-battery-pack-for-counterbalance","9":"product_tag-forklift-battery-pack-maintenance-free","10":"product_tag-lithium-forklift-battery-pack","12":"first","13":"instock","14":"featured","15":"shipping-taxable","16":"product-type-simple"},"_links":{"self":[{"href":"https:\/\/coresparkbattery.com\/es\/wp-json\/wp\/v2\/product\/507","targetHints":{"allow":["GET"]}}],"collection":[{"href":"https:\/\/coresparkbattery.com\/es\/wp-json\/wp\/v2\/product"}],"about":[{"href":"https:\/\/coresparkbattery.com\/es\/wp-json\/wp\/v2\/types\/product"}],"wp:featuredmedia":[{"embeddable":true,"href":"https:\/\/coresparkbattery.com\/es\/wp-json\/wp\/v2\/media\/905"}],"wp:attachment":[{"href":"https:\/\/coresparkbattery.com\/es\/wp-json\/wp\/v2\/media?parent=507"}],"wp:term":[{"taxonomy":"product_brand","embeddable":true,"href":"https:\/\/coresparkbattery.com\/es\/wp-json\/wp\/v2\/product_brand?post=507"},{"taxonomy":"product_cat","embeddable":true,"href":"https:\/\/coresparkbattery.com\/es\/wp-json\/wp\/v2\/product_cat?post=507"},{"taxonomy":"product_tag","embeddable":true,"href":"https:\/\/coresparkbattery.com\/es\/wp-json\/wp\/v2\/product_tag?post=507"}],"curies":[{"name":"wp","href":"https:\/\/api.w.org\/{rel}","templated":true}]}}