{"id":506,"date":"2026-04-28T08:15:39","date_gmt":"2026-04-28T08:15:39","guid":{"rendered":"https:\/\/coresparkbattery.com\/customized-oem-odm-forklift-lifepo4-24v-36v-70v-80v-forklift-battery-with-200ah-400ah-500ah-600ah-lithium-battery-for-forklift\/"},"modified":"2026-04-28T10:50:46","modified_gmt":"2026-04-28T10:50:46","slug":"customized-oem-odm-forklift-lifepo4-24v-36v-70v-80v-forklift-battery-with-200ah-400ah-500ah-600ah-lithium-battery-for-forklift","status":"publish","type":"product","link":"https:\/\/coresparkbattery.com\/es\/customized-oem-odm-forklift-lifepo4-24v-36v-70v-80v-forklift-battery-with-200ah-400ah-500ah-600ah-lithium-battery-for-forklift\/","title":{"rendered":"Personalizada OEM ODM Carretilla elevadora Lifepo4 24V 36v 70V 80v Carretilla elevadora de la bater\u00eda con 200Ah 400Ah 500Ah 600Ah bater\u00eda de litio para carretillas elevadoras"},"content":{"rendered":"<p>Bater\u00eda LiFePO4 de alto rendimiento<br \/>\nDisponible en 24V\/36V\/48V\/60V\/70V\/72V\/80V, con capacidad de 100Ah-1000Ah y energ\u00eda de 2560Wh-80000Wh. Tama\u00f1o y peso personalizados. La vida \u00fatil supera los 5000 ciclos. La corriente de carga\/descarga flexible y la amplia temperatura de trabajo garantizan un rendimiento estable en diversos entornos. Numerosas opciones de comunicaci\u00f3n: CAN bus, RS485, comunicaci\u00f3n inal\u00e1mbrica.<br \/>\nPor qu\u00e9 elegirnos<br \/>\nF\u00e1brica certificada ISO 9001 | Equipo profesional de I+D | Soluci\u00f3n integral OEM y ODM | M\u00faltiples l\u00edneas de producci\u00f3n automatizadas | Estricto control de calidad | Integraci\u00f3n total de la cadena industrial para una calidad fiable.<\/p>","protected":false},"excerpt":{"rendered":"<p>Bater\u00edas de 24V 100Ah para carretillas elevadoras, Bater\u00edas el\u00e9ctricas para carretillas elevadoras, Bater\u00edas para carretillas elevadoras con BMS, Bater\u00edas para carretillas apiladoras<\/p>","protected":false},"featured_media":901,"template":"","meta":{"_gspb_post_css":""},"product_brand":[],"product_cat":[491],"product_tag":[311,312,314,313],"class_list":{"0":"post-506","1":"product","2":"type-product","3":"status-publish","4":"has-post-thumbnail","6":"product_cat-forklift-battery-pack","7":"product_tag-24v-100ah-forklift-battery-pack","8":"product_tag-electric-forklift-battery-pack","9":"product_tag-forklift-battery-pack-for-stacker","10":"product_tag-forklift-battery-pack-with-bms","12":"first","13":"instock","14":"featured","15":"shipping-taxable","16":"product-type-simple"},"_links":{"self":[{"href":"https:\/\/coresparkbattery.com\/es\/wp-json\/wp\/v2\/product\/506","targetHints":{"allow":["GET"]}}],"collection":[{"href":"https:\/\/coresparkbattery.com\/es\/wp-json\/wp\/v2\/product"}],"about":[{"href":"https:\/\/coresparkbattery.com\/es\/wp-json\/wp\/v2\/types\/product"}],"wp:featuredmedia":[{"embeddable":true,"href":"https:\/\/coresparkbattery.com\/es\/wp-json\/wp\/v2\/media\/901"}],"wp:attachment":[{"href":"https:\/\/coresparkbattery.com\/es\/wp-json\/wp\/v2\/media?parent=506"}],"wp:term":[{"taxonomy":"product_brand","embeddable":true,"href":"https:\/\/coresparkbattery.com\/es\/wp-json\/wp\/v2\/product_brand?post=506"},{"taxonomy":"product_cat","embeddable":true,"href":"https:\/\/coresparkbattery.com\/es\/wp-json\/wp\/v2\/product_cat?post=506"},{"taxonomy":"product_tag","embeddable":true,"href":"https:\/\/coresparkbattery.com\/es\/wp-json\/wp\/v2\/product_tag?post=506"}],"curies":[{"name":"wp","href":"https:\/\/api.w.org\/{rel}","templated":true}]}}