{"id":505,"date":"2026-04-28T08:15:39","date_gmt":"2026-04-28T08:15:39","guid":{"rendered":"https:\/\/coresparkbattery.com\/48v-deep-cycle-forklift-battery-48v-300ah-lithium-72v-100ah-150ah-200ah-300ah-400ah-500ah-lithium-lifepo4-battery-for-forklifts\/"},"modified":"2026-04-28T10:49:31","modified_gmt":"2026-04-28T10:49:31","slug":"48v-deep-cycle-forklift-battery-48v-300ah-lithium-72v-100ah-150ah-200ah-300ah-400ah-500ah-lithium-lifepo4-battery-for-forklifts","status":"publish","type":"product","link":"https:\/\/coresparkbattery.com\/es\/48v-deep-cycle-forklift-battery-48v-300ah-lithium-72v-100ah-150ah-200ah-300ah-400ah-500ah-lithium-lifepo4-battery-for-forklifts\/","title":{"rendered":"Bater\u00eda 48V Ciclo Profundo 48V 300Ah Litio 72V 100ah 150ah 200Ah 300Ah 400Ah 500Ah Litio Lifepo4 Bater\u00eda para carretillas elevadoras"},"content":{"rendered":"<p>Especificaciones de la bater\u00eda LiFePO4<br \/>\nEste pack de bater\u00edas de litio admite tensiones nominales de 24V\/36V\/48V\/60V\/70V\/72V\/80V, con una capacidad nominal de 100Ah a 1000Ah y una energ\u00eda nominal de 2560Wh a 80000Wh. La dimensi\u00f3n y el peso son totalmente personalizados para satisfacer las diferentes necesidades de aplicaci\u00f3n. Ofrece \u22655000 ciclos profundos para una larga vida \u00fatil. La tensi\u00f3n de carga oscila entre 29,3 V y 91,3 V, y la tensi\u00f3n de corte de descarga entre 20 V y 62,5 V. La corriente de carga continua m\u00e1xima alcanza los 100 A (personalizable), la corriente de descarga continua m\u00e1xima es de 100 A\/200 A\/300 A (personalizable), y la corriente de descarga m\u00e1xima de hasta 600 A (personalizable).<br \/>\nPresenta un amplio rango de temperaturas: carga a 0~45\u00b0C, descarga a -20~55\u00b0C y almacenamiento a -10~45\u00b0C. Soporta m\u00faltiples modos de comunicaci\u00f3n, incluyendo Vehicle CAN, Charge CAN, Intranet CAN, RS485 y comunicaci\u00f3n inal\u00e1mbrica.<br \/>\nPor qu\u00e9 elegirnos<br \/>\nSomos una f\u00e1brica con certificaci\u00f3n ISO 9001 que cuenta con un equipo profesional de I+D compuesto por ingenieros y dise\u00f1adores experimentados. Estamos especializados en servicios OEM y ODM con el apoyo de m\u00faltiples l\u00edneas de producci\u00f3n y trabajadores cualificados. Con estrictos sistemas de control de calidad en toda la producci\u00f3n, garantizamos productos estables y de alto rendimiento mediante una fabricaci\u00f3n integrada desde la materia prima hasta los productos acabados.<\/p>","protected":false},"excerpt":{"rendered":"<p>Paquete de bater\u00edas de 80 V para carretillas elevadoras, Paquete de bater\u00edas para carretillas elevadoras, Paquete de bater\u00edas de alta capacidad para carretillas elevadoras, Paquete de bater\u00edas para transpaletas elevadoras<\/p>","protected":false},"featured_media":897,"template":"","meta":{"_gspb_post_css":""},"product_brand":[],"product_cat":[491],"product_tag":[307,308,310,309],"class_list":{"0":"post-505","1":"product","2":"type-product","3":"status-publish","4":"has-post-thumbnail","6":"product_cat-forklift-battery-pack","7":"product_tag-80v-forklift-battery-pack","8":"product_tag-forklift-battery-pack","9":"product_tag-forklift-battery-pack-for-pallet-jack","10":"product_tag-high-capacity-forklift-battery-pack","12":"first","13":"instock","14":"featured","15":"shipping-taxable","16":"product-type-simple"},"_links":{"self":[{"href":"https:\/\/coresparkbattery.com\/es\/wp-json\/wp\/v2\/product\/505","targetHints":{"allow":["GET"]}}],"collection":[{"href":"https:\/\/coresparkbattery.com\/es\/wp-json\/wp\/v2\/product"}],"about":[{"href":"https:\/\/coresparkbattery.com\/es\/wp-json\/wp\/v2\/types\/product"}],"wp:featuredmedia":[{"embeddable":true,"href":"https:\/\/coresparkbattery.com\/es\/wp-json\/wp\/v2\/media\/897"}],"wp:attachment":[{"href":"https:\/\/coresparkbattery.com\/es\/wp-json\/wp\/v2\/media?parent=505"}],"wp:term":[{"taxonomy":"product_brand","embeddable":true,"href":"https:\/\/coresparkbattery.com\/es\/wp-json\/wp\/v2\/product_brand?post=505"},{"taxonomy":"product_cat","embeddable":true,"href":"https:\/\/coresparkbattery.com\/es\/wp-json\/wp\/v2\/product_cat?post=505"},{"taxonomy":"product_tag","embeddable":true,"href":"https:\/\/coresparkbattery.com\/es\/wp-json\/wp\/v2\/product_tag?post=505"}],"curies":[{"name":"wp","href":"https:\/\/api.w.org\/{rel}","templated":true}]}}