{"id":503,"date":"2026-04-28T08:15:39","date_gmt":"2026-04-28T08:15:39","guid":{"rendered":"https:\/\/coresparkbattery.com\/factory-custom-lithium-battery-for-forklift-24v-36v-48v-300ah-800ah-high-capacity-forklift-battery-lifepo4-battery-for-forklifts\/"},"modified":"2026-04-28T10:47:42","modified_gmt":"2026-04-28T10:47:42","slug":"factory-custom-lithium-battery-for-forklift-24v-36v-48v-300ah-800ah-high-capacity-forklift-battery-lifepo4-battery-for-forklifts","status":"publish","type":"product","link":"https:\/\/coresparkbattery.com\/es\/factory-custom-lithium-battery-for-forklift-24v-36v-48v-300ah-800ah-high-capacity-forklift-battery-lifepo4-battery-for-forklifts\/","title":{"rendered":"Bater\u00eda de litio a medida de f\u00e1brica para carretillas elevadoras 24V 36V 48V 300Ah 800Ah Bater\u00eda de alta capacidad para carretillas elevadoras Lifepo4 Bater\u00eda para carretillas elevadoras"},"content":{"rendered":"<p>Bater\u00eda LiFePO4 para carretillas elevadoras<br \/>\nDise\u00f1ada para aplicaciones pesadas de carretillas elevadoras, esta bater\u00eda LiFePO4 ofrece una vida \u00fatil ultralarga de 4000-5000 ciclos y una excelente tolerancia a temperaturas de -20\u2103 a 55\u2103. Con hasta 32 celdas y opciones de voltaje completo (24V\/36V\/48V\/60V\/70V\/72V\/80V), es totalmente personalizable en marca, tama\u00f1o, dimensi\u00f3n y peso. OEM y ODM son compatibles con un MOQ bajo de 10. Fabricado en Guangdong, China, es recargable y est\u00e1 respaldado por una garant\u00eda de 5 a\u00f1os.<\/p>","protected":false},"excerpt":{"rendered":"<p>Paquete de bater\u00edas de 60 V para carretillas elevadoras, Recambio de paquete de bater\u00edas para carretillas elevadoras, Proveedor de paquete de bater\u00edas para carretillas elevadoras, Paquete de bater\u00edas para carretillas elevadoras para puerto<\/p>","protected":false},"featured_media":887,"template":"","meta":{"_gspb_post_css":""},"product_brand":[],"product_cat":[491],"product_tag":[299,302,300,301],"class_list":{"0":"post-503","1":"product","2":"type-product","3":"status-publish","4":"has-post-thumbnail","6":"product_cat-forklift-battery-pack","7":"product_tag-60v-forklift-battery-pack","8":"product_tag-forklift-battery-pack-for-port","9":"product_tag-forklift-battery-pack-replacement","10":"product_tag-forklift-battery-pack-supplier","12":"first","13":"instock","14":"featured","15":"shipping-taxable","16":"product-type-simple"},"_links":{"self":[{"href":"https:\/\/coresparkbattery.com\/es\/wp-json\/wp\/v2\/product\/503","targetHints":{"allow":["GET"]}}],"collection":[{"href":"https:\/\/coresparkbattery.com\/es\/wp-json\/wp\/v2\/product"}],"about":[{"href":"https:\/\/coresparkbattery.com\/es\/wp-json\/wp\/v2\/types\/product"}],"wp:featuredmedia":[{"embeddable":true,"href":"https:\/\/coresparkbattery.com\/es\/wp-json\/wp\/v2\/media\/887"}],"wp:attachment":[{"href":"https:\/\/coresparkbattery.com\/es\/wp-json\/wp\/v2\/media?parent=503"}],"wp:term":[{"taxonomy":"product_brand","embeddable":true,"href":"https:\/\/coresparkbattery.com\/es\/wp-json\/wp\/v2\/product_brand?post=503"},{"taxonomy":"product_cat","embeddable":true,"href":"https:\/\/coresparkbattery.com\/es\/wp-json\/wp\/v2\/product_cat?post=503"},{"taxonomy":"product_tag","embeddable":true,"href":"https:\/\/coresparkbattery.com\/es\/wp-json\/wp\/v2\/product_tag?post=503"}],"curies":[{"name":"wp","href":"https:\/\/api.w.org\/{rel}","templated":true}]}}