{"id":502,"date":"2026-04-28T08:15:39","date_gmt":"2026-04-28T08:15:39","guid":{"rendered":"https:\/\/coresparkbattery.com\/24v-210ah-forklift-battery-24v-36v-48v-300ah-800ah-high-capacity-forklift-battery-lifepo4-battery-for-forklifts\/"},"modified":"2026-04-28T10:46:43","modified_gmt":"2026-04-28T10:46:43","slug":"24v-210ah-forklift-battery-24v-36v-48v-300ah-800ah-high-capacity-forklift-battery-lifepo4-battery-for-forklifts","status":"publish","type":"product","link":"https:\/\/coresparkbattery.com\/es\/24v-210ah-forklift-battery-24v-36v-48v-300ah-800ah-high-capacity-forklift-battery-lifepo4-battery-for-forklifts\/","title":{"rendered":"24v 210ah Bater\u00eda para carretillas elevadoras 24V 36V 48V 300Ah 800Ah Bater\u00eda de alta capacidad para carretillas elevadoras Lifepo4 Bater\u00eda para carretillas elevadoras"},"content":{"rendered":"<p>Bater\u00eda LiFePO4 para carretillas elevadoras<br \/>\nNuestra bater\u00eda de litio hierro fosfato para montacargas adopta materiales de c\u00e1todo LiFePO4 con una vida \u00fatil de 4000 a 5000 ciclos. Funciona establemente en -20\u2103 ~ 55\u2103 y soporta hasta 32 celdas. Modelos de voltaje: 24V, 36V, 48V, 60V, 70V, 72V, 80V. Marca personalizable, dimensi\u00f3n, tama\u00f1o y peso son compatibles. Servicio OEM &amp; ODM disponible con MOQ 10 unidades. Producida en Guangdong, China, la bater\u00eda recargable incluye una garant\u00eda de 5 a\u00f1os.<\/p>","protected":false},"excerpt":{"rendered":"<p>Paquete de bater\u00edas de 51,2 V para carretillas elevadoras, Paquete de bater\u00edas de litio para carretillas elevadoras, Fabricante de paquetes de bater\u00edas para carretillas elevadoras, Paquete de bater\u00edas para carretillas elevadoras para f\u00e1brica<\/p>","protected":false},"featured_media":882,"template":"","meta":{"_gspb_post_css":""},"product_brand":[],"product_cat":[491],"product_tag":[295,298,297,296],"class_list":{"0":"post-502","1":"product","2":"type-product","3":"status-publish","4":"has-post-thumbnail","6":"product_cat-forklift-battery-pack","7":"product_tag-51-2v-forklift-battery-pack","8":"product_tag-forklift-battery-pack-for-factory","9":"product_tag-forklift-battery-pack-manufacturer","10":"product_tag-forklift-lithium-battery-pack","12":"first","13":"instock","14":"featured","15":"shipping-taxable","16":"product-type-simple"},"_links":{"self":[{"href":"https:\/\/coresparkbattery.com\/es\/wp-json\/wp\/v2\/product\/502","targetHints":{"allow":["GET"]}}],"collection":[{"href":"https:\/\/coresparkbattery.com\/es\/wp-json\/wp\/v2\/product"}],"about":[{"href":"https:\/\/coresparkbattery.com\/es\/wp-json\/wp\/v2\/types\/product"}],"wp:featuredmedia":[{"embeddable":true,"href":"https:\/\/coresparkbattery.com\/es\/wp-json\/wp\/v2\/media\/882"}],"wp:attachment":[{"href":"https:\/\/coresparkbattery.com\/es\/wp-json\/wp\/v2\/media?parent=502"}],"wp:term":[{"taxonomy":"product_brand","embeddable":true,"href":"https:\/\/coresparkbattery.com\/es\/wp-json\/wp\/v2\/product_brand?post=502"},{"taxonomy":"product_cat","embeddable":true,"href":"https:\/\/coresparkbattery.com\/es\/wp-json\/wp\/v2\/product_cat?post=502"},{"taxonomy":"product_tag","embeddable":true,"href":"https:\/\/coresparkbattery.com\/es\/wp-json\/wp\/v2\/product_tag?post=502"}],"curies":[{"name":"wp","href":"https:\/\/api.w.org\/{rel}","templated":true}]}}