{"id":501,"date":"2026-04-28T08:15:39","date_gmt":"2026-04-28T08:15:39","guid":{"rendered":"https:\/\/coresparkbattery.com\/lithium-battery-for-forklift-24v-36v-48v-300ah-600ah-high-capacity-forklift-battery-lifepo4-battery-for-forklifts\/"},"modified":"2026-04-28T10:45:46","modified_gmt":"2026-04-28T10:45:46","slug":"lithium-battery-for-forklift-24v-36v-48v-300ah-600ah-high-capacity-forklift-battery-lifepo4-battery-for-forklifts","status":"publish","type":"product","link":"https:\/\/coresparkbattery.com\/es\/lithium-battery-for-forklift-24v-36v-48v-300ah-600ah-high-capacity-forklift-battery-lifepo4-battery-for-forklifts\/","title":{"rendered":"Bater\u00eda de litio para carretillas elevadoras 24V 36V 48V 300Ah 600Ah Bater\u00eda de alta capacidad para carretillas elevadoras Lifepo4 Bater\u00eda para carretillas elevadoras"},"content":{"rendered":"<p>Bater\u00eda LiFePO4 para carretillas elevadoras<br \/>\nConstruida con material cat\u00f3dico LiFePO4 de primera calidad, esta bater\u00eda para carretillas elevadoras ofrece 4000-5000 ciclos y un rendimiento fiable de -20\u2103 a 55\u2103. Admite un m\u00e1ximo de 32 celdas y m\u00faltiples configuraciones de voltaje: 24V, 36V, 48V, 60V, 70V, 72V, 80V. Se proporcionan dimensiones, tama\u00f1o y peso personalizados. OEM y ODM son aceptables con MOQ 10. Fabricada en Guangdong, China, la bater\u00eda recargable tiene una garant\u00eda de 5 a\u00f1os.<\/p>","protected":false},"excerpt":{"rendered":"<p>Bater\u00edas de 48 V para carretillas elevadoras, Bater\u00edas de tracci\u00f3n para carretillas elevadoras, Bater\u00edas a medida para carretillas elevadoras, Bater\u00edas para carretillas elevadoras log\u00edsticas<\/p>","protected":false},"featured_media":878,"template":"","meta":{"_gspb_post_css":""},"product_brand":[],"product_cat":[491],"product_tag":[291,293,294,292],"class_list":{"0":"post-501","1":"product","2":"type-product","3":"status-publish","4":"has-post-thumbnail","6":"product_cat-forklift-battery-pack","7":"product_tag-48v-forklift-battery-pack","8":"product_tag-custom-forklift-battery-pack","9":"product_tag-forklift-battery-pack-for-logistics","10":"product_tag-forklift-traction-battery-pack","12":"first","13":"instock","14":"featured","15":"shipping-taxable","16":"product-type-simple"},"_links":{"self":[{"href":"https:\/\/coresparkbattery.com\/es\/wp-json\/wp\/v2\/product\/501","targetHints":{"allow":["GET"]}}],"collection":[{"href":"https:\/\/coresparkbattery.com\/es\/wp-json\/wp\/v2\/product"}],"about":[{"href":"https:\/\/coresparkbattery.com\/es\/wp-json\/wp\/v2\/types\/product"}],"wp:featuredmedia":[{"embeddable":true,"href":"https:\/\/coresparkbattery.com\/es\/wp-json\/wp\/v2\/media\/878"}],"wp:attachment":[{"href":"https:\/\/coresparkbattery.com\/es\/wp-json\/wp\/v2\/media?parent=501"}],"wp:term":[{"taxonomy":"product_brand","embeddable":true,"href":"https:\/\/coresparkbattery.com\/es\/wp-json\/wp\/v2\/product_brand?post=501"},{"taxonomy":"product_cat","embeddable":true,"href":"https:\/\/coresparkbattery.com\/es\/wp-json\/wp\/v2\/product_cat?post=501"},{"taxonomy":"product_tag","embeddable":true,"href":"https:\/\/coresparkbattery.com\/es\/wp-json\/wp\/v2\/product_tag?post=501"}],"curies":[{"name":"wp","href":"https:\/\/api.w.org\/{rel}","templated":true}]}}