{"id":500,"date":"2026-04-28T08:15:39","date_gmt":"2026-04-28T08:15:39","guid":{"rendered":"https:\/\/coresparkbattery.com\/lithium-battery-for-forklift-24v-200ah-36v-48v-300ah-600ah-800ah-high-capacity-forklift-battery-lifepo4-battery-for-forklifts\/"},"modified":"2026-04-28T10:06:31","modified_gmt":"2026-04-28T10:06:31","slug":"lithium-battery-for-forklift-24v-200ah-36v-48v-300ah-600ah-800ah-high-capacity-forklift-battery-lifepo4-battery-for-forklifts","status":"publish","type":"product","link":"https:\/\/coresparkbattery.com\/es\/lithium-battery-for-forklift-24v-200ah-36v-48v-300ah-600ah-800ah-high-capacity-forklift-battery-lifepo4-battery-for-forklifts\/","title":{"rendered":"Bater\u00eda de litio para carretillas elevadoras 24V 200Ah 36V 48V 300Ah 600Ah 800Ah Bater\u00eda de alta capacidad para carretillas elevadoras Lifepo4 Bater\u00eda para carretillas elevadoras"},"content":{"rendered":"<p>Bater\u00eda LiFePO4 para carretillas elevadoras<br \/>\nEsta bater\u00eda de litio hierro fosfato para carretillas elevadoras cuenta con materiales de c\u00e1todo LiFePO4 para una estabilidad excepcional y una larga vida \u00fatil de 4000-5000 ciclos. Admite una amplia gama de temperaturas de funcionamiento de -20\u2103 a 55\u2103 (-4\u2109 a 131\u2109) y puede alojar hasta 32 celdas. Los voltajes disponibles incluyen 24V, 36V, 48V, 60V, 70V, 72V, y 80V. Todas las dimensiones, el tama\u00f1o y el peso est\u00e1n totalmente personalizados para satisfacer los requisitos de varias carretillas elevadoras. Los servicios OEM y ODM est\u00e1n disponibles con un MOQ de 10 piezas. La bater\u00eda recargable se fabrica en Guangdong, China, y est\u00e1 respaldada por una garant\u00eda de 5 a\u00f1os.<\/p>","protected":false},"excerpt":{"rendered":"<p>Bater\u00eda de carretilla elevadora de 36 V, Bater\u00eda de carretilla elevadora recargable, Bater\u00eda de carretilla elevadora OEM, Bater\u00eda de carretilla elevadora para almac\u00e9n<\/p>","protected":false},"featured_media":873,"template":"","meta":{"_gspb_post_css":""},"product_brand":[],"product_cat":[491],"product_tag":[287,290,289,288],"class_list":{"0":"post-500","1":"product","2":"type-product","3":"status-publish","4":"has-post-thumbnail","6":"product_cat-forklift-battery-pack","7":"product_tag-36v-forklift-battery-pack","8":"product_tag-forklift-battery-pack-for-warehouse","9":"product_tag-oem-forklift-battery-pack","10":"product_tag-rechargeable-forklift-battery-pack","12":"first","13":"instock","14":"featured","15":"shipping-taxable","16":"product-type-simple"},"_links":{"self":[{"href":"https:\/\/coresparkbattery.com\/es\/wp-json\/wp\/v2\/product\/500","targetHints":{"allow":["GET"]}}],"collection":[{"href":"https:\/\/coresparkbattery.com\/es\/wp-json\/wp\/v2\/product"}],"about":[{"href":"https:\/\/coresparkbattery.com\/es\/wp-json\/wp\/v2\/types\/product"}],"wp:featuredmedia":[{"embeddable":true,"href":"https:\/\/coresparkbattery.com\/es\/wp-json\/wp\/v2\/media\/873"}],"wp:attachment":[{"href":"https:\/\/coresparkbattery.com\/es\/wp-json\/wp\/v2\/media?parent=500"}],"wp:term":[{"taxonomy":"product_brand","embeddable":true,"href":"https:\/\/coresparkbattery.com\/es\/wp-json\/wp\/v2\/product_brand?post=500"},{"taxonomy":"product_cat","embeddable":true,"href":"https:\/\/coresparkbattery.com\/es\/wp-json\/wp\/v2\/product_cat?post=500"},{"taxonomy":"product_tag","embeddable":true,"href":"https:\/\/coresparkbattery.com\/es\/wp-json\/wp\/v2\/product_tag?post=500"}],"curies":[{"name":"wp","href":"https:\/\/api.w.org\/{rel}","templated":true}]}}