{"id":499,"date":"2026-04-28T08:15:39","date_gmt":"2026-04-28T08:15:39","guid":{"rendered":"https:\/\/coresparkbattery.com\/new-agv-forklift-lifepo4-battery-24v-100ah-lithium-battery-51-2v-460ah-600ah-lithium-battery-for-autonomous-navigation-forklift\/"},"modified":"2026-04-28T10:05:28","modified_gmt":"2026-04-28T10:05:28","slug":"new-agv-forklift-lifepo4-battery-24v-100ah-lithium-battery-51-2v-460ah-600ah-lithium-battery-for-autonomous-navigation-forklift","status":"publish","type":"product","link":"https:\/\/coresparkbattery.com\/es\/new-agv-forklift-lifepo4-battery-24v-100ah-lithium-battery-51-2v-460ah-600ah-lithium-battery-for-autonomous-navigation-forklift\/","title":{"rendered":"NUEVA AGV Carretilla elevadora LifePo4 Bater\u00eda 24V 100Ah Bater\u00eda de litio 51.2V 460Ah 600Ah Bater\u00eda de litio para carretilla elevadora de navegaci\u00f3n aut\u00f3noma"},"content":{"rendered":"<p>Bater\u00eda LiFePO4 para carretillas elevadoras<br \/>\nFabricada con material de c\u00e1todo LiFePO4 de alto rendimiento, esta bater\u00eda de litio hierro fosfato para carretillas elevadoras ofrece una excepcional vida \u00fatil de hasta 4000-5000 ciclos para uso industrial a largo plazo. Admite un amplio rango de temperaturas de funcionamiento de -20\u2103 a 55\u2103 (-4\u2109 a 131\u2109), lo que garantiza un rendimiento estable en diversos entornos de trabajo. El pack de bater\u00edas puede soportar una carga m\u00e1xima de 32 celdas y est\u00e1 disponible en m\u00faltiples opciones de voltaje: 24V, 36V, 48V, 60V, 70V, 72V y 80V.<br \/>\nTodas las especificaciones, incluidas las dimensiones (LWH) y el peso, son totalmente personalizables para adaptarse a diferentes modelos de carretillas elevadoras. Se aceptan servicios OEM y ODM con un bajo MOQ de 2 piezas. La bater\u00eda es recargable, no necesita mantenimiento y est\u00e1 respaldada por una garant\u00eda de 5 a\u00f1os para una aplicaci\u00f3n industrial fiable.<\/p>","protected":false},"excerpt":{"rendered":"<p>Bater\u00edas de 24V para carretillas elevadoras, Bater\u00edas para carretillas elevadoras industriales, Bater\u00edas para carretillas elevadoras al por mayor, Bater\u00edas de ciclo profundo para carretillas elevadoras<\/p>","protected":false},"featured_media":868,"template":"","meta":{"_gspb_post_css":""},"product_brand":[],"product_cat":[491],"product_tag":[283,286,284,285],"class_list":{"0":"post-499","1":"product","2":"type-product","3":"status-publish","4":"has-post-thumbnail","6":"product_cat-forklift-battery-pack","7":"product_tag-24v-forklift-battery-pack","8":"product_tag-forklift-battery-pack-deep-cycle","9":"product_tag-industrial-forklift-battery-pack","10":"product_tag-wholesale-forklift-battery-pack","12":"first","13":"instock","14":"featured","15":"shipping-taxable","16":"product-type-simple"},"_links":{"self":[{"href":"https:\/\/coresparkbattery.com\/es\/wp-json\/wp\/v2\/product\/499","targetHints":{"allow":["GET"]}}],"collection":[{"href":"https:\/\/coresparkbattery.com\/es\/wp-json\/wp\/v2\/product"}],"about":[{"href":"https:\/\/coresparkbattery.com\/es\/wp-json\/wp\/v2\/types\/product"}],"wp:featuredmedia":[{"embeddable":true,"href":"https:\/\/coresparkbattery.com\/es\/wp-json\/wp\/v2\/media\/868"}],"wp:attachment":[{"href":"https:\/\/coresparkbattery.com\/es\/wp-json\/wp\/v2\/media?parent=499"}],"wp:term":[{"taxonomy":"product_brand","embeddable":true,"href":"https:\/\/coresparkbattery.com\/es\/wp-json\/wp\/v2\/product_brand?post=499"},{"taxonomy":"product_cat","embeddable":true,"href":"https:\/\/coresparkbattery.com\/es\/wp-json\/wp\/v2\/product_cat?post=499"},{"taxonomy":"product_tag","embeddable":true,"href":"https:\/\/coresparkbattery.com\/es\/wp-json\/wp\/v2\/product_tag?post=499"}],"curies":[{"name":"wp","href":"https:\/\/api.w.org\/{rel}","templated":true}]}}