{"id":498,"date":"2026-04-28T08:15:39","date_gmt":"2026-04-28T08:15:39","guid":{"rendered":"https:\/\/coresparkbattery.com\/12v-460ah-12v-230ah-lifepo4-battery-pack-12-8v-230ah-lithium-battery-pack-for-rv-for-uninterruptible-power-supplies\/"},"modified":"2026-04-28T10:00:18","modified_gmt":"2026-04-28T10:00:18","slug":"12v-460ah-12v-230ah-lifepo4-battery-pack-12-8v-230ah-lithium-battery-pack-for-rv-for-uninterruptible-power-supplies","status":"publish","type":"product","link":"https:\/\/coresparkbattery.com\/es\/12v-460ah-12v-230ah-lifepo4-battery-pack-12-8v-230ah-lithium-battery-pack-for-rv-for-uninterruptible-power-supplies\/","title":{"rendered":"12V 460Ah 12V 230AH Lifepo4 Bater\u00eda 12.8V 230AH Bater\u00eda de Litio para RV para Sistemas de Alimentaci\u00f3n Ininterrumpida"},"content":{"rendered":"<p>Dise\u00f1o totalmente nuevo, seguridad total<br \/>\nLa bater\u00eda de litio de 460 Ah para veh\u00edculos recreativos es resistente al desgaste y duradera gracias a la carcasa de bater\u00eda SPCC de alta calidad recientemente adoptada, y optimizamos el dise\u00f1o y la construcci\u00f3n internos. La bater\u00eda tambi\u00e9n viene con un interruptor principal para encenderla o apagarla con s\u00f3lo pulsar un bot\u00f3n. Y hay un term\u00f3metro y un higr\u00f3metro en la parte superior para mostrar la temperatura y la humedad de la bater\u00eda en tiempo real.<\/p>\n<p>Tama\u00f1o compacto Potencia m\u00e1xima<br \/>\n12V 460Ah LiFePO4 RV bater\u00eda es equivalente a la energ\u00eda de 5 x 100Ah bater\u00edas, pero ocup\u00f3 s\u00f3lo 1,1ft\u00b3 de espacio y es m\u00e1s peque\u00f1o que 5x100ah bater\u00edas. Y ser\u00e1 m\u00e1s f\u00e1cil de mantener e instalar sin necesidad de cables excesivos y dinero. Le ayuda a ahorrar dinero y espacio.<\/p>","protected":false},"excerpt":{"rendered":"<p>12V LiFePO4 RV bater\u00eda para remolque de quinta rueda, 12V LiFePO4 RV bater\u00eda para fuera de la red de cabina y RV, 12V LiFePO4 RV bater\u00eda para aparatos de alta potencia, 12V LiFePO4 RV bater\u00eda para la venta<\/p>","protected":false},"featured_media":863,"template":"","meta":{"_gspb_post_css":""},"product_brand":[],"product_cat":[494,493,492],"product_tag":[279,281,280,282],"class_list":{"0":"post-498","1":"product","2":"type-product","3":"status-publish","4":"has-post-thumbnail","6":"product_cat-12v-lifepo4-battery","7":"product_cat-12v-rv-lifepo4-battery","8":"product_cat-rv-lifepo4-battery","9":"product_tag-12v-lifepo4-rv-battery-for-fifth-wheel-trailer","10":"product_tag-12v-lifepo4-rv-battery-for-high-power-appliances","11":"product_tag-12v-lifepo4-rv-battery-for-off-grid-cabin-and-rv","12":"product_tag-12v-lifepo4-rv-battery-for-sale","14":"first","15":"instock","16":"featured","17":"shipping-taxable","18":"product-type-simple"},"_links":{"self":[{"href":"https:\/\/coresparkbattery.com\/es\/wp-json\/wp\/v2\/product\/498","targetHints":{"allow":["GET"]}}],"collection":[{"href":"https:\/\/coresparkbattery.com\/es\/wp-json\/wp\/v2\/product"}],"about":[{"href":"https:\/\/coresparkbattery.com\/es\/wp-json\/wp\/v2\/types\/product"}],"wp:featuredmedia":[{"embeddable":true,"href":"https:\/\/coresparkbattery.com\/es\/wp-json\/wp\/v2\/media\/863"}],"wp:attachment":[{"href":"https:\/\/coresparkbattery.com\/es\/wp-json\/wp\/v2\/media?parent=498"}],"wp:term":[{"taxonomy":"product_brand","embeddable":true,"href":"https:\/\/coresparkbattery.com\/es\/wp-json\/wp\/v2\/product_brand?post=498"},{"taxonomy":"product_cat","embeddable":true,"href":"https:\/\/coresparkbattery.com\/es\/wp-json\/wp\/v2\/product_cat?post=498"},{"taxonomy":"product_tag","embeddable":true,"href":"https:\/\/coresparkbattery.com\/es\/wp-json\/wp\/v2\/product_tag?post=498"}],"curies":[{"name":"wp","href":"https:\/\/api.w.org\/{rel}","templated":true}]}}