{"id":496,"date":"2026-04-28T08:15:38","date_gmt":"2026-04-28T08:15:38","guid":{"rendered":"https:\/\/coresparkbattery.com\/deep-cycle-12v-460ah-lifepo4-100ah-200ah-300ah-400ah-12volt-solar-lithium-lifepo4-battery-with-smart-bms-for-rv-camper-boat\/"},"modified":"2026-04-28T09:58:05","modified_gmt":"2026-04-28T09:58:05","slug":"deep-cycle-12v-460ah-lifepo4-100ah-200ah-300ah-400ah-12volt-solar-lithium-lifepo4-battery-with-smart-bms-for-rv-camper-boat","status":"publish","type":"product","link":"https:\/\/coresparkbattery.com\/es\/deep-cycle-12v-460ah-lifepo4-100ah-200ah-300ah-400ah-12volt-solar-lithium-lifepo4-battery-with-smart-bms-for-rv-camper-boat\/","title":{"rendered":"Deep Cycle 12v 460ah Lifepo4 100ah 200ah 300ah 400ah 12volt Solar Litio Lifepo4 Bater\u00eda Con Smart Bms para Rv Camper Barco"},"content":{"rendered":"<p>M\u00e1x. 51,2V 1840Ah Capacidad ampliable y 5 a\u00f1os de garant\u00eda<br \/>\nBater\u00eda de fosfato de hierro de litio 12V 460Ah LiFePO4 bater\u00edas podr\u00edan ampliarse a max. 4P4S como un sistema de bater\u00edas 51.2V 1840Ah para obtener 51.2kW de potencia de salida y 94.2kWh de energ\u00eda utilizable.Vatrer Power ofrece una garant\u00eda de cinco a\u00f1os para todas las bater\u00edas. 24hrs amable y profesional de atenci\u00f3n al cliente, cualquier pregunta por favor no dude en contactar con nosotros.<\/p>\n<p>Supervisi\u00f3n de APP m\u00f3viles<br \/>\n12V 460Ah RV bater\u00eda ha a\u00f1adido una funci\u00f3n de APP. Los clientes pueden conectar la bater\u00eda a trav\u00e9s de Mobile APP, supervisar o controlar la bater\u00eda varios datos (SOC) en tiempo real.<\/p>","protected":false},"excerpt":{"rendered":"<p>12V LiFePO4 RV bater\u00eda impermeable IP65, 12V LiFePO4 RV bater\u00eda baja tasa de autodescarga, 12V LiFePO4 RV bater\u00eda segura para uso en interiores, 12V LiFePO4 RV bater\u00eda ecol\u00f3gica sin metales pesados<\/p>","protected":false},"featured_media":853,"template":"","meta":{"_gspb_post_css":""},"product_brand":[],"product_cat":[494,493,492],"product_tag":[274,272,273,271],"class_list":{"0":"post-496","1":"product","2":"type-product","3":"status-publish","4":"has-post-thumbnail","6":"product_cat-12v-lifepo4-battery","7":"product_cat-12v-rv-lifepo4-battery","8":"product_cat-rv-lifepo4-battery","9":"product_tag-12v-lifepo4-rv-battery-eco-friendly-no-heavy-metals","10":"product_tag-12v-lifepo4-rv-battery-low-self-discharge-rate","11":"product_tag-12v-lifepo4-rv-battery-safe-for-indoor-use","12":"product_tag-12v-lifepo4-rv-battery-waterproof-ip65","14":"first","15":"instock","16":"featured","17":"shipping-taxable","18":"product-type-simple"},"_links":{"self":[{"href":"https:\/\/coresparkbattery.com\/es\/wp-json\/wp\/v2\/product\/496","targetHints":{"allow":["GET"]}}],"collection":[{"href":"https:\/\/coresparkbattery.com\/es\/wp-json\/wp\/v2\/product"}],"about":[{"href":"https:\/\/coresparkbattery.com\/es\/wp-json\/wp\/v2\/types\/product"}],"wp:featuredmedia":[{"embeddable":true,"href":"https:\/\/coresparkbattery.com\/es\/wp-json\/wp\/v2\/media\/853"}],"wp:attachment":[{"href":"https:\/\/coresparkbattery.com\/es\/wp-json\/wp\/v2\/media?parent=496"}],"wp:term":[{"taxonomy":"product_brand","embeddable":true,"href":"https:\/\/coresparkbattery.com\/es\/wp-json\/wp\/v2\/product_brand?post=496"},{"taxonomy":"product_cat","embeddable":true,"href":"https:\/\/coresparkbattery.com\/es\/wp-json\/wp\/v2\/product_cat?post=496"},{"taxonomy":"product_tag","embeddable":true,"href":"https:\/\/coresparkbattery.com\/es\/wp-json\/wp\/v2\/product_tag?post=496"}],"curies":[{"name":"wp","href":"https:\/\/api.w.org\/{rel}","templated":true}]}}