{"id":495,"date":"2026-04-28T08:15:38","date_gmt":"2026-04-28T08:15:38","guid":{"rendered":"https:\/\/coresparkbattery.com\/12v-460ah-camper-van-lifepo4-battery-24v-100ah-200ah-300ah-lithium-ion-battery-with-smart-bms-for-rv-motorhomes\/"},"modified":"2026-04-28T09:56:47","modified_gmt":"2026-04-28T09:56:47","slug":"12v-460ah-camper-van-lifepo4-battery-24v-100ah-200ah-300ah-lithium-ion-battery-with-smart-bms-for-rv-motorhomes","status":"publish","type":"product","link":"https:\/\/coresparkbattery.com\/es\/12v-460ah-camper-van-lifepo4-battery-24v-100ah-200ah-300ah-lithium-ion-battery-with-smart-bms-for-rv-motorhomes\/","title":{"rendered":"12V 460ah Camper Van Lifepo4 Bater\u00eda 24V 100ah 200ah 300ah Lithium Ion Battery with Smart BMS for RV Motorhomes"},"content":{"rendered":"<p>BMS de 250 A mejorado y corte por baja temperatura<br \/>\nTras a\u00f1os de investigaci\u00f3n y pruebas, hemos adoptado celdas de grado A que son m\u00e1s aptas para el uso en veh\u00edculos recreativos y caravanas, lo que proporciona a la bater\u00eda un rendimiento potente y estable en cada ciclo. Haga su viaje sin problemas. Y la protecci\u00f3n de corte por baja temperatura evita que la bater\u00eda se da\u00f1e en un entorno de baja temperatura.<\/p>\n<p>Seguridad y respeto al medio ambiente<br \/>\nLa estructura qu\u00edmica estable del fosfato de hierro y litio hace que la bater\u00eda LiFePO4 de 460 Ah no se queme ni explote incluso a altas temperaturas, cortocircuitos, impactos y ca\u00eddas. El m\u00e1s alto nivel de seguridad basado en el Certificado de Pruebas UL para la c\u00e9lula dentro de la bater\u00eda. Adem\u00e1s, no contiene metales pesados ni metales raros y es m\u00e1s respetuosa con el medio ambiente, lo que se conoce como bater\u00eda ecol\u00f3gica.<\/p>","protected":false},"excerpt":{"rendered":"<p>12V LiFePO4 RV bater\u00eda para nevera RV 12V, 12V LiFePO4 RV bater\u00eda para la vida RV a tiempo completo, 12V LiFePO4 RV bater\u00eda libre de mantenimiento, 12V LiFePO4 RV bater\u00eda 10 a\u00f1os de vida<\/p>","protected":false},"featured_media":848,"template":"","meta":{"_gspb_post_css":""},"product_brand":[],"product_cat":[494,493,499,498,492],"product_tag":[270,269,268,236],"class_list":{"0":"post-495","1":"product","2":"type-product","3":"status-publish","4":"has-post-thumbnail","6":"product_cat-12v-lifepo4-battery","7":"product_cat-12v-rv-lifepo4-battery","8":"product_cat-24v-lifepo4-battery","9":"product_cat-24v-rv-lifepo4-battery","10":"product_cat-rv-lifepo4-battery","11":"product_tag-12v-lifepo4-rv-battery-10-year-life","12":"product_tag-12v-lifepo4-rv-battery-for-full-time-rv-living","13":"product_tag-12v-lifepo4-rv-battery-for-rv-fridge-12v","14":"product_tag-12v-lifepo4-rv-battery-maintenance-free","16":"first","17":"instock","18":"featured","19":"shipping-taxable","20":"product-type-simple"},"_links":{"self":[{"href":"https:\/\/coresparkbattery.com\/es\/wp-json\/wp\/v2\/product\/495","targetHints":{"allow":["GET"]}}],"collection":[{"href":"https:\/\/coresparkbattery.com\/es\/wp-json\/wp\/v2\/product"}],"about":[{"href":"https:\/\/coresparkbattery.com\/es\/wp-json\/wp\/v2\/types\/product"}],"wp:featuredmedia":[{"embeddable":true,"href":"https:\/\/coresparkbattery.com\/es\/wp-json\/wp\/v2\/media\/848"}],"wp:attachment":[{"href":"https:\/\/coresparkbattery.com\/es\/wp-json\/wp\/v2\/media?parent=495"}],"wp:term":[{"taxonomy":"product_brand","embeddable":true,"href":"https:\/\/coresparkbattery.com\/es\/wp-json\/wp\/v2\/product_brand?post=495"},{"taxonomy":"product_cat","embeddable":true,"href":"https:\/\/coresparkbattery.com\/es\/wp-json\/wp\/v2\/product_cat?post=495"},{"taxonomy":"product_tag","embeddable":true,"href":"https:\/\/coresparkbattery.com\/es\/wp-json\/wp\/v2\/product_tag?post=495"}],"curies":[{"name":"wp","href":"https:\/\/api.w.org\/{rel}","templated":true}]}}