{"id":492,"date":"2026-04-28T08:15:38","date_gmt":"2026-04-28T08:15:38","guid":{"rendered":"https:\/\/coresparkbattery.com\/24v-100ah-rechargeable-lifepo4-battery-pack-rv-battery-lifepo4-12v-24v-100ah-200ah-lithium-ion-phosphate-batteries\/"},"modified":"2026-04-28T09:53:45","modified_gmt":"2026-04-28T09:53:45","slug":"24v-100ah-rechargeable-lifepo4-battery-pack-rv-battery-lifepo4-12v-24v-100ah-200ah-lithium-ion-phosphate-batteries","status":"publish","type":"product","link":"https:\/\/coresparkbattery.com\/es\/24v-100ah-rechargeable-lifepo4-battery-pack-rv-battery-lifepo4-12v-24v-100ah-200ah-lithium-ion-phosphate-batteries\/","title":{"rendered":"24V 100Ah Recargable Lifepo4 Bater\u00eda RV Bater\u00eda LiFePO4 12V 24V 100Ah 200Ah Bater\u00edas de Ion Fosfato de Litio"},"content":{"rendered":"<p>N\u00famero de modelo 24V 100AH<br \/>\nLugar de origen Guangdong, China<br \/>\nPeso 20 kg<br \/>\nNombre del producto Bater\u00eda Lifepo4 24v 100ah<br \/>\nVida \u00fatil 5000 veces<br \/>\nPeso 20 kg<br \/>\nSe acepta OEM\/ODM<br \/>\nMOQ 2 piezas<br \/>\nTipo fosfato de hierro y litio<br \/>\nDisponible OEM<br \/>\nCon cargo s\u00ed<br \/>\nGarant\u00eda 5 a\u00f1os<br \/>\nTama\u00f1o 522*240*218mm<\/p>","protected":false},"excerpt":{"rendered":"<p>24V 120Ah LiFePO4 RV bater\u00eda, 24V 280Ah LiFePO4 RV bater\u00eda, 24V LiFePO4 bater\u00eda para RV fuera de la red, 24V LiFePO4 bater\u00eda para RV sistema solar<\/p>","protected":false},"featured_media":833,"template":"","meta":{"_gspb_post_css":""},"product_brand":[],"product_cat":[494,493,499,498,492],"product_tag":[256,257,258,259],"class_list":{"0":"post-492","1":"product","2":"type-product","3":"status-publish","4":"has-post-thumbnail","6":"product_cat-12v-lifepo4-battery","7":"product_cat-12v-rv-lifepo4-battery","8":"product_cat-24v-lifepo4-battery","9":"product_cat-24v-rv-lifepo4-battery","10":"product_cat-rv-lifepo4-battery","11":"product_tag-24v-120ah-lifepo4-rv-battery","12":"product_tag-24v-280ah-lifepo4-rv-battery","13":"product_tag-24v-lifepo4-battery-for-rv-off-grid","14":"product_tag-24v-lifepo4-battery-for-rv-solar-system","16":"first","17":"instock","18":"featured","19":"shipping-taxable","20":"product-type-simple"},"_links":{"self":[{"href":"https:\/\/coresparkbattery.com\/es\/wp-json\/wp\/v2\/product\/492","targetHints":{"allow":["GET"]}}],"collection":[{"href":"https:\/\/coresparkbattery.com\/es\/wp-json\/wp\/v2\/product"}],"about":[{"href":"https:\/\/coresparkbattery.com\/es\/wp-json\/wp\/v2\/types\/product"}],"wp:featuredmedia":[{"embeddable":true,"href":"https:\/\/coresparkbattery.com\/es\/wp-json\/wp\/v2\/media\/833"}],"wp:attachment":[{"href":"https:\/\/coresparkbattery.com\/es\/wp-json\/wp\/v2\/media?parent=492"}],"wp:term":[{"taxonomy":"product_brand","embeddable":true,"href":"https:\/\/coresparkbattery.com\/es\/wp-json\/wp\/v2\/product_brand?post=492"},{"taxonomy":"product_cat","embeddable":true,"href":"https:\/\/coresparkbattery.com\/es\/wp-json\/wp\/v2\/product_cat?post=492"},{"taxonomy":"product_tag","embeddable":true,"href":"https:\/\/coresparkbattery.com\/es\/wp-json\/wp\/v2\/product_tag?post=492"}],"curies":[{"name":"wp","href":"https:\/\/api.w.org\/{rel}","templated":true}]}}