{"id":490,"date":"2026-04-28T08:15:37","date_gmt":"2026-04-28T08:15:37","guid":{"rendered":"https:\/\/coresparkbattery.com\/deep-cycle-12v-24v-100ah-200ah-lifepo4-battery-pack-with-100a-200a-discharge-rate-lithium-iron-phosphate-energy-storage\/"},"modified":"2026-04-28T09:51:39","modified_gmt":"2026-04-28T09:51:39","slug":"deep-cycle-12v-24v-100ah-200ah-lifepo4-battery-pack-with-100a-200a-discharge-rate-lithium-iron-phosphate-energy-storage","status":"publish","type":"product","link":"https:\/\/coresparkbattery.com\/es\/deep-cycle-12v-24v-100ah-200ah-lifepo4-battery-pack-with-100a-200a-discharge-rate-lithium-iron-phosphate-energy-storage\/","title":{"rendered":"Deep Cycle 12v 24v 100ah 200ah Lifepo4 Bater\u00eda con 100A 200A Tasa de descarga de litio fosfato de hierro de almacenamiento de energ\u00eda"},"content":{"rendered":"<p>Tecnolog\u00eda avanzada de hierro y litio<br \/>\nBater\u00eda de litio de 24V 100Ah fabricada con celdas LiFePO4 de grado automotriz con mayor densidad de energ\u00eda, rendimiento m\u00e1s estable y<br \/>\nmayor potencia. Excelente rendimiento de ciclo, carga y descarga r\u00e1pidas, eficiencia de carga de hasta 100% y alta potencia de salida. Sin efecto memoria, no importa en qu\u00e9 estado se encuentre la bater\u00eda, se puede utilizar tan pronto como se cargue. Soporta la expansi\u00f3n de hasta 2 en serie y 4 en paralelo y es adecuado para el almacenamiento de energ\u00eda el\u00e9ctrica.<\/p>\n<p>Longevidad y ligereza excepcionales<br \/>\nNuestras bater\u00edas de hierro-litio LiFePO4 ofrecen m\u00e1s de 5000 ciclos en comparaci\u00f3n con los 300~500 ciclos de las bater\u00edas de plomo-\u00e1cido. La vida \u00fatil de las bater\u00edas LiFePO4 es de 8 a 10 veces superior a la de las bater\u00edas de plomo-\u00e1cido est\u00e1ndar. Esto ayuda a minimizar el coste de sustituci\u00f3n y a reducir el coste total de propiedad. Y el peso de la bater\u00eda de litio hierro fosfato es 30% m\u00e1s ligero que la bater\u00eda de plomo-\u00e1cido de la misma capacidad, por lo que se puede transportar m\u00e1s f\u00e1cilmente.<\/p>","protected":false},"excerpt":{"rendered":"<p>Bater\u00eda de litio de 24V para remolque de viaje, bater\u00eda auxiliar de 24V para RV, bater\u00eda LiFePO4 de 24V 200Ah para RV, bater\u00eda LiFePO4 de 24V 50Ah para RV<\/p>","protected":false},"featured_media":823,"template":"","meta":{"_gspb_post_css":""},"product_brand":[],"product_cat":[494,493,499,498,492],"product_tag":[250,251,249,248],"class_list":{"0":"post-490","1":"product","2":"type-product","3":"status-publish","4":"has-post-thumbnail","6":"product_cat-12v-lifepo4-battery","7":"product_cat-12v-rv-lifepo4-battery","8":"product_cat-24v-lifepo4-battery","9":"product_cat-24v-rv-lifepo4-battery","10":"product_cat-rv-lifepo4-battery","11":"product_tag-24v-200ah-lifepo4-rv-battery","12":"product_tag-24v-50ah-lifepo4-rv-battery","13":"product_tag-24v-rv-auxiliary-battery","14":"product_tag-24v-travel-trailer-lithium-battery","16":"first","17":"instock","18":"featured","19":"shipping-taxable","20":"product-type-simple"},"_links":{"self":[{"href":"https:\/\/coresparkbattery.com\/es\/wp-json\/wp\/v2\/product\/490","targetHints":{"allow":["GET"]}}],"collection":[{"href":"https:\/\/coresparkbattery.com\/es\/wp-json\/wp\/v2\/product"}],"about":[{"href":"https:\/\/coresparkbattery.com\/es\/wp-json\/wp\/v2\/types\/product"}],"wp:featuredmedia":[{"embeddable":true,"href":"https:\/\/coresparkbattery.com\/es\/wp-json\/wp\/v2\/media\/823"}],"wp:attachment":[{"href":"https:\/\/coresparkbattery.com\/es\/wp-json\/wp\/v2\/media?parent=490"}],"wp:term":[{"taxonomy":"product_brand","embeddable":true,"href":"https:\/\/coresparkbattery.com\/es\/wp-json\/wp\/v2\/product_brand?post=490"},{"taxonomy":"product_cat","embeddable":true,"href":"https:\/\/coresparkbattery.com\/es\/wp-json\/wp\/v2\/product_cat?post=490"},{"taxonomy":"product_tag","embeddable":true,"href":"https:\/\/coresparkbattery.com\/es\/wp-json\/wp\/v2\/product_tag?post=490"}],"curies":[{"name":"wp","href":"https:\/\/api.w.org\/{rel}","templated":true}]}}