{"id":488,"date":"2026-04-28T08:15:37","date_gmt":"2026-04-28T08:15:37","guid":{"rendered":"https:\/\/coresparkbattery.com\/cleaning-car-lifepo4-battery-24v-36v-48v-60v-72v-100ah-200ah-lithium-battery-for-rv-camper-solar-power-backup\/"},"modified":"2026-04-28T09:48:54","modified_gmt":"2026-04-28T09:48:54","slug":"cleaning-car-lifepo4-battery-24v-36v-48v-60v-72v-100ah-200ah-lithium-battery-for-rv-camper-solar-power-backup","status":"publish","type":"product","link":"https:\/\/coresparkbattery.com\/es\/cleaning-car-lifepo4-battery-24v-36v-48v-60v-72v-100ah-200ah-lithium-battery-for-rv-camper-solar-power-backup\/","title":{"rendered":"Limpieza del coche Lifepo4 Bater\u00eda 24v 36v 48v 60v 72v 100ah 200ah Bater\u00eda de litio para RV Camper Solar Power Backup"},"content":{"rendered":"<p>Vida \u00fatil 5000 ciclos<br \/>\nMateriales del c\u00e1todo LiFePO4<br \/>\nCantidad m\u00e1xima de carga (celdas) 5120Wh<br \/>\nTemperatura de funcionamiento(\u2103) HASTA 60<br \/>\nDimensiones (largo*ancho*alto) 520*269*220 mm<br \/>\nLugar de origen Guangdong, China<br \/>\nPeso 22KG<br \/>\nNombre del producto Lifepo4 Bater\u00eda 12v 200ah<br \/>\nVida \u00fatil 5000 veces<br \/>\nPeso 36,6 kg<br \/>\nSe acepta OEM\/ODM<br \/>\nMOQ 2Pcs<br \/>\nTipo fosfato de hierro y litio<br \/>\nDisponible OEM<br \/>\nCon cargo s\u00ed<br \/>\nGarant\u00eda 5 a\u00f1os<br \/>\nTama\u00f1o 520*269*220 mm<\/p>","protected":false},"excerpt":{"rendered":"<p>Bater\u00eda 24V LiFePO4 RV, bater\u00eda 24V litio RV, bater\u00eda LiFePO4 para 24V RV, bater\u00eda 24V litio hierro fosfato RV<\/p>","protected":false},"featured_media":813,"template":"","meta":{"_gspb_post_css":""},"product_brand":[],"product_cat":[499,498,492],"product_tag":[238,239,241,240],"class_list":{"0":"post-488","1":"product","2":"type-product","3":"status-publish","4":"has-post-thumbnail","6":"product_cat-24v-lifepo4-battery","7":"product_cat-24v-rv-lifepo4-battery","8":"product_cat-rv-lifepo4-battery","9":"product_tag-24v-lifepo4-rv-battery","10":"product_tag-24v-lithium-rv-battery","11":"product_tag-24v-rv-lithium-iron-phosphate-battery","12":"product_tag-lifepo4-battery-for-24v-rv","14":"first","15":"instock","16":"featured","17":"shipping-taxable","18":"product-type-simple"},"_links":{"self":[{"href":"https:\/\/coresparkbattery.com\/es\/wp-json\/wp\/v2\/product\/488","targetHints":{"allow":["GET"]}}],"collection":[{"href":"https:\/\/coresparkbattery.com\/es\/wp-json\/wp\/v2\/product"}],"about":[{"href":"https:\/\/coresparkbattery.com\/es\/wp-json\/wp\/v2\/types\/product"}],"wp:featuredmedia":[{"embeddable":true,"href":"https:\/\/coresparkbattery.com\/es\/wp-json\/wp\/v2\/media\/813"}],"wp:attachment":[{"href":"https:\/\/coresparkbattery.com\/es\/wp-json\/wp\/v2\/media?parent=488"}],"wp:term":[{"taxonomy":"product_brand","embeddable":true,"href":"https:\/\/coresparkbattery.com\/es\/wp-json\/wp\/v2\/product_brand?post=488"},{"taxonomy":"product_cat","embeddable":true,"href":"https:\/\/coresparkbattery.com\/es\/wp-json\/wp\/v2\/product_cat?post=488"},{"taxonomy":"product_tag","embeddable":true,"href":"https:\/\/coresparkbattery.com\/es\/wp-json\/wp\/v2\/product_tag?post=488"}],"curies":[{"name":"wp","href":"https:\/\/api.w.org\/{rel}","templated":true}]}}