{"id":487,"date":"2026-04-28T08:15:37","date_gmt":"2026-04-28T08:15:37","guid":{"rendered":"https:\/\/coresparkbattery.com\/deep-cycle-lifepo4-battery-12v-12-8v-100ah-200ah-300ah-400ah-460ah-lithium-iron-phosphate-battery-lifepo4-battery-pack-for-rv\/"},"modified":"2026-04-28T11:59:58","modified_gmt":"2026-04-28T11:59:58","slug":"deep-cycle-lifepo4-battery-12v-12-8v-100ah-200ah-300ah-400ah-460ah-lithium-iron-phosphate-battery-lifepo4-battery-pack-for-rv","status":"publish","type":"product","link":"https:\/\/coresparkbattery.com\/es\/deep-cycle-lifepo4-battery-12v-12-8v-100ah-200ah-300ah-400ah-460ah-lithium-iron-phosphate-battery-lifepo4-battery-pack-for-rv\/","title":{"rendered":"Deep Cycle Lifepo4 Bater\u00eda 12v 12.8V 100ah 200ah 300ah 400ah 460ah Lithium Iron Phosphate Bater\u00eda Lifepo4 para RV"},"content":{"rendered":"<p>BMS de 250 A mejorado y corte por baja temperatura<br \/>\nTras a\u00f1os de investigaci\u00f3n y pruebas, hemos adoptado celdas de grado A que son m\u00e1s aptas para el uso en veh\u00edculos recreativos y caravanas, lo que proporciona a la bater\u00eda un rendimiento potente y estable en cada ciclo. Haga su viaje sin problemas. Y la protecci\u00f3n de corte por baja temperatura evita que la bater\u00eda se da\u00f1e en un entorno de baja temperatura.<\/p>\n<p>M\u00e1x. 51,2V 1840Ah Capacidad ampliable y 5 a\u00f1os de garant\u00eda<br \/>\nBater\u00eda de fosfato de hierro de litio 12V 460Ah LiFePO4 bater\u00edas podr\u00edan ampliarse a max. 4P4S como un sistema de bater\u00edas 51.2V 1840Ah para obtener 51.2kW de potencia de salida y 94.2kWh de energ\u00eda utilizable.Vatrer Power ofrece una garant\u00eda de cinco a\u00f1os para todas las bater\u00edas. 24hrs amable y profesional de atenci\u00f3n al cliente, cualquier pregunta por favor no dude en contactar con nosotros.<\/p>\n<p>Supervisi\u00f3n de APP m\u00f3viles<br \/>\n12V 460Ah RV bater\u00eda ha a\u00f1adido una funci\u00f3n de APP. Los clientes pueden conectar la bater\u00eda a trav\u00e9s de Mobile APP, supervisar o controlar la bater\u00eda varios datos (SOC) en tiempo real.<\/p>","protected":false},"excerpt":{"rendered":"<p>Bater\u00eda LiFePO4 RV 12V ligera, bater\u00eda LiFePO4 RV 12V de dise\u00f1o fino, bater\u00eda LiFePO4 RV 12V compacta, bater\u00eda LiFePO4 RV 12V sin mantenimiento, bater\u00eda LiFePO4 RV 12V segura<\/p>","protected":false},"featured_media":1120,"template":"","meta":{"_gspb_post_css":""},"product_brand":[],"product_cat":[494,493,492],"product_tag":[235,529,236,237,530],"class_list":{"0":"post-487","1":"product","2":"type-product","3":"status-publish","4":"has-post-thumbnail","6":"product_cat-12v-lifepo4-battery","7":"product_cat-12v-rv-lifepo4-battery","8":"product_cat-rv-lifepo4-battery","9":"product_tag-12v-lifepo4-rv-battery-compact","10":"product_tag-12v-lifepo4-rv-battery-lightweight","11":"product_tag-12v-lifepo4-rv-battery-maintenance-free","12":"product_tag-12v-lifepo4-rv-battery-safe","13":"product_tag-12v-lifepo4-rv-battery-slim-design","15":"first","16":"instock","17":"featured","18":"shipping-taxable","19":"product-type-simple"},"_links":{"self":[{"href":"https:\/\/coresparkbattery.com\/es\/wp-json\/wp\/v2\/product\/487","targetHints":{"allow":["GET"]}}],"collection":[{"href":"https:\/\/coresparkbattery.com\/es\/wp-json\/wp\/v2\/product"}],"about":[{"href":"https:\/\/coresparkbattery.com\/es\/wp-json\/wp\/v2\/types\/product"}],"wp:featuredmedia":[{"embeddable":true,"href":"https:\/\/coresparkbattery.com\/es\/wp-json\/wp\/v2\/media\/1120"}],"wp:attachment":[{"href":"https:\/\/coresparkbattery.com\/es\/wp-json\/wp\/v2\/media?parent=487"}],"wp:term":[{"taxonomy":"product_brand","embeddable":true,"href":"https:\/\/coresparkbattery.com\/es\/wp-json\/wp\/v2\/product_brand?post=487"},{"taxonomy":"product_cat","embeddable":true,"href":"https:\/\/coresparkbattery.com\/es\/wp-json\/wp\/v2\/product_cat?post=487"},{"taxonomy":"product_tag","embeddable":true,"href":"https:\/\/coresparkbattery.com\/es\/wp-json\/wp\/v2\/product_tag?post=487"}],"curies":[{"name":"wp","href":"https:\/\/api.w.org\/{rel}","templated":true}]}}