{"id":486,"date":"2026-04-28T08:15:37","date_gmt":"2026-04-28T08:15:37","guid":{"rendered":"https:\/\/coresparkbattery.com\/hot-sale-12v-400ah-460ah-bluetooth-version-lifepo4-battery-pack-built-in-250a-bms-lithium-battery-for-power-backup-rv-camper\/"},"modified":"2026-04-28T09:47:57","modified_gmt":"2026-04-28T09:47:57","slug":"hot-sale-12v-400ah-460ah-bluetooth-version-lifepo4-battery-pack-built-in-250a-bms-lithium-battery-for-power-backup-rv-camper","status":"publish","type":"product","link":"https:\/\/coresparkbattery.com\/es\/hot-sale-12v-400ah-460ah-bluetooth-version-lifepo4-battery-pack-built-in-250a-bms-lithium-battery-for-power-backup-rv-camper\/","title":{"rendered":"Venta caliente 12v 400ah 460ah Bluetooth Versi\u00f3n Lifepo4 Bater\u00eda incorporada 250A BMS Bater\u00eda de litio para respaldo de energ\u00eda Rv Camper"},"content":{"rendered":"<p>Dise\u00f1o totalmente nuevo, seguridad total<br \/>\nLa bater\u00eda de litio de 460 Ah para veh\u00edculos recreativos es resistente al desgaste y duradera gracias a la carcasa de bater\u00eda SPCC de alta calidad recientemente adoptada, y optimizamos el dise\u00f1o y la construcci\u00f3n internos. La bater\u00eda tambi\u00e9n viene con un interruptor principal para encenderla o apagarla con s\u00f3lo pulsar un bot\u00f3n. Y hay un term\u00f3metro y un higr\u00f3metro en la parte superior para mostrar la temperatura y la humedad de la bater\u00eda en tiempo real.<\/p>\n<p>Tama\u00f1o compacto Potencia m\u00e1xima<br \/>\n12V 460Ah LiFePO4 RV bater\u00eda es equivalente a la energ\u00eda de 5 x 100Ah bater\u00edas, pero ocup\u00f3 s\u00f3lo 1,1ft\u00b3 de espacio y es m\u00e1s peque\u00f1o que 5x100ah bater\u00edas. Y ser\u00e1 m\u00e1s f\u00e1cil de mantener e instalar sin necesidad de cables excesivos y dinero. Le ayuda a ahorrar dinero y espacio.<\/p>\n<p>Supervisi\u00f3n de APP m\u00f3viles<br \/>\n12V 460Ah RV bater\u00eda ha a\u00f1adido una funci\u00f3n de APP. Los clientes pueden conectar la bater\u00eda a trav\u00e9s de Mobile APP, supervisar o controlar la bater\u00eda varios datos (SOC) en tiempo real.<\/p>","protected":false},"excerpt":{"rendered":"<p>Bater\u00eda LiFePO4 RV de 12 V apta para funcionamiento en paralelo, bater\u00eda LiFePO4 RV de 12 V apta para funcionamiento en serie, bater\u00eda LiFePO4 RV de 12 V ampliable, bater\u00eda LiFePO4 RV de 12 V de larga duraci\u00f3n<\/p>","protected":false},"featured_media":808,"template":"","meta":{"_gspb_post_css":""},"product_brand":[],"product_cat":[494,493,492],"product_tag":[232,233,230,231],"class_list":{"0":"post-486","1":"product","2":"type-product","3":"status-publish","4":"has-post-thumbnail","6":"product_cat-12v-lifepo4-battery","7":"product_cat-12v-rv-lifepo4-battery","8":"product_cat-rv-lifepo4-battery","9":"product_tag-12v-lifepo4-rv-battery-expandable","10":"product_tag-12v-lifepo4-rv-battery-long-cycle-life","11":"product_tag-12v-lifepo4-rv-battery-parallel-capable","12":"product_tag-12v-lifepo4-rv-battery-series-capable","14":"first","15":"instock","16":"featured","17":"shipping-taxable","18":"product-type-simple"},"_links":{"self":[{"href":"https:\/\/coresparkbattery.com\/es\/wp-json\/wp\/v2\/product\/486","targetHints":{"allow":["GET"]}}],"collection":[{"href":"https:\/\/coresparkbattery.com\/es\/wp-json\/wp\/v2\/product"}],"about":[{"href":"https:\/\/coresparkbattery.com\/es\/wp-json\/wp\/v2\/types\/product"}],"wp:featuredmedia":[{"embeddable":true,"href":"https:\/\/coresparkbattery.com\/es\/wp-json\/wp\/v2\/media\/808"}],"wp:attachment":[{"href":"https:\/\/coresparkbattery.com\/es\/wp-json\/wp\/v2\/media?parent=486"}],"wp:term":[{"taxonomy":"product_brand","embeddable":true,"href":"https:\/\/coresparkbattery.com\/es\/wp-json\/wp\/v2\/product_brand?post=486"},{"taxonomy":"product_cat","embeddable":true,"href":"https:\/\/coresparkbattery.com\/es\/wp-json\/wp\/v2\/product_cat?post=486"},{"taxonomy":"product_tag","embeddable":true,"href":"https:\/\/coresparkbattery.com\/es\/wp-json\/wp\/v2\/product_tag?post=486"}],"curies":[{"name":"wp","href":"https:\/\/api.w.org\/{rel}","templated":true}]}}