{"id":485,"date":"2026-04-28T08:15:37","date_gmt":"2026-04-28T08:15:37","guid":{"rendered":"https:\/\/coresparkbattery.com\/12v-lithium-battery-300ah-460ah-560ah-600ah-12-8v-lifepo4-bluetooth-battery-for-rv-solar-off-grid-air-conditioner\/"},"modified":"2026-04-28T09:46:40","modified_gmt":"2026-04-28T09:46:40","slug":"12v-lithium-battery-300ah-460ah-560ah-600ah-12-8v-lifepo4-bluetooth-battery-for-rv-solar-off-grid-air-conditioner","status":"publish","type":"product","link":"https:\/\/coresparkbattery.com\/es\/12v-lithium-battery-300ah-460ah-560ah-600ah-12-8v-lifepo4-bluetooth-battery-for-rv-solar-off-grid-air-conditioner\/","title":{"rendered":"12V Lithium Battery 300ah 460ah 560ah 600ah 12.8v Lifepo4 Bluetooth Battery for RV Solar Off-grid air Conditioner"},"content":{"rendered":"<p>Vida \u00fatil 5000 ciclos<br \/>\nMateriales del c\u00e1todo LiFePO4<br \/>\nCantidad m\u00e1xima de carga (c\u00e9lulas) 3840W<br \/>\nTemperatura de funcionamiento(\u2103) -20~60<br \/>\nDimensiones (largo*ancho*alto) 477*273*252 mm 18,78*10,75*9,92 pulg.<br \/>\nLugar de origen Guangdong, China<br \/>\nPeso 47.5KG \/ 104.7LB<br \/>\nGarant\u00eda 5 a\u00f1os<br \/>\nCorriente de descarga 300A<br \/>\nTensi\u00f3n nominal 12,8 V<br \/>\nEnerg\u00eda 5.888 Wh<br \/>\nPotencia de salida 3840W<\/p>","protected":false},"excerpt":{"rendered":"<p>12V LiFePO4 RV bater\u00eda baja temperatura, 12V LiFePO4 RV bater\u00eda carga r\u00e1pida, 12V LiFePO4 RV bater\u00eda alta descarga, 12V LiFePO4 RV bater\u00eda impermeable<\/p>","protected":false},"featured_media":803,"template":"","meta":{"_gspb_post_css":""},"product_brand":[],"product_cat":[494,493,492],"product_tag":[227,228,226,229],"class_list":{"0":"post-485","1":"product","2":"type-product","3":"status-publish","4":"has-post-thumbnail","6":"product_cat-12v-lifepo4-battery","7":"product_cat-12v-rv-lifepo4-battery","8":"product_cat-rv-lifepo4-battery","9":"product_tag-12v-lifepo4-rv-battery-fast-charging","10":"product_tag-12v-lifepo4-rv-battery-high-discharge","11":"product_tag-12v-lifepo4-rv-battery-low-temperature","12":"product_tag-12v-lifepo4-rv-battery-waterproof","14":"first","15":"instock","16":"featured","17":"shipping-taxable","18":"product-type-simple"},"_links":{"self":[{"href":"https:\/\/coresparkbattery.com\/es\/wp-json\/wp\/v2\/product\/485","targetHints":{"allow":["GET"]}}],"collection":[{"href":"https:\/\/coresparkbattery.com\/es\/wp-json\/wp\/v2\/product"}],"about":[{"href":"https:\/\/coresparkbattery.com\/es\/wp-json\/wp\/v2\/types\/product"}],"wp:featuredmedia":[{"embeddable":true,"href":"https:\/\/coresparkbattery.com\/es\/wp-json\/wp\/v2\/media\/803"}],"wp:attachment":[{"href":"https:\/\/coresparkbattery.com\/es\/wp-json\/wp\/v2\/media?parent=485"}],"wp:term":[{"taxonomy":"product_brand","embeddable":true,"href":"https:\/\/coresparkbattery.com\/es\/wp-json\/wp\/v2\/product_brand?post=485"},{"taxonomy":"product_cat","embeddable":true,"href":"https:\/\/coresparkbattery.com\/es\/wp-json\/wp\/v2\/product_cat?post=485"},{"taxonomy":"product_tag","embeddable":true,"href":"https:\/\/coresparkbattery.com\/es\/wp-json\/wp\/v2\/product_tag?post=485"}],"curies":[{"name":"wp","href":"https:\/\/api.w.org\/{rel}","templated":true}]}}