{"id":484,"date":"2026-04-28T08:15:37","date_gmt":"2026-04-28T08:15:37","guid":{"rendered":"https:\/\/coresparkbattery.com\/12v-300ah-lifepo4-lithium-ion-rechargeable-battery-best-price-for-high-performance-300ah-lithium-ion-batteries\/"},"modified":"2026-04-28T09:45:15","modified_gmt":"2026-04-28T09:45:15","slug":"12v-300ah-lifepo4-lithium-ion-rechargeable-battery-best-price-for-high-performance-300ah-lithium-ion-batteries","status":"publish","type":"product","link":"https:\/\/coresparkbattery.com\/es\/12v-300ah-lifepo4-lithium-ion-rechargeable-battery-best-price-for-high-performance-300ah-lithium-ion-batteries\/","title":{"rendered":"12V 300AH Lifepo4 Bater\u00eda Recargable de Ion Litio Mejor Precio para Bater\u00edas de Ion Litio 300ah de Alto Rendimiento"},"content":{"rendered":"<p>N\u00famero de modelo 12V 300AH<br \/>\nLugar de origen Guangdong, China<br \/>\nPeso 26,5 kg<br \/>\nNombre del producto lifepo4 bater\u00eda 12v 300ah<br \/>\nVida \u00fatil 5000 veces<br \/>\nPeso 25,6 kg<br \/>\nSe acepta OEM\/ODM<br \/>\nMOQ 1 unidad<br \/>\nTipo fosfato de hierro y litio<br \/>\nDisponible OEM<br \/>\nCon cargo s\u00ed<br \/>\nGarant\u00eda 5 a\u00f1os<br \/>\nTama\u00f1o 522*240*218mm<\/p>","protected":false},"excerpt":{"rendered":"<p>Bater\u00eda RV 12V 100Ah sin conexi\u00f3n a la red, Bater\u00eda RV 12V 200Ah sin conexi\u00f3n a la red, Bater\u00eda RV 12V LiFePO4 con Bluetooth, Bater\u00eda RV 12V LiFePO4 autocalentable<\/p>","protected":false},"featured_media":775,"template":"","meta":{"_gspb_post_css":""},"product_brand":[],"product_cat":[494,493,492],"product_tag":[222,223,225,224],"class_list":{"0":"post-484","1":"product","2":"type-product","3":"status-publish","4":"has-post-thumbnail","6":"product_cat-12v-lifepo4-battery","7":"product_cat-12v-rv-lifepo4-battery","8":"product_cat-rv-lifepo4-battery","9":"product_tag-12v-100ah-off-grid-rv-battery","10":"product_tag-12v-200ah-off-grid-rv-battery","11":"product_tag-12v-lifepo4-rv-battery-self-heating","12":"product_tag-12v-lifepo4-rv-battery-with-bluetooth","14":"first","15":"instock","16":"featured","17":"shipping-taxable","18":"product-type-simple"},"_links":{"self":[{"href":"https:\/\/coresparkbattery.com\/es\/wp-json\/wp\/v2\/product\/484","targetHints":{"allow":["GET"]}}],"collection":[{"href":"https:\/\/coresparkbattery.com\/es\/wp-json\/wp\/v2\/product"}],"about":[{"href":"https:\/\/coresparkbattery.com\/es\/wp-json\/wp\/v2\/types\/product"}],"wp:featuredmedia":[{"embeddable":true,"href":"https:\/\/coresparkbattery.com\/es\/wp-json\/wp\/v2\/media\/775"}],"wp:attachment":[{"href":"https:\/\/coresparkbattery.com\/es\/wp-json\/wp\/v2\/media?parent=484"}],"wp:term":[{"taxonomy":"product_brand","embeddable":true,"href":"https:\/\/coresparkbattery.com\/es\/wp-json\/wp\/v2\/product_brand?post=484"},{"taxonomy":"product_cat","embeddable":true,"href":"https:\/\/coresparkbattery.com\/es\/wp-json\/wp\/v2\/product_cat?post=484"},{"taxonomy":"product_tag","embeddable":true,"href":"https:\/\/coresparkbattery.com\/es\/wp-json\/wp\/v2\/product_tag?post=484"}],"curies":[{"name":"wp","href":"https:\/\/api.w.org\/{rel}","templated":true}]}}