{"id":482,"date":"2026-04-28T08:15:37","date_gmt":"2026-04-28T08:15:37","guid":{"rendered":"https:\/\/coresparkbattery.com\/12v-24v-lifepo4-batteries-for-solar-100ah-200ah-280ah-300a-460ah-560ah-home-energy-system-lithium-ion-battery\/"},"modified":"2026-04-28T09:43:18","modified_gmt":"2026-04-28T09:43:18","slug":"12v-24v-lifepo4-batteries-for-solar-100ah-200ah-280ah-300a-460ah-560ah-home-energy-system-lithium-ion-battery","status":"publish","type":"product","link":"https:\/\/coresparkbattery.com\/es\/12v-24v-lifepo4-batteries-for-solar-100ah-200ah-280ah-300a-460ah-560ah-home-energy-system-lithium-ion-battery\/","title":{"rendered":"12V 24V Lifepo4 Bater\u00edas para Solar 100Ah 200Ah 280Ah 300A 460Ah 560Ah Sistema de Energ\u00eda para el Hogar Bater\u00eda de Ion de Litio"},"content":{"rendered":"<p>Vida \u00fatil 5000 ciclos<br \/>\nMateriales del c\u00e1todo LiFePO4<br \/>\nCantidad m\u00e1xima de carga (c\u00e9lulas) 2560<br \/>\nTemperatura de funcionamiento(\u2103) HASTA 60<br \/>\nDimensiones (L*An*Al) 522 * 240 * 218<br \/>\nLugar de origen Guangdong, China<br \/>\nPeso 22KG<br \/>\nNombre del producto Lifepo4 Bater\u00eda 12v 200ah<br \/>\nVida \u00fatil 5000 veces<br \/>\nPeso 22KG<br \/>\nSe acepta OEM\/ODM<br \/>\nTipo fosfato de hierro y litio<br \/>\nDisponible OEM<br \/>\nCon cargo s\u00ed<br \/>\nGarant\u00eda 5 a\u00f1os<br \/>\nTama\u00f1o 522*240*218mm<\/p>","protected":false},"excerpt":{"rendered":"<p>Bater\u00eda RV de ciclo profundo de 12V 100Ah, bater\u00eda RV de ciclo profundo de 12V 200Ah, bater\u00eda para autocaravanas de 12V 100Ah, bater\u00eda para autocaravanas de 12V 200Ah<\/p>","protected":false},"featured_media":780,"template":"","meta":{"_gspb_post_css":""},"product_brand":[],"product_cat":[494,493,499,498,492],"product_tag":[215,213,216,214],"class_list":{"0":"post-482","1":"product","2":"type-product","3":"status-publish","4":"has-post-thumbnail","6":"product_cat-12v-lifepo4-battery","7":"product_cat-12v-rv-lifepo4-battery","8":"product_cat-24v-lifepo4-battery","9":"product_cat-24v-rv-lifepo4-battery","10":"product_cat-rv-lifepo4-battery","11":"product_tag-12v-100ah-camper-battery","12":"product_tag-12v-100ah-deep-cycle-rv-battery","13":"product_tag-12v-200ah-camper-battery","14":"product_tag-12v-200ah-deep-cycle-rv-battery","16":"first","17":"instock","18":"featured","19":"shipping-taxable","20":"product-type-simple"},"_links":{"self":[{"href":"https:\/\/coresparkbattery.com\/es\/wp-json\/wp\/v2\/product\/482","targetHints":{"allow":["GET"]}}],"collection":[{"href":"https:\/\/coresparkbattery.com\/es\/wp-json\/wp\/v2\/product"}],"about":[{"href":"https:\/\/coresparkbattery.com\/es\/wp-json\/wp\/v2\/types\/product"}],"wp:featuredmedia":[{"embeddable":true,"href":"https:\/\/coresparkbattery.com\/es\/wp-json\/wp\/v2\/media\/780"}],"wp:attachment":[{"href":"https:\/\/coresparkbattery.com\/es\/wp-json\/wp\/v2\/media?parent=482"}],"wp:term":[{"taxonomy":"product_brand","embeddable":true,"href":"https:\/\/coresparkbattery.com\/es\/wp-json\/wp\/v2\/product_brand?post=482"},{"taxonomy":"product_cat","embeddable":true,"href":"https:\/\/coresparkbattery.com\/es\/wp-json\/wp\/v2\/product_cat?post=482"},{"taxonomy":"product_tag","embeddable":true,"href":"https:\/\/coresparkbattery.com\/es\/wp-json\/wp\/v2\/product_tag?post=482"}],"curies":[{"name":"wp","href":"https:\/\/api.w.org\/{rel}","templated":true}]}}