{"id":480,"date":"2026-04-28T08:15:36","date_gmt":"2026-04-28T08:15:36","guid":{"rendered":"https:\/\/coresparkbattery.com\/campervans-lifepo4-battery-12v-100ah-200ah-300ah-460ah-560ah-24v-lithium-battery-for-marine-trolling-motors-rv-off-grid-solar\/"},"modified":"2026-04-28T09:41:17","modified_gmt":"2026-04-28T09:41:17","slug":"campervans-lifepo4-battery-12v-100ah-200ah-300ah-460ah-560ah-24v-lithium-battery-for-marine-trolling-motors-rv-off-grid-solar","status":"publish","type":"product","link":"https:\/\/coresparkbattery.com\/es\/campervans-lifepo4-battery-12v-100ah-200ah-300ah-460ah-560ah-24v-lithium-battery-for-marine-trolling-motors-rv-off-grid-solar\/","title":{"rendered":"Campervans Lifepo4 Bater\u00eda 12v 100ah 200ah 300ah 460ah 560ah 24v Bater\u00eda de Litio para Motores Marinos Trolling RV Off-grid Solar"},"content":{"rendered":"<p>Vida \u00fatil 5000 ciclos<br \/>\nTipo de bater\u00eda Estado s\u00f3lido<br \/>\nTemperatura de funcionamiento(\u2103) -20\u00b0C a 60\u00b0.<br \/>\nTama\u00f1o de la pila LIFEPO4<br \/>\nLugar de origen Guangdong, China<br \/>\nPeso 22KG<br \/>\nNombre del producto Lifepo4 Bater\u00eda 12v 200ah<br \/>\nVida \u00fatil 5000 veces<br \/>\nPeso 22KG<br \/>\nSe acepta OEM\/ODM<br \/>\nTipo fosfato de hierro y litio<br \/>\nDisponible OEM<br \/>\nCon cargo s\u00ed<br \/>\nGarant\u00eda 5 a\u00f1os<br \/>\nTama\u00f1o 522*240*218mm<\/p>","protected":false},"excerpt":{"rendered":"<p>Bater\u00eda LiFePO4 RV 12V 90Ah, Bater\u00eda LiFePO4 RV 12V 180Ah, Bater\u00eda LiFePO4 RV 12V 220Ah, Bater\u00eda LiFePO4 RV 12V 280Ah<\/p>","protected":false},"featured_media":780,"template":"","meta":{"_gspb_post_css":""},"product_brand":[],"product_cat":[494,493,499,498,492],"product_tag":[206,207,208,205],"class_list":{"0":"post-480","1":"product","2":"type-product","3":"status-publish","4":"has-post-thumbnail","6":"product_cat-12v-lifepo4-battery","7":"product_cat-12v-rv-lifepo4-battery","8":"product_cat-24v-lifepo4-battery","9":"product_cat-24v-rv-lifepo4-battery","10":"product_cat-rv-lifepo4-battery","11":"product_tag-12v-180ah-lifepo4-rv-battery","12":"product_tag-12v-220ah-lifepo4-rv-battery","13":"product_tag-12v-280ah-lifepo4-rv-battery","14":"product_tag-12v-90ah-lifepo4-rv-battery","16":"first","17":"instock","18":"featured","19":"shipping-taxable","20":"product-type-simple"},"_links":{"self":[{"href":"https:\/\/coresparkbattery.com\/es\/wp-json\/wp\/v2\/product\/480","targetHints":{"allow":["GET"]}}],"collection":[{"href":"https:\/\/coresparkbattery.com\/es\/wp-json\/wp\/v2\/product"}],"about":[{"href":"https:\/\/coresparkbattery.com\/es\/wp-json\/wp\/v2\/types\/product"}],"wp:featuredmedia":[{"embeddable":true,"href":"https:\/\/coresparkbattery.com\/es\/wp-json\/wp\/v2\/media\/780"}],"wp:attachment":[{"href":"https:\/\/coresparkbattery.com\/es\/wp-json\/wp\/v2\/media?parent=480"}],"wp:term":[{"taxonomy":"product_brand","embeddable":true,"href":"https:\/\/coresparkbattery.com\/es\/wp-json\/wp\/v2\/product_brand?post=480"},{"taxonomy":"product_cat","embeddable":true,"href":"https:\/\/coresparkbattery.com\/es\/wp-json\/wp\/v2\/product_cat?post=480"},{"taxonomy":"product_tag","embeddable":true,"href":"https:\/\/coresparkbattery.com\/es\/wp-json\/wp\/v2\/product_tag?post=480"}],"curies":[{"name":"wp","href":"https:\/\/api.w.org\/{rel}","templated":true}]}}