{"id":479,"date":"2026-04-28T08:15:36","date_gmt":"2026-04-28T08:15:36","guid":{"rendered":"https:\/\/coresparkbattery.com\/deep-cycles-12v-100ah-solar-system-rechargeable-lithium-battery-12-8v-lifepo4-battery-pack-24v-100ah-lithium-ion-batteries\/"},"modified":"2026-04-28T09:40:12","modified_gmt":"2026-04-28T09:40:12","slug":"deep-cycles-12v-100ah-solar-system-rechargeable-lithium-battery-12-8v-lifepo4-battery-pack-24v-100ah-lithium-ion-batteries","status":"publish","type":"product","link":"https:\/\/coresparkbattery.com\/es\/deep-cycles-12v-100ah-solar-system-rechargeable-lithium-battery-12-8v-lifepo4-battery-pack-24v-100ah-lithium-ion-batteries\/","title":{"rendered":"Deep Cycles 12v 100ah Sistema Solar Bater\u00eda Recargable de Litio 12.8v Lifepo4 Bater\u00eda 24v 100ah Bater\u00edas de Ion Litio"},"content":{"rendered":"<p>BMS DE 100 A INTEGRADO y corte por baja temperatura<br \/>\nLa bater\u00eda de ciclo profundo tiene incorporado un BMS de 100 A para protegerla de sobrecargas, sobredescargas, sobrecorrientes y cortocircuitos con una excelente baja tasa de autodescarga. La desconexi\u00f3n por alta temperatura evita la carga a m\u00e1s de 75\u00b0C (167\u00b0F). Y protecci\u00f3n de corte por baja temperatura<br \/>\nevita que la bater\u00eda se da\u00f1e en entornos de baja temperatura.<\/p>\n<p>Tecnolog\u00eda avanzada de hierro y litio<br \/>\nBater\u00eda de litio de 100Ah fabricada con celdas LiFePO4 de grado automotriz con mayor densidad de energ\u00eda, rendimiento m\u00e1s estable y mayor potencia. Excelente rendimiento de ciclo, carga y descarga r\u00e1pidas, eficiencia de carga de hasta 100% y alta potencia de salida. Sin efecto memoria, no importa el estado de la bater\u00eda, se puede utilizar tan pronto como se carga. Soporta la expansi\u00f3n de hasta 4 en serie y 4 en paralelo y es adecuado para el almacenamiento de energ\u00eda el\u00e9ctrica.<\/p>","protected":false},"excerpt":{"rendered":"<p>Bater\u00eda LiFePO4 RV 12V 250Ah, Bater\u00eda LiFePO4 RV 12V 350Ah, Bater\u00eda LiFePO4 RV 12V 60Ah, Bater\u00eda LiFePO4 RV 12V 70Ah<\/p>","protected":false},"featured_media":775,"template":"","meta":{"_gspb_post_css":""},"product_brand":[],"product_cat":[494,493,499,498,492],"product_tag":[201,202,203,204],"class_list":{"0":"post-479","1":"product","2":"type-product","3":"status-publish","4":"has-post-thumbnail","6":"product_cat-12v-lifepo4-battery","7":"product_cat-12v-rv-lifepo4-battery","8":"product_cat-24v-lifepo4-battery","9":"product_cat-24v-rv-lifepo4-battery","10":"product_cat-rv-lifepo4-battery","11":"product_tag-12v-250ah-lifepo4-rv-battery","12":"product_tag-12v-350ah-lifepo4-rv-battery","13":"product_tag-12v-60ah-lifepo4-rv-battery","14":"product_tag-12v-70ah-lifepo4-rv-battery","16":"first","17":"instock","18":"featured","19":"shipping-taxable","20":"product-type-simple"},"_links":{"self":[{"href":"https:\/\/coresparkbattery.com\/es\/wp-json\/wp\/v2\/product\/479","targetHints":{"allow":["GET"]}}],"collection":[{"href":"https:\/\/coresparkbattery.com\/es\/wp-json\/wp\/v2\/product"}],"about":[{"href":"https:\/\/coresparkbattery.com\/es\/wp-json\/wp\/v2\/types\/product"}],"wp:featuredmedia":[{"embeddable":true,"href":"https:\/\/coresparkbattery.com\/es\/wp-json\/wp\/v2\/media\/775"}],"wp:attachment":[{"href":"https:\/\/coresparkbattery.com\/es\/wp-json\/wp\/v2\/media?parent=479"}],"wp:term":[{"taxonomy":"product_brand","embeddable":true,"href":"https:\/\/coresparkbattery.com\/es\/wp-json\/wp\/v2\/product_brand?post=479"},{"taxonomy":"product_cat","embeddable":true,"href":"https:\/\/coresparkbattery.com\/es\/wp-json\/wp\/v2\/product_cat?post=479"},{"taxonomy":"product_tag","embeddable":true,"href":"https:\/\/coresparkbattery.com\/es\/wp-json\/wp\/v2\/product_tag?post=479"}],"curies":[{"name":"wp","href":"https:\/\/api.w.org\/{rel}","templated":true}]}}