{"id":477,"date":"2026-04-28T08:15:36","date_gmt":"2026-04-28T08:15:36","guid":{"rendered":"https:\/\/coresparkbattery.com\/odm-supply-12v-100ah-lifepo4-battery-5-years-warranty-lithium-battery-for-rv-camper-marine-off-grid-applications\/"},"modified":"2026-04-28T09:38:09","modified_gmt":"2026-04-28T09:38:09","slug":"odm-supply-12v-100ah-lifepo4-battery-5-years-warranty-lithium-battery-for-rv-camper-marine-off-grid-applications","status":"publish","type":"product","link":"https:\/\/coresparkbattery.com\/es\/odm-supply-12v-100ah-lifepo4-battery-5-years-warranty-lithium-battery-for-rv-camper-marine-off-grid-applications\/","title":{"rendered":"ODM Supply 12v 100ah Lifepo4 Bater\u00eda 5 A\u00f1os Garant\u00eda LITHIUM Battery for RV\/Camper\/Marine\/Off-Grid Applications"},"content":{"rendered":"<p>Vida \u00fatil 5000 ciclos<br \/>\nMateriales del c\u00e1todo LiFePO4<br \/>\nCantidad m\u00e1xima de carga (c\u00e9lulas) 1028w<br \/>\nTemperatura de funcionamiento(\u2103) -20\u00b0C a 60\u00b0C<br \/>\nDimensiones (L*An*Al) 329*172*214 mm<br \/>\nN\u00famero de modelo 12V 100AH<br \/>\nLugar de origen Guangdong, China<br \/>\nPeso 11KG<br \/>\nNombre del producto Bater\u00eda Lifepo4 de litio hierro fosfato<br \/>\nVida \u00fatil 5000 veces<br \/>\nPeso 11KG<br \/>\nSe acepta OEM\/ODM<br \/>\nMOQ 1 unidad<br \/>\nTipo fosfato de hierro y litio<br \/>\nDisponible OEM<br \/>\nCon cargo s\u00ed<br \/>\nGarant\u00eda 5 a\u00f1os<br \/>\nTama\u00f1o 329*172*214mm<\/p>","protected":false},"excerpt":{"rendered":"<p>Bater\u00eda LiFePO4 RV 12V 100Ah, Bater\u00eda LiFePO4 RV 12V 200Ah, Bater\u00eda LiFePO4 RV 12V 50Ah, Bater\u00eda LiFePO4 RV 12V 150Ah<\/p>","protected":false},"featured_media":765,"template":"","meta":{"_gspb_post_css":""},"product_brand":[],"product_cat":[494,493,492],"product_tag":[190,193,191,192],"class_list":{"0":"post-477","1":"product","2":"type-product","3":"status-publish","4":"has-post-thumbnail","6":"product_cat-12v-lifepo4-battery","7":"product_cat-12v-rv-lifepo4-battery","8":"product_cat-rv-lifepo4-battery","9":"product_tag-12v-100ah-lifepo4-rv-battery","10":"product_tag-12v-150ah-lifepo4-rv-battery","11":"product_tag-12v-200ah-lifepo4-rv-battery","12":"product_tag-12v-50ah-lifepo4-rv-battery","14":"first","15":"instock","16":"featured","17":"shipping-taxable","18":"product-type-simple"},"_links":{"self":[{"href":"https:\/\/coresparkbattery.com\/es\/wp-json\/wp\/v2\/product\/477","targetHints":{"allow":["GET"]}}],"collection":[{"href":"https:\/\/coresparkbattery.com\/es\/wp-json\/wp\/v2\/product"}],"about":[{"href":"https:\/\/coresparkbattery.com\/es\/wp-json\/wp\/v2\/types\/product"}],"wp:featuredmedia":[{"embeddable":true,"href":"https:\/\/coresparkbattery.com\/es\/wp-json\/wp\/v2\/media\/765"}],"wp:attachment":[{"href":"https:\/\/coresparkbattery.com\/es\/wp-json\/wp\/v2\/media?parent=477"}],"wp:term":[{"taxonomy":"product_brand","embeddable":true,"href":"https:\/\/coresparkbattery.com\/es\/wp-json\/wp\/v2\/product_brand?post=477"},{"taxonomy":"product_cat","embeddable":true,"href":"https:\/\/coresparkbattery.com\/es\/wp-json\/wp\/v2\/product_cat?post=477"},{"taxonomy":"product_tag","embeddable":true,"href":"https:\/\/coresparkbattery.com\/es\/wp-json\/wp\/v2\/product_tag?post=477"}],"curies":[{"name":"wp","href":"https:\/\/api.w.org\/{rel}","templated":true}]}}