{"id":476,"date":"2026-04-28T08:15:36","date_gmt":"2026-04-28T08:15:36","guid":{"rendered":"https:\/\/coresparkbattery.com\/12v-50ah-lithium-battery-lifepo4-lithium-ion-battery-deep-cycle-fot-solar-systems-12v-solar-battery\/"},"modified":"2026-04-28T09:36:56","modified_gmt":"2026-04-28T09:36:56","slug":"12v-50ah-lithium-battery-lifepo4-lithium-ion-battery-deep-cycle-fot-solar-systems-12v-solar-battery","status":"publish","type":"product","link":"https:\/\/coresparkbattery.com\/es\/12v-50ah-lithium-battery-lifepo4-lithium-ion-battery-deep-cycle-fot-solar-systems-12v-solar-battery\/","title":{"rendered":"12V 50Ah Lithium Battery Lifepo4 Lithium Ion Battery Deep Cycle Fot Solar Systems 12v Solar Battery"},"content":{"rendered":"<p>BMS DE 50 A INTEGRADO y corte por baja temperatura<br \/>\nLa bater\u00eda de ciclo profundo tiene incorporado un BMS de 100 A para protegerla de sobrecarga, sobredescarga, sobrecorriente y cortocircuito con una excelente baja tasa de autodescarga. La desconexi\u00f3n por alta temperatura evita la carga a m\u00e1s de 75\u00b0C (167\u00b0F). Y protecci\u00f3n de corte por baja temperatura<br \/>\nevita que la bater\u00eda se da\u00f1e en entornos con bajas temperaturas.<\/p>\n<p>Tecnolog\u00eda avanzada de hierro y litio<br \/>\nBater\u00eda de litio de 50Ah fabricada con celdas LiFePO4 de grado automotriz con mayor densidad de energ\u00eda, rendimiento m\u00e1s estable y mayor potencia. Excelente rendimiento de ciclo, carga y descarga r\u00e1pidas, eficiencia de carga de hasta 100% y alta potencia de salida. Sin efecto memoria, no importa el estado de la bater\u00eda, se puede utilizar tan pronto como se carga. Soporta la expansi\u00f3n de hasta 4 en serie y 4 en paralelo y es adecuado para el almacenamiento de energ\u00eda el\u00e9ctrica.<\/p>\n<p>Longevidad y ligereza excepcionales<br \/>\nNuestras bater\u00edas de hierro-litio LiFePO4 ofrecen m\u00e1s de 5000 ciclos, frente a los 300~500 ciclos de las bater\u00edas de plomo-\u00e1cido. La vida \u00fatil de las bater\u00edas LiFePO4 es de 8 a 10 veces superior a la de las bater\u00edas de plomo-\u00e1cido est\u00e1ndar.<br \/>\ncoste de propiedad. Y el peso de la bater\u00eda de litio hierro fosfato es 30% m\u00e1s ligero que el de la bater\u00eda de plomo-\u00e1cido de la misma capacidad, por lo que puede transportarla m\u00e1s f\u00e1cilmente.<\/p>","protected":false},"excerpt":{"rendered":"<p>Bater\u00eda RV 12V sin mantenimiento, bater\u00eda RV 12V de alta capacidad, bater\u00eda RV LiFePO4 12,8V, bater\u00eda RV 12V recargable<\/p>","protected":false},"featured_media":756,"template":"","meta":{"_gspb_post_css":""},"product_brand":[],"product_cat":[494,493,492],"product_tag":[186,185,188,187],"class_list":{"0":"post-476","1":"product","2":"type-product","3":"status-publish","4":"has-post-thumbnail","6":"product_cat-12v-lifepo4-battery","7":"product_cat-12v-rv-lifepo4-battery","8":"product_cat-rv-lifepo4-battery","9":"product_tag-12v-high-capacity-rv-battery","10":"product_tag-12v-maintenance-free-rv-battery","11":"product_tag-12v-rechargeable-rv-battery","12":"product_tag-rv-lifepo4-battery-12-8v","14":"first","15":"instock","16":"featured","17":"shipping-taxable","18":"product-type-simple"},"_links":{"self":[{"href":"https:\/\/coresparkbattery.com\/es\/wp-json\/wp\/v2\/product\/476","targetHints":{"allow":["GET"]}}],"collection":[{"href":"https:\/\/coresparkbattery.com\/es\/wp-json\/wp\/v2\/product"}],"about":[{"href":"https:\/\/coresparkbattery.com\/es\/wp-json\/wp\/v2\/types\/product"}],"wp:featuredmedia":[{"embeddable":true,"href":"https:\/\/coresparkbattery.com\/es\/wp-json\/wp\/v2\/media\/756"}],"wp:attachment":[{"href":"https:\/\/coresparkbattery.com\/es\/wp-json\/wp\/v2\/media?parent=476"}],"wp:term":[{"taxonomy":"product_brand","embeddable":true,"href":"https:\/\/coresparkbattery.com\/es\/wp-json\/wp\/v2\/product_brand?post=476"},{"taxonomy":"product_cat","embeddable":true,"href":"https:\/\/coresparkbattery.com\/es\/wp-json\/wp\/v2\/product_cat?post=476"},{"taxonomy":"product_tag","embeddable":true,"href":"https:\/\/coresparkbattery.com\/es\/wp-json\/wp\/v2\/product_tag?post=476"}],"curies":[{"name":"wp","href":"https:\/\/api.w.org\/{rel}","templated":true}]}}