{"id":475,"date":"2026-04-28T08:15:36","date_gmt":"2026-04-28T08:15:36","guid":{"rendered":"https:\/\/coresparkbattery.com\/12v-30ah-lifepo4-battery-pack-deep-cycles-lifepo4-12-8v-7ah-12ah-20ah-30ah-50ah-lithium-battery\/"},"modified":"2026-04-28T09:35:25","modified_gmt":"2026-04-28T09:35:25","slug":"12v-30ah-lifepo4-battery-pack-deep-cycles-lifepo4-12-8v-7ah-12ah-20ah-30ah-50ah-lithium-battery","status":"publish","type":"product","link":"https:\/\/coresparkbattery.com\/es\/12v-30ah-lifepo4-battery-pack-deep-cycles-lifepo4-12-8v-7ah-12ah-20ah-30ah-50ah-lithium-battery\/","title":{"rendered":"12v 30ah Lifepo4 Bater\u00eda Deep Cycles Lifepo4 12.8v 7ah 12ah 20ah 30ah 50ah Bater\u00eda de Litio"},"content":{"rendered":"<p>Aplicaci\u00f3n Juguetes, Sistemas de almacenamiento de energ\u00eda solar, Sistemas de alimentaci\u00f3n ininterrumpida<br \/>\nVida \u00fatil 5000 ciclos<br \/>\nMateriales del c\u00e1todo LiFePO4<br \/>\nCantidad m\u00e1xima de carga (c\u00e9lulas) 384W<br \/>\nTemperatura de funcionamiento(\u2103) HASTA 60<br \/>\nDimensiones (largo*ancho*alto) 195*130*154 mm<br \/>\nN\u00famero de modelo 12V 30AH<br \/>\nLugar de origen Guangdong, China<br \/>\nPeso 4,2 kg<br \/>\nNombre del producto Bater\u00eda Lifepo4 12v 30ah<br \/>\nVida \u00fatil 5000 veces<br \/>\nPeso 4,2 kg<br \/>\nSe acepta OEM\/ODM<br \/>\nMOQ 2 piezas<br \/>\nTipo fosfato de hierro y litio<br \/>\nDisponible OEM<br \/>\nCon cargo s\u00ed<br \/>\nGarant\u00eda 2 a\u00f1os<br \/>\nTama\u00f1o 195x130x154mm<\/p>","protected":false},"excerpt":{"rendered":"<p>12V LiFePO4 bater\u00eda de ciclo profundo, Mejor 12V RV bater\u00eda de litio, 12V LiFePO4 RV bater\u00eda con BMS, Ligero, 12V RV bater\u00eda<\/p>","protected":false},"featured_media":756,"template":"","meta":{"_gspb_post_css":""},"product_brand":[],"product_cat":[494],"product_tag":[180,528,183,181,511],"class_list":{"0":"post-475","1":"product","2":"type-product","3":"status-publish","4":"has-post-thumbnail","6":"product_cat-12v-lifepo4-battery","7":"product_tag-12v-lifepo4-deep-cycle-battery","8":"product_tag-12v-lifepo4-rv-battery-with-bms","9":"product_tag-12v-rv-battery","10":"product_tag-best-12v-rv-lithium-battery","11":"product_tag-lightweight","13":"first","14":"instock","15":"featured","16":"shipping-taxable","17":"product-type-simple"},"_links":{"self":[{"href":"https:\/\/coresparkbattery.com\/es\/wp-json\/wp\/v2\/product\/475","targetHints":{"allow":["GET"]}}],"collection":[{"href":"https:\/\/coresparkbattery.com\/es\/wp-json\/wp\/v2\/product"}],"about":[{"href":"https:\/\/coresparkbattery.com\/es\/wp-json\/wp\/v2\/types\/product"}],"wp:featuredmedia":[{"embeddable":true,"href":"https:\/\/coresparkbattery.com\/es\/wp-json\/wp\/v2\/media\/756"}],"wp:attachment":[{"href":"https:\/\/coresparkbattery.com\/es\/wp-json\/wp\/v2\/media?parent=475"}],"wp:term":[{"taxonomy":"product_brand","embeddable":true,"href":"https:\/\/coresparkbattery.com\/es\/wp-json\/wp\/v2\/product_brand?post=475"},{"taxonomy":"product_cat","embeddable":true,"href":"https:\/\/coresparkbattery.com\/es\/wp-json\/wp\/v2\/product_cat?post=475"},{"taxonomy":"product_tag","embeddable":true,"href":"https:\/\/coresparkbattery.com\/es\/wp-json\/wp\/v2\/product_tag?post=475"}],"curies":[{"name":"wp","href":"https:\/\/api.w.org\/{rel}","templated":true}]}}