{"id":474,"date":"2026-04-28T08:15:36","date_gmt":"2026-04-28T08:15:36","guid":{"rendered":"https:\/\/coresparkbattery.com\/12-8v-20ah-lifepo4-battery-pack-12volt-7ah-12ah-20ah-30ah-50ah-lifepo4-lithium-battery\/"},"modified":"2026-04-28T09:34:34","modified_gmt":"2026-04-28T09:34:34","slug":"12-8v-20ah-lifepo4-battery-pack-12volt-7ah-12ah-20ah-30ah-50ah-lifepo4-lithium-battery","status":"publish","type":"product","link":"https:\/\/coresparkbattery.com\/es\/12-8v-20ah-lifepo4-battery-pack-12volt-7ah-12ah-20ah-30ah-50ah-lifepo4-lithium-battery\/","title":{"rendered":"12.8v 20ah Lifepo4 Bater\u00eda 12volt 7ah 12ah 20ah 30ah 50ah LiFePO4 Bater\u00eda de Litio"},"content":{"rendered":"<p>Aplicaci\u00f3n Sistemas de almacenamiento de energ\u00eda solar, sistemas de alimentaci\u00f3n ininterrumpida<br \/>\nMarca Logotipo personalizado<br \/>\nN\u00famero de modelo 12V 20AH<br \/>\nLugar de origen Guangdong, China<br \/>\nPeso 2,8 kg<br \/>\nNombre del producto Bater\u00eda Lifepo4 12v 20ah<br \/>\nVida \u00fatil 5000 veces<br \/>\nPeso 2,8 kg<br \/>\nSe acepta OEM\/ODM<br \/>\nMOQ 1 unidad<br \/>\nTipo fosfato de hierro y litio<br \/>\nDisponible OEM<br \/>\nCon cargo s\u00ed<br \/>\nGarant\u00eda 2 a\u00f1os<br \/>\nTama\u00f1o 180*77*172mm<\/p>","protected":false},"excerpt":{"rendered":"<p>12V remolque de viaje de la bater\u00eda, LiFePO4 bater\u00eda para RV solar, 12V RV bater\u00eda auxiliar, RV 12V paquete de bater\u00edas de litio<\/p>","protected":false},"featured_media":751,"template":"","meta":{"_gspb_post_css":""},"product_brand":[],"product_cat":[494,493,492],"product_tag":[178,176,177,179],"class_list":{"0":"post-474","1":"product","2":"type-product","3":"status-publish","4":"has-post-thumbnail","6":"product_cat-12v-lifepo4-battery","7":"product_cat-12v-rv-lifepo4-battery","8":"product_cat-rv-lifepo4-battery","9":"product_tag-12v-rv-auxiliary-battery","10":"product_tag-12v-travel-trailer-battery","11":"product_tag-lifepo4-battery-for-rv-solar","12":"product_tag-rv-12v-lithium-battery-pack","14":"first","15":"instock","16":"featured","17":"shipping-taxable","18":"product-type-simple"},"_links":{"self":[{"href":"https:\/\/coresparkbattery.com\/es\/wp-json\/wp\/v2\/product\/474","targetHints":{"allow":["GET"]}}],"collection":[{"href":"https:\/\/coresparkbattery.com\/es\/wp-json\/wp\/v2\/product"}],"about":[{"href":"https:\/\/coresparkbattery.com\/es\/wp-json\/wp\/v2\/types\/product"}],"wp:featuredmedia":[{"embeddable":true,"href":"https:\/\/coresparkbattery.com\/es\/wp-json\/wp\/v2\/media\/751"}],"wp:attachment":[{"href":"https:\/\/coresparkbattery.com\/es\/wp-json\/wp\/v2\/media?parent=474"}],"wp:term":[{"taxonomy":"product_brand","embeddable":true,"href":"https:\/\/coresparkbattery.com\/es\/wp-json\/wp\/v2\/product_brand?post=474"},{"taxonomy":"product_cat","embeddable":true,"href":"https:\/\/coresparkbattery.com\/es\/wp-json\/wp\/v2\/product_cat?post=474"},{"taxonomy":"product_tag","embeddable":true,"href":"https:\/\/coresparkbattery.com\/es\/wp-json\/wp\/v2\/product_tag?post=474"}],"curies":[{"name":"wp","href":"https:\/\/api.w.org\/{rel}","templated":true}]}}