{"id":473,"date":"2026-04-28T08:15:36","date_gmt":"2026-04-28T08:15:36","guid":{"rendered":"https:\/\/coresparkbattery.com\/lifepo4-12v-12ah-battery-pack-12-volt-12ah-lithium-iron-battery-deep-cycle\/"},"modified":"2026-04-28T09:33:39","modified_gmt":"2026-04-28T09:33:39","slug":"lifepo4-12v-12ah-battery-pack-12-volt-12ah-lithium-iron-battery-deep-cycle","status":"publish","type":"product","link":"https:\/\/coresparkbattery.com\/es\/lifepo4-12v-12ah-battery-pack-12-volt-12ah-lithium-iron-battery-deep-cycle\/","title":{"rendered":"Lifepo4 12v 12ah Bater\u00eda 12 Voltios 12ah Litio Hierro Bater\u00eda Ciclo Profundo"},"content":{"rendered":"<p>Aplicaci\u00f3n Juguetes, Herramientas el\u00e9ctricas, Electrodom\u00e9sticos, Electr\u00f3nica de consumo, Embarcaciones, SUBMARINOS, Bicicletas y patinetes el\u00e9ctricos, Veh\u00edculos el\u00e9ctricos, Sillas de ruedas el\u00e9ctricas, Sistemas de energ\u00eda el\u00e9ctrica, Sistemas de almacenamiento de energ\u00eda solar, Sistemas de alimentaci\u00f3n ininterrumpida, Carretillas elevadoras el\u00e9ctricas<br \/>\nMarca Logotipo personalizado<br \/>\nN\u00famero de modelo 12V 12AH<br \/>\nPeso 1,5 kg<br \/>\nNombre del producto lifepo4 bater\u00eda 12v 12ah<br \/>\nVida \u00fatil 5000 veces<br \/>\nPeso 0,9 kg<br \/>\nSe acepta OEM\/ODM<br \/>\nMOQ 1 unidad<br \/>\nTipo fosfato de hierro y litio<br \/>\nCon cargo s\u00ed<br \/>\nGarant\u00eda 5 a\u00f1os<br \/>\nTama\u00f1o 151*99*97mm<br \/>\nCaracter\u00edsticas Amplio uso de UPS<\/p>","protected":false},"excerpt":{"rendered":"<p>Bater\u00eda RV 12V marina, Bater\u00eda RV solar litio, Bater\u00eda 12V LiFePO4 para autocaravana, Bater\u00eda litio autocaravana<\/p>","protected":false},"featured_media":742,"template":"","meta":{"_gspb_post_css":""},"product_brand":[],"product_cat":[494,493,492],"product_tag":[174,172,175,173],"class_list":{"0":"post-473","1":"product","2":"type-product","3":"status-publish","4":"has-post-thumbnail","6":"product_cat-12v-lifepo4-battery","7":"product_cat-12v-rv-lifepo4-battery","8":"product_cat-rv-lifepo4-battery","9":"product_tag-12v-lifepo4-battery-for-motorhome","10":"product_tag-12v-marine-rv-battery","11":"product_tag-motorhome-lithium-battery","12":"product_tag-rv-solar-lithium-battery","14":"first","15":"instock","16":"featured","17":"shipping-taxable","18":"product-type-simple"},"_links":{"self":[{"href":"https:\/\/coresparkbattery.com\/es\/wp-json\/wp\/v2\/product\/473","targetHints":{"allow":["GET"]}}],"collection":[{"href":"https:\/\/coresparkbattery.com\/es\/wp-json\/wp\/v2\/product"}],"about":[{"href":"https:\/\/coresparkbattery.com\/es\/wp-json\/wp\/v2\/types\/product"}],"wp:featuredmedia":[{"embeddable":true,"href":"https:\/\/coresparkbattery.com\/es\/wp-json\/wp\/v2\/media\/742"}],"wp:attachment":[{"href":"https:\/\/coresparkbattery.com\/es\/wp-json\/wp\/v2\/media?parent=473"}],"wp:term":[{"taxonomy":"product_brand","embeddable":true,"href":"https:\/\/coresparkbattery.com\/es\/wp-json\/wp\/v2\/product_brand?post=473"},{"taxonomy":"product_cat","embeddable":true,"href":"https:\/\/coresparkbattery.com\/es\/wp-json\/wp\/v2\/product_cat?post=473"},{"taxonomy":"product_tag","embeddable":true,"href":"https:\/\/coresparkbattery.com\/es\/wp-json\/wp\/v2\/product_tag?post=473"}],"curies":[{"name":"wp","href":"https:\/\/api.w.org\/{rel}","templated":true}]}}